{"id":1627,"date":"2026-02-17T10:22:39","date_gmt":"2026-02-17T09:22:39","guid":{"rendered":"https:\/\/surflux.eu\/tourismus\/"},"modified":"2026-04-13T16:47:29","modified_gmt":"2026-04-13T14:47:29","slug":"tourismus","status":"publish","type":"page","link":"https:\/\/surflux.eu\/lb\/tourismus\/","title":{"rendered":"Tourismus"},"content":{"rendered":"<!--\n Title: Intro\n-->\n\n<section class=\"gc-intro\">\n    <!--\n    Title: Container\n    Mode: preview\n    SupportsJSX: true\n    Blueprint: false\n-->\n\n\n<div class=\"gc-container\">\n    <div class=\"gc-breadcrumbs\">\n    <nav aria-label=\"breadcrumbs\" class=\"rank-math-breadcrumb\"><p><span class=\"last\">Home<\/span><\/p><\/nav><\/div>\n        <h1 class=\"gc-intro__title\">\n            Tourismus  \n        <\/h1>\n                    <h2 class=\"gc-intro__subtitle h4\">\n                Fannt all d&#039;Aktivit\u00e9iten an der Regioun  \n            <\/h2>\n<\/div>\n<\/section>\n\n<p class=\"has-text-align-center\">Mir si stolz drop, Partner vum Tourismusb\u00fcro vun Arlon ze sinn.<\/p>\n\n<p class=\"has-text-align-center\">D\u00ebs Partnerschaft erlaabt eis, zesummen d\u00e9i touristesch, kulturell an evenementorient\u00e9iert Attraktiounen vun der Regioun Arel an \u00cbmg\u00e9igend ze promoten. Duerch d\u00ebs Zesummenaarbecht droe mir aktiv zur Promotioun vun der Regioun an zur lokaler wirtschaftlecher Entw\u00e9cklung b\u00e4i. <\/p>\n\n<p class=\"has-text-align-center\">\ud83d\udc49 Fir all d&#8217;Aktivit\u00e9iten, Eventer an d\u00e9i wichtegst Plazen an der Regioun ze entdecken, invit\u00e9iere mir Iech hir offiziell Webs\u00e4it ze besichen:<\/p>\n\n<div class=\"wp-block-buttons is-content-justification-center is-layout-flex wp-container-core-buttons-is-layout-a89b3969 wp-block-buttons-is-layout-flex\">\n<div class=\"wp-block-button is-style-fill\"><a class=\"wp-block-button__link has-text-align-center wp-element-button\" href=\"https:\/\/www.paysdarlon.be\/\" target=\"_blank\" rel=\"noopener\">Tourismusb\u00fcro vun Arlon<\/a><\/div>\n<\/div>\n<!--\n    Title: Content with visual\n-->\n\n\n<section class=\"gc-cwv gc-cwv--is-reversed gc-cwv--first-column gc-cwv--Gold\">\n    <!--\n    Title: Container\n    Mode: preview\n    SupportsJSX: true\n    Blueprint: false\n-->\n\n\n<div class=\"gc-container gc-container--has-margin gc-cwv__container\">\n    <div class=\"gc-cwv__first-column gc-cwv__first-column--image\">\n            <figure class=\"gc-cwv__image-wrapper\">\n            <div class=\"gc-cwv__image-inner-wrapper\">\n                <img decoding=\"async\" width=\"1024\" height=\"658\" src=\"https:\/\/cdn.surflux.eu\/wp-content\/uploads\/Publications-Facebook-janvier-2026-66-1024x658.png\" class=\"gc-cwv__image\" alt=\"\" data-no-lazy=\"\" srcset=\"https:\/\/cdn.surflux.eu\/wp-content\/uploads\/Publications-Facebook-janvier-2026-66-1024x658.png 1024w, https:\/\/cdn.surflux.eu\/wp-content\/uploads\/Publications-Facebook-janvier-2026-66-300x193.png 300w, https:\/\/cdn.surflux.eu\/wp-content\/uploads\/Publications-Facebook-janvier-2026-66-768x494.png 768w, https:\/\/cdn.surflux.eu\/wp-content\/uploads\/Publications-Facebook-janvier-2026-66.png 1400w\" sizes=\"(max-width: 1024px) 100vw, 1024px\" \/>            <\/div>\n        <\/figure>\n            <\/div>\n        <div class=\"gc-cwv__second-column gc-cwv__second-column--begeeschtert\">\n            <div class=\"gc-heading\">\n    <h2 class=\"gc-heading__title h2\">\n\t\tDesigner Outlet Messancy\n\t<\/h2>    <\/div>\n    <div class=\"gc-cwv__text\">\n        <div class=\"flex flex-col text-sm pb-25\">\n<section class=\"text-token-text-primary w-full focus:outline-none [--shadow-height:45px] has-data-writing-block:pointer-events-none has-data-writing-block:-mt-(--shadow-height) has-data-writing-block:pt-(--shadow-height) [&amp;:has([data-writing-block])&gt;*]:pointer-events-auto scroll-mt-[calc(var(--header-height)+min(200px,max(70px,20svh)))]\" dir=\"auto\" data-turn-id=\"request-WEB:47ba279c-ee2b-4fe5-857d-c96d59f8e0e0-1\" data-testid=\"conversation-turn-2\" data-scroll-anchor=\"true\" data-turn=\"assistant\">\n<div class=\"text-base my-auto mx-auto pb-10 [--thread-content-margin:var(--thread-content-margin-xs,calc(var(--spacing)*4))] @w-sm\/main:[--thread-content-margin:var(--thread-content-margin-sm,calc(var(--spacing)*6))] @w-lg\/main:[--thread-content-margin:var(--thread-content-margin-lg,calc(var(--spacing)*16))] px-(--thread-content-margin)\">\n<div class=\"[--thread-content-max-width:40rem] @w-lg\/main:[--thread-content-max-width:48rem] mx-auto max-w-(--thread-content-max-width) flex-1 group\/turn-messages focus-visible:outline-hidden relative flex w-full min-w-0 flex-col agent-turn\">\n<div class=\"flex max-w-full flex-col gap-4 grow\">\n<div class=\"min-h-8 text-message relative flex w-full flex-col items-end gap-2 text-start break-words whitespace-normal outline-none keyboard-focused:focus-ring [.text-message+&amp;]:mt-1\" dir=\"auto\" tabindex=\"0\" data-message-author-role=\"assistant\" data-message-id=\"8d18afa5-bb77-4ab8-91af-2fe32f6f007d\" data-message-model-slug=\"gpt-5-3-mini\" data-turn-start-message=\"true\">\n<div class=\"flex w-full flex-col gap-1 empty:hidden\">\n<div class=\"markdown prose dark:prose-invert w-full wrap-break-word light markdown-new-styling\">\n<p data-start=\"45\" data-end=\"644\" data-is-last-node=\"\" data-is-only-node=\"\">Zu Messancy, n\u00ebmmen e puer Schr\u00ebtt vun der l\u00ebtzebuerger Grenz ewech, ass den Designer Outlet Luxembourg eng Destinatioun, d\u00e9i ee fir Schn\u00e4ppchenjee\u00ebr onbed\u00e9ngt besiche soll. D\u00ebsen Outlet Center br\u00e9ngt vill grouss international Marken zesummen, d\u00e9i d&#8217;ganzt Joer iwwer Artikelen mat Rabatt ubidden. Vun L\u00ebtzebuerg aus liicht z&#8217;erreechen, zitt en souwuel lokal Visiteuren ew\u00e9i och Touristen un. Mat Moud, Accessoiren a speziellen Offeren ass et d\u00e9i perfekt Plaz fir e Shoppingtrip oder en Dag an der Regioun Messancy z&#8217;entdecken.   <\/p>\n<\/div>\n<\/div>\n<\/div>\n<\/div>\n<div class=\"z-0 flex min-h-[46px] justify-start\"><\/div>\n<div class=\"mt-3 w-full empty:hidden\">\n<div class=\"text-center\"><\/div>\n<\/div>\n<\/div>\n<\/div>\n<\/section>\n<\/div>\n<div class=\"pointer-events-none h-px w-px absolute bottom-0\" aria-hidden=\"true\" data-edge=\"true\"><\/div>\n\n    <\/div>\n            <div class=\"gc-cwv__buttons\">\n                            <a href=\"https:\/\/funnymountain.be\/\" class=\"gc-button gc-button--Gold\" target=\"_blank\" rel=\"noopener\">\n                    Komesche Bierg\n        \n            <\/a>\n                            <\/div>\n                <\/div>\n<\/div>\n<\/section>\n<!--\n    Title: Content with visual\n-->\n\n\n<section class=\"gc-cwv gc-cwv--first-column gc-cwv--Gold\">\n    <!--\n    Title: Container\n    Mode: preview\n    SupportsJSX: true\n    Blueprint: false\n-->\n\n\n<div class=\"gc-container gc-container--has-margin gc-cwv__container\">\n    <div class=\"gc-cwv__first-column gc-cwv__first-column--image\">\n            <figure class=\"gc-cwv__image-wrapper\">\n            <div class=\"gc-cwv__image-inner-wrapper\">\n                <img decoding=\"async\" width=\"1024\" height=\"1024\" src=\"https:\/\/cdn.surflux.eu\/wp-content\/uploads\/funny-mountain-1024x1024.jpg\" class=\"gc-cwv__image\" alt=\"\" data-no-lazy=\"\" srcset=\"https:\/\/cdn.surflux.eu\/wp-content\/uploads\/funny-mountain-1024x1024.jpg 1024w, https:\/\/cdn.surflux.eu\/wp-content\/uploads\/funny-mountain-300x300.jpg 300w, https:\/\/cdn.surflux.eu\/wp-content\/uploads\/funny-mountain-150x150.jpg 150w, https:\/\/cdn.surflux.eu\/wp-content\/uploads\/funny-mountain-768x768.jpg 768w, https:\/\/cdn.surflux.eu\/wp-content\/uploads\/funny-mountain.jpg 1200w\" sizes=\"(max-width: 1024px) 100vw, 1024px\" \/>            <\/div>\n        <\/figure>\n            <\/div>\n        <div class=\"gc-cwv__second-column gc-cwv__second-column--begeeschtert\">\n            <div class=\"gc-heading\">\n    <h2 class=\"gc-heading__title h2\">\n\t\tKomesche Bierg\n\t<\/h2>    <\/div>\n    <div class=\"gc-cwv__text\">\n        <p>Entdeckt Funny Mountain, de Fr\u00e4iz\u00e4itpark fir all Alter zu Arlon, deen een onbed\u00e9ngt besiche soll! D\u00ebse Park, deen am H\u00e4erz vun der Stad l\u00e4it, kombin\u00e9iert opblosbar Spiller, Rutschen, Trampolinen a l\u00ebschteg Aktivit\u00e9iten fir Stonne vun \u00cbnnerhalung mat Famill a Fr\u00ebnn. Perfekt fir Gebuertsdeeg, Schoulausflich oder einfach en Dag voller Spaass, verspr\u00e9cht Funny Mountain Laachen, Energie an Nervenkitzel an enger s\u00e9cherer a fr\u00ebndlecher \u00cbmg\u00e9igend. Kommt an erlieft en onvergiesslecht Abenteuer, wou Spaass a Freed garant\u00e9iert sinn!   <\/p>\n\n    <\/div>\n            <div class=\"gc-cwv__buttons\">\n                            <a href=\"https:\/\/funnymountain.be\/\" class=\"gc-button gc-button--Gold\" target=\"_blank\" rel=\"noopener\">\n                    Komesche Bierg\n        \n            <\/a>\n                            <\/div>\n                <\/div>\n<\/div>\n<\/section>\n<!--\n    Title: Content with visual\n-->\n\n\n<section class=\"gc-cwv gc-cwv--second-column gc-cwv--w\u00e4iss\">\n    <!--\n    Title: Container\n    Mode: preview\n    SupportsJSX: true\n    Blueprint: false\n-->\n\n\n<div class=\"gc-container gc-container--has-margin gc-cwv__container\">\n    <div class=\"gc-cwv__first-column gc-cwv__first-column--begeeschtert\">\n            <div class=\"gc-heading\">\n    <h2 class=\"gc-heading__title h2\">\n\t\tLuxfly\n\t<\/h2>    <\/div>\n    <div class=\"gc-cwv__text\">\n        <p>Sicht Dir no engem eenzegaartegen Erliefnes an der Regioun Arel? Luxfly bitt eng immersiv an adrenalinr\u00e4ich Aktivit\u00e9it, ideal fir Abenteuerer a fir d\u00e9i, d\u00e9i originell Entdeckungen g\u00e4r hunn. D\u00ebs Aktivit\u00e9it, d\u00e9i souwuel fir Uf\u00e4nger w\u00e9i och fir Abenteurer zoug\u00e4nglech ass, bitt en onvergiessleche Moment fir mat Fr\u00ebnn, Famill oder bei speziellen Eventer ze deelen. \u00cbnnert der Leedung vu Professionneller garant\u00e9iert Luxfly S\u00e9cherheet, Spaass an Opreegung an engem modernen an dynameschen \u00cbmfeld.   <\/p>\n\n    <\/div>\n            <div class=\"gc-cwv__buttons\">\n                            <a href=\"https:\/\/indoorskydive.lu\/en\" class=\"gc-button gc-button--Gold\" target=\"_blank\" rel=\"noopener\">\n                    Luxfly\n        \n            <\/a>\n                            <\/div>\n                <\/div>\n        <div class=\"gc-cwv__second-column gc-cwv__second-column--image\">\n            <figure class=\"gc-cwv__image-wrapper\">\n            <div class=\"gc-cwv__image-inner-wrapper\">\n                <img decoding=\"async\" width=\"1024\" height=\"535\" src=\"https:\/\/cdn.surflux.eu\/wp-content\/uploads\/Yb3lExOUOL9CBZk2IwrRQUUvVuxUtn4dmEKYZdPf-1024x535.jpg\" class=\"gc-cwv__image\" alt=\"\" data-no-lazy=\"\" srcset=\"https:\/\/cdn.surflux.eu\/wp-content\/uploads\/Yb3lExOUOL9CBZk2IwrRQUUvVuxUtn4dmEKYZdPf-1024x535.jpg 1024w, https:\/\/cdn.surflux.eu\/wp-content\/uploads\/Yb3lExOUOL9CBZk2IwrRQUUvVuxUtn4dmEKYZdPf-300x157.jpg 300w, https:\/\/cdn.surflux.eu\/wp-content\/uploads\/Yb3lExOUOL9CBZk2IwrRQUUvVuxUtn4dmEKYZdPf-768x401.jpg 768w, https:\/\/cdn.surflux.eu\/wp-content\/uploads\/Yb3lExOUOL9CBZk2IwrRQUUvVuxUtn4dmEKYZdPf.jpg 1200w\" sizes=\"(max-width: 1024px) 100vw, 1024px\" \/>            <\/div>\n        <\/figure>\n            <\/div>\n<\/div>\n<\/section>\n<!--\n    Title: Content with visual\n-->\n\n\n<section class=\"gc-cwv gc-cwv--first-column gc-cwv--Gold\">\n    <!--\n    Title: Container\n    Mode: preview\n    SupportsJSX: true\n    Blueprint: false\n-->\n\n\n<div class=\"gc-container gc-container--has-margin gc-cwv__container\">\n    <div class=\"gc-cwv__first-column gc-cwv__first-column--image\">\n            <figure class=\"gc-cwv__image-wrapper\">\n            <div class=\"gc-cwv__image-inner-wrapper\">\n                <img decoding=\"async\" width=\"1024\" height=\"683\" src=\"https:\/\/cdn.surflux.eu\/wp-content\/uploads\/4048-1024x683.webp\" class=\"gc-cwv__image\" alt=\"\" data-no-lazy=\"\" srcset=\"https:\/\/cdn.surflux.eu\/wp-content\/uploads\/4048-1024x683.webp 1024w, https:\/\/cdn.surflux.eu\/wp-content\/uploads\/4048-300x200.webp 300w, https:\/\/cdn.surflux.eu\/wp-content\/uploads\/4048-768x512.webp 768w, https:\/\/cdn.surflux.eu\/wp-content\/uploads\/4048-1536x1024.webp 1536w, https:\/\/cdn.surflux.eu\/wp-content\/uploads\/4048-2048x1365.webp 2048w\" sizes=\"(max-width: 1024px) 100vw, 1024px\" \/>            <\/div>\n        <\/figure>\n            <\/div>\n        <div class=\"gc-cwv__second-column gc-cwv__second-column--begeeschtert\">\n            <div class=\"gc-heading\">\n    <h2 class=\"gc-heading__title h2\">\n\t\tS&#039;pace\n\t<\/h2>    <\/div>\n    <div class=\"gc-cwv__text\">\n        <p>Space Arlon, e modernen Fr\u00e4iz\u00e4itzentrum zu Arlon, deen dem Spaass an dem Deelen verschriwwen ass. Egal ob mat Fr\u00ebnn, Famill oder fir e Gruppenausfluch, de Centre bitt fr\u00ebndlech Aktivit\u00e9iten an enger dynamescher an agreabeler Atmosph\u00e4r. Ideal fir en eenzegaartegen Owend, eng Gebuertsdagsfeier oder eng entspannend Paus no engem Dag Sightseeing, ass Space Arlon zu enger onbed\u00e9ngt n\u00e9ideger Destinatioun fir \u00cbnnerhalung an der Regioun ginn.  <\/p>\n\n    <\/div>\n            <div class=\"gc-cwv__buttons\">\n                            <a href=\"https:\/\/space-arlon.be\/\" class=\"gc-button gc-button--Gold\" target=\"_blank\" rel=\"noopener\">\n                    S&#039;pace\n        \n            <\/a>\n                            <\/div>\n                <\/div>\n<\/div>\n<\/section>\n<!--\n    Title: Content with visual\n-->\n\n\n<section class=\"gc-cwv gc-cwv--second-column gc-cwv--w\u00e4iss\">\n    <!--\n    Title: Container\n    Mode: preview\n    SupportsJSX: true\n    Blueprint: false\n-->\n\n\n<div class=\"gc-container gc-container--has-margin gc-cwv__container\">\n    <div class=\"gc-cwv__first-column gc-cwv__first-column--begeeschtert\">\n            <div class=\"gc-heading\">\n    <h2 class=\"gc-heading__title h2\">\n\t\t\n\t<\/h2>    <\/div>\n    <div class=\"gc-cwv__text\">\n        <p>No beim Zentrum vun Arel l\u00e4it den Areler Golf Club a bitt eng gr\u00e9ng a roueg \u00cbmg\u00e9igend, ideal fir Golfbegeeschtert a fir d\u00e9i, d\u00e9i sech an der Natur entspanen loossen. S\u00e4in akribisch gepfleegte Golfplatz zitt souwuel erfuerene Spiller w\u00e9i och Uf\u00e4nger un, d\u00e9i d\u00ebse elegante a pr\u00e4zise Sport entdecken w\u00ebllen. Mat senge modernen Ariichtungen an enger fr\u00ebndlecher Atmosph\u00e4r ass den Areler Golf Club eng onbed\u00e9ngt Destinatioun, fir Sport, Entspanung an d&#8217;Erfuerschung vun der Regioun ze kombin\u00e9ieren.  <\/p>\n\n    <\/div>\n            <div class=\"gc-cwv__buttons\">\n                            <a href=\"https:\/\/boisdarlon.be\/en\/?msclkid=0376639dd25510e9a6c70a09fe4704d7&amp;utm_source=bing&amp;utm_medium=cpc&amp;utm_campaign=Branding%20Bois%20d%27Arlon%20EN%20-%20Bing&amp;utm_term=hotel%20golf%20bois%20d%20arlon&amp;utm_content=Branding%20Bois%20d%27Arlon\" class=\"gc-button gc-button--Gold\" target=\"_blank\" rel=\"noopener\">\n                    Golfplatz Arlon  \n        \n            <\/a>\n                            <\/div>\n                <\/div>\n        <div class=\"gc-cwv__second-column gc-cwv__second-column--image\">\n            <figure class=\"gc-cwv__image-wrapper\">\n            <div class=\"gc-cwv__image-inner-wrapper\">\n                <img decoding=\"async\" width=\"392\" height=\"220\" src=\"https:\/\/cdn.surflux.eu\/wp-content\/uploads\/OIP-4.jpg\" class=\"gc-cwv__image\" alt=\"\" data-no-lazy=\"\" srcset=\"https:\/\/cdn.surflux.eu\/wp-content\/uploads\/OIP-4.jpg 392w, https:\/\/cdn.surflux.eu\/wp-content\/uploads\/OIP-4-300x168.jpg 300w\" sizes=\"(max-width: 392px) 100vw, 392px\" \/>            <\/div>\n        <\/figure>\n            <\/div>\n<\/div>\n<\/section>\n<!--\n    Title: Content with visual\n-->\n\n\n<section class=\"gc-cwv gc-cwv--first-column gc-cwv--Gold\">\n    <!--\n    Title: Container\n    Mode: preview\n    SupportsJSX: true\n    Blueprint: false\n-->\n\n\n<div class=\"gc-container gc-container--has-margin gc-cwv__container\">\n    <div class=\"gc-cwv__first-column gc-cwv__first-column--image\">\n            <figure class=\"gc-cwv__image-wrapper\">\n            <div class=\"gc-cwv__image-inner-wrapper\">\n                <img decoding=\"async\" width=\"1000\" height=\"800\" src=\"https:\/\/cdn.surflux.eu\/wp-content\/uploads\/yoyo-arlon-indoor-playground.jpg\" class=\"gc-cwv__image\" alt=\"\" data-no-lazy=\"\" srcset=\"https:\/\/cdn.surflux.eu\/wp-content\/uploads\/yoyo-arlon-indoor-playground.jpg 1000w, https:\/\/cdn.surflux.eu\/wp-content\/uploads\/yoyo-arlon-indoor-playground-300x240.jpg 300w, https:\/\/cdn.surflux.eu\/wp-content\/uploads\/yoyo-arlon-indoor-playground-768x614.jpg 768w\" sizes=\"(max-width: 1000px) 100vw, 1000px\" \/>            <\/div>\n        <\/figure>\n            <\/div>\n        <div class=\"gc-cwv__second-column gc-cwv__second-column--begeeschtert\">\n            <div class=\"gc-heading\">\n    <h2 class=\"gc-heading__title h2\">\n\t\tYoyo Arlon\n\t<\/h2>    <\/div>\n    <div class=\"gc-cwv__text\">\n        <p>Yoyo zu Arel ass e Must-See fir eng l\u00ebschteg Z\u00e4it mat Fr\u00ebnn oder Famill. An enger lieweger an agreabler Atmosph\u00e4r bitt d&#8217;Etablissement en ideale Raum fir Spaass ze hunn, sech er\u00ebm ze verbannen an en eenzegaartegen Ausfluch an der Regioun ze gen\u00e9issen. Egal ob fir en l\u00ebschtegen Owend, en speziellen Event oder einfach eng entspannend Paus, Yoyo dr\u00e9it zu den diversen an attraktiven Fr\u00e4iz\u00e4itofferen vun Arel b\u00e4i.  <\/p>\n\n    <\/div>\n            <div class=\"gc-cwv__buttons\">\n                            <a href=\"https:\/\/yoyo-arlon.be\/\" class=\"gc-button gc-button--Gold\" target=\"_blank\" rel=\"noopener\">\n                    Jo-Jo  \n        \n            <\/a>\n                            <\/div>\n                <\/div>\n<\/div>\n<\/section>\n<!--\n    Title: Content with visual\n-->\n\n\n<section class=\"gc-cwv gc-cwv--second-column gc-cwv--w\u00e4iss\">\n    <!--\n    Title: Container\n    Mode: preview\n    SupportsJSX: true\n    Blueprint: false\n-->\n\n\n<div class=\"gc-container gc-container--has-margin gc-cwv__container\">\n    <div class=\"gc-cwv__first-column gc-cwv__first-column--begeeschtert\">\n            <div class=\"gc-heading\">\n    <h2 class=\"gc-heading__title h2\">\n\t\tLexy Karting\n\t<\/h2>    <\/div>\n    <div class=\"gc-cwv__text\">\n        <p>Just e puer Minutte vun Arel ewech ass d&#8217;Kartingpist vu Longwy d\u00e9i perfekt Plaz fir spannend Saachen a S\u00e9cherheet ze erliewen. Op enger technescher an dynamescher Pist k\u00ebnnen Uf\u00e4nger a erfuerene Piloten hir F\u00e4egkeeten a Geschwindegkeet an enger fr\u00ebndlecher a kompetitiver Atmosph\u00e4r testen. Ideal fir en Dag mat Fr\u00ebnn, eng Gebuertsdagsfeier oder e Teambuilding, verspr\u00e9cht d&#8217;Kartingpist vu Longwy Adrenalin, Spaass an eng Erausfuerderung direkt virun der Dier vun der Regioun.  <\/p>\n\n    <\/div>\n            <div class=\"gc-cwv__buttons\">\n                            <a href=\"https:\/\/ntkart.com\/\" class=\"gc-button gc-button--Gold\" target=\"_blank\" rel=\"noopener\">\n                    Lexy Karting  \n        \n            <\/a>\n                            <\/div>\n                <\/div>\n        <div class=\"gc-cwv__second-column gc-cwv__second-column--image\">\n            <figure class=\"gc-cwv__image-wrapper\">\n            <div class=\"gc-cwv__image-inner-wrapper\">\n                <img decoding=\"async\" width=\"960\" height=\"717\" src=\"https:\/\/cdn.surflux.eu\/wp-content\/uploads\/Kart-track-NT-Kart-Lexy-Lexy-France-1.avif\" class=\"gc-cwv__image\" alt=\"\" data-no-lazy=\"\" \/>            <\/div>\n        <\/figure>\n            <\/div>\n<\/div>\n<\/section>\n<!--\n    Title: Content with visual\n-->\n\n\n<section class=\"gc-cwv gc-cwv--first-column gc-cwv--Gold\">\n    <!--\n    Title: Container\n    Mode: preview\n    SupportsJSX: true\n    Blueprint: false\n-->\n\n\n<div class=\"gc-container gc-container--has-margin gc-cwv__container\">\n    <div class=\"gc-cwv__first-column gc-cwv__first-column--image\">\n            <figure class=\"gc-cwv__image-wrapper\">\n            <div class=\"gc-cwv__image-inner-wrapper\">\n                <img decoding=\"async\" width=\"600\" height=\"600\" src=\"https:\/\/cdn.surflux.eu\/wp-content\/uploads\/escape-room-logo-1.jpg\" class=\"gc-cwv__image\" alt=\"\" data-no-lazy=\"\" srcset=\"https:\/\/cdn.surflux.eu\/wp-content\/uploads\/escape-room-logo-1.jpg 600w, https:\/\/cdn.surflux.eu\/wp-content\/uploads\/escape-room-logo-1-300x300.jpg 300w, https:\/\/cdn.surflux.eu\/wp-content\/uploads\/escape-room-logo-1-150x150.jpg 150w\" sizes=\"(max-width: 600px) 100vw, 600px\" \/>            <\/div>\n        <\/figure>\n            <\/div>\n        <div class=\"gc-cwv__second-column gc-cwv__second-column--begeeschtert\">\n            <div class=\"gc-heading\">\n    <h2 class=\"gc-heading__title h2\">\n\t\tAgespaart\n\t<\/h2>    <\/div>\n    <div class=\"gc-cwv__text\">\n        <p>Locked Up, zu Arlon, taucht Iech an en Abenteuer an, wou Logik, Teamwork a Rou \u00c4r gr\u00e9issten Aktivpunkte sinn. Prob\u00e9iert mat Famill, Fr\u00ebnn oder Kollegen, R\u00e4tselen ze l\u00e9isen an d&#8217;Geheimnisser vun enger spannender Handlung ze entdecken, ier d&#8217;Z\u00e4it ausleeft. All Missioun bitt eng eenzegaarteg Erfahrung, d\u00e9i Spannung, Probleml\u00e9isung a Spaass verm\u00ebscht. Eng onbed\u00e9ngt Aktivit\u00e9it fir eng intensiv an originell Erfahrung an der Regioun.   <\/p>\n\n    <\/div>\n            <div class=\"gc-cwv__buttons\">\n                            <a href=\"https:\/\/www.locked-up.be\/\" class=\"gc-button gc-button--Gold\" target=\"_blank\" rel=\"noopener\">\n                    Agespaart  \n        \n            <\/a>\n                            <\/div>\n                <\/div>\n<\/div>\n<\/section>\n<!--\n    Title: Content with visual\n-->\n\n\n<section class=\"gc-cwv gc-cwv--second-column gc-cwv--w\u00e4iss\">\n    <!--\n    Title: Container\n    Mode: preview\n    SupportsJSX: true\n    Blueprint: false\n-->\n\n\n<div class=\"gc-container gc-container--has-margin gc-cwv__container\">\n    <div class=\"gc-cwv__first-column gc-cwv__first-column--begeeschtert\">\n            <div class=\"gc-heading\">\n    <h2 class=\"gc-heading__title h2\">\n\t\tKojump\n\t<\/h2>    <\/div>\n    <div class=\"gc-cwv__text\">\n        <p>De KOJUMP Arlon-Messancy l\u00e4it zu Messancy, bei Arel, a ass d\u00e9i perfekt Plaz fir nei Energie ze tanken an d&#8217;St\u00ebmmung ze verbesseren. D\u00ebse modernen Trampolinpark bitt verschidde Sprangber\u00e4icher a l\u00ebschteg Aktivit\u00e9iten, d\u00e9i fir Kanner, Jugendlecher an Erwuessener g\u00ebeegent sinn. Egal ob et fir en Ausfluch mat der Famill, eng Gebuertsdagsfeier oder e sportlecht Zesummekommen mat Fr\u00ebnn ass, KOJUMP garant\u00e9iert Spaass, Erausfuerderungen an Nervenkitzel an enger s\u00e9cherer an dynamescher \u00cbmg\u00e9igend.  <\/p>\n\n    <\/div>\n            <div class=\"gc-cwv__buttons\">\n                            <a href=\"https:\/\/kojump.com\/messancy\/\" class=\"gc-button gc-button--Gold\" target=\"_blank\" rel=\"noopener\">\n                    Kojump\n        \n            <\/a>\n                            <\/div>\n                <\/div>\n        <div class=\"gc-cwv__second-column gc-cwv__second-column--image\">\n            <figure class=\"gc-cwv__image-wrapper\">\n            <div class=\"gc-cwv__image-inner-wrapper\">\n                <img decoding=\"async\" width=\"1024\" height=\"767\" src=\"https:\/\/cdn.surflux.eu\/wp-content\/uploads\/291663494_1027025211317085_7896296040057646316_n-1024x767.jpg\" class=\"gc-cwv__image\" alt=\"\" data-no-lazy=\"\" srcset=\"https:\/\/cdn.surflux.eu\/wp-content\/uploads\/291663494_1027025211317085_7896296040057646316_n-1024x767.jpg 1024w, https:\/\/cdn.surflux.eu\/wp-content\/uploads\/291663494_1027025211317085_7896296040057646316_n-300x225.jpg 300w, https:\/\/cdn.surflux.eu\/wp-content\/uploads\/291663494_1027025211317085_7896296040057646316_n-768x575.jpg 768w, https:\/\/cdn.surflux.eu\/wp-content\/uploads\/291663494_1027025211317085_7896296040057646316_n.jpg 1170w\" sizes=\"(max-width: 1024px) 100vw, 1024px\" \/>            <\/div>\n        <\/figure>\n            <\/div>\n<\/div>\n<\/section>\n<!--\n    Title: Mask Image\n-->\n\n<section class=\"gc-mask-image gc-mask-image--Krees\">\n    <!--\n    Title: Container\n    Mode: preview\n    SupportsJSX: true\n    Blueprint: false\n-->\n\n\n<div class=\"gc-container  gc-mask-image__container\">\n    <div class=\"gc-mask-image__left\">\n            <h2 class=\"gc-mask-image__title\"> Besicht Wallonien  \n<\/h2>\n            <div class=\"gc-mask-image__description\"><p>Mir invit\u00e9ieren Iech, d&#8217;S\u00e4it &#8220;Visit Wallonia&#8221; ze besichen, fir all d&#8217;Aktivit\u00e9iten an der \u00cbmg\u00e9igend ze entdecken.<\/p>\n<\/div>\n            <a href=\"https:\/\/visitwallonia.com\/\" class=\"gc-button  gc-mask-image__button\" target=\"_blank\" rel=\"noopener\">\n                    Besicht Wallonien  \n        \n            <\/a>\n                <\/div>\n        <img decoding=\"async\" width=\"440\" height=\"220\" src=\"https:\/\/cdn.surflux.eu\/wp-content\/uploads\/visit.jpg\" class=\"gc-mask-image__image\" alt=\"\" srcset=\"https:\/\/cdn.surflux.eu\/wp-content\/uploads\/visit.jpg 440w, https:\/\/cdn.surflux.eu\/wp-content\/uploads\/visit-300x150.jpg 300w\" sizes=\"(max-width: 440px) 100vw, 440px\" \/>\n<\/div>\n<\/section>\n\n<p><\/p>\n","protected":false},"excerpt":{"rendered":"<p>Mir si stolz drop, Partner vum Tourismusb\u00fcro vun Arlon ze sinn. D\u00ebs Partnerschaft erlaabt eis, zesummen d\u00e9i touristesch, kulturell an evenementorient\u00e9iert Attraktiounen vun der Regioun Arel an \u00cbmg\u00e9igend ze promoten. Duerch d\u00ebs Zesummenaarbecht droe mir aktiv zur Promotioun vun der Regioun an zur lokaler wirtschaftlecher Entw\u00e9cklung b\u00e4i. \ud83d\udc49 Fir all d&#8217;Aktivit\u00e9iten, Eventer an d\u00e9i wichtegst [&hellip;]<\/p>\n","protected":false},"author":2,"featured_media":0,"parent":0,"menu_order":0,"comment_status":"closed","ping_status":"closed","template":"","meta":{"_acf_changed":false,"inline_featured_image":false,"footnotes":""},"class_list":["post-1627","page","type-page","status-publish","hentry"],"acf":[],"_links":{"self":[{"href":"https:\/\/surflux.eu\/lb\/wp-json\/wp\/v2\/pages\/1627","targetHints":{"allow":["GET"]}}],"collection":[{"href":"https:\/\/surflux.eu\/lb\/wp-json\/wp\/v2\/pages"}],"about":[{"href":"https:\/\/surflux.eu\/lb\/wp-json\/wp\/v2\/types\/page"}],"author":[{"embeddable":true,"href":"https:\/\/surflux.eu\/lb\/wp-json\/wp\/v2\/users\/2"}],"replies":[{"embeddable":true,"href":"https:\/\/surflux.eu\/lb\/wp-json\/wp\/v2\/comments?post=1627"}],"version-history":[{"count":1,"href":"https:\/\/surflux.eu\/lb\/wp-json\/wp\/v2\/pages\/1627\/revisions"}],"predecessor-version":[{"id":1645,"href":"https:\/\/surflux.eu\/lb\/wp-json\/wp\/v2\/pages\/1627\/revisions\/1645"}],"wp:attachment":[{"href":"https:\/\/surflux.eu\/lb\/wp-json\/wp\/v2\/media?parent=1627"}],"curies":[{"name":"wp","href":"https:\/\/api.w.org\/{rel}","templated":true}]}}