{"id":1194,"date":"2026-01-15T14:07:07","date_gmt":"2026-01-15T13:07:07","guid":{"rendered":"https:\/\/surflux.eu\/gruppentariffer\/"},"modified":"2026-04-14T12:40:54","modified_gmt":"2026-04-14T10:40:54","slug":"gruppentariffer","status":"publish","type":"page","link":"https:\/\/surflux.eu\/lb\/gruppentariffer\/","title":{"rendered":"Gruppentariffer"},"content":{"rendered":"<!--\n    Title: Hero\n-->\n\n\n<section class=\"gc-hero gc-hero--standard\">\n    <!--\n    Title: Container\n    Mode: preview\n    SupportsJSX: true\n    Blueprint: false\n-->\n\n\n<div class=\"gc-container  gc-hero__container\">\n    <div class=\"gc-hero__wrapper\">\n                            <div class=\"gc-breadcrumbs gc-hero__breadcrumbs\">\n    <nav aria-label=\"breadcrumbs\" class=\"rank-math-breadcrumb\"><p><span class=\"last\">Home<\/span><\/p><\/nav><\/div>\n                        <h1 class=\"gc-hero__title\">\n                Gruppentariffer  \n            <\/h1>\n            <h2 class=\"gc-hero__subtitle h4\">\n                W\u00ebllt Dir e Firmenevenement organis\u00e9ieren?\n            <\/h2>\n            <div class=\"gc-hero__content\">\n                <p data-start=\"201\" data-end=\"363\">Kombin\u00e9iert Leeschtung a Freed andeems Dir \u00c4ren \u00c9quipen e Moment vun Entspanung an Dynamik an engem eenzegaartegen \u00cbmfeld bitt, deen d&#8217;Kreativit\u00e9it an den Zesummenhalt f\u00f6rdert.<\/p>\n<p data-start=\"370\" data-end=\"516\">Seminar, Teambuilding oder Produktlancering: Surf Luxembourg verwandelt all Event an eng immersiv an onvergiesslech Erfahrung.<\/p>\n<p data-start=\"523\" data-end=\"623\">Eis \u00c9quipen h\u00ebllefen Iech dob\u00e4i, en op Mooss gemaachten, onvergiesslechen an vereenegenden Event ze kre\u00e9ieren.<\/p>\n\n            <\/div>\n                    <\/div>\n                    <div class=\"gc-hero__image-wrapper\">\n                <img fetchpriority=\"high\" width=\"1024\" height=\"658\" src=\"https:\/\/cdn.surflux.eu\/wp-content\/uploads\/Surf-Luxembourg-Facebook-janvier-2026-28-1024x658.png\" class=\"gc-hero__image\" alt=\"\" loading=\"eager\" decoding=\"sync\" srcset=\"https:\/\/cdn.surflux.eu\/wp-content\/uploads\/Surf-Luxembourg-Facebook-janvier-2026-28-1024x658.png 1024w, https:\/\/cdn.surflux.eu\/wp-content\/uploads\/Surf-Luxembourg-Facebook-janvier-2026-28-300x193.png 300w, https:\/\/cdn.surflux.eu\/wp-content\/uploads\/Surf-Luxembourg-Facebook-janvier-2026-28-768x494.png 768w, https:\/\/cdn.surflux.eu\/wp-content\/uploads\/Surf-Luxembourg-Facebook-janvier-2026-28.png 1400w\" sizes=\"(max-width: 1024px) 100vw, 1024px\" \/>            <\/div>\n<\/div>\n<\/section>\n\n\n<!--\n    Title: Content with visual\n-->\n\n\n<section class=\"gc-cwv gc-cwv--first-column gc-cwv--w\u00e4iss\">\n    <!--\n    Title: Container\n    Mode: preview\n    SupportsJSX: true\n    Blueprint: false\n-->\n\n\n<div class=\"gc-container gc-container--has-margin gc-cwv__container\">\n    <div class=\"gc-cwv__first-column gc-cwv__first-column--image\">\n            <figure class=\"gc-cwv__image-wrapper\">\n            <div class=\"gc-cwv__image-inner-wrapper\">\n                <img decoding=\"async\" width=\"940\" height=\"788\" src=\"https:\/\/cdn.surflux.eu\/wp-content\/uploads\/Design-sans-titre-2.svg\" class=\"gc-cwv__image\" alt=\"\" data-no-lazy=\"\" \/>            <\/div>\n        <\/figure>\n            <\/div>\n        <div class=\"gc-cwv__second-column gc-cwv__second-column--begeeschtert\">\n            <div class=\"gc-heading\">\n    <h2 class=\"gc-heading__title h2\">\n\t\tPERSONALIS\u00c9IERT PAKETEN\n\t<\/h2>            <div class=\"gc-heading__subtitle h4\">\n            Offeren op Mooss, ugepasst un all Event.\n        <\/div>\n    <\/div>\n    <div class=\"gc-cwv__text\">\n        <p>Voll personalis\u00e9iert Packagen, d\u00e9i fir all Zort Event, \u00c4r W\u00ebnsch an \u00c4r Ziler entworf sinn. Dank eisem grousse a gemittleche Loungeber\u00e4ich an eisem Self-Service Restaurant k\u00ebnnt Dir \u00c4r Erfahrung an engem gemittlechen an invit\u00e9ierenden \u00cbmfeld verl\u00e4ngeren. Egal ob Dir Iech fir en Dr\u00e9nken, e gemeinsamt Iessen oder einfach an enger entspaanter Atmosph\u00e4r w\u00ebllt treffen, alles ass entworf fir \u00c4re Besuch zu enger kompletter, agreabeler an onvergiesslecher Erfahrung ze maachen, souwuel virun w\u00e9i och no \u00c4rer Surfsessioun.  <\/p>\n\n    <\/div>\n            <div class=\"gc-cwv__buttons\">\n                            <a\n        href=\"https:\/\/surflux.eu\/kontakt\/?lang=lb\" class=\"gc-button gc-button--Gold\">\n                    Kontakt\u00e9iert eis\n        \n            <\/a>\n                            <\/div>\n                <\/div>\n<\/div>\n<\/section>\n\n\n<!--\n    Title: Content with visual\n-->\n\n\n<section class=\"gc-cwv gc-cwv--first-column gc-cwv--second-column gc-cwv--white\">\n    <!--\n    Title: Container\n    Mode: preview\n    SupportsJSX: true\n    Blueprint: false\n-->\n\n\n<div class=\"gc-container gc-container--has-margin gc-cwv__container\">\n    <div class=\"gc-cwv__first-column gc-cwv__first-column--image\">\n            <figure class=\"gc-cwv__video-container\">\n                    <\/figure>\n            <\/div>\n        <div class=\"gc-cwv__second-column gc-cwv__second-column--gallery\">\n            <div class=\"gc-cwv__gallery\">\n                                                <img decoding=\"async\" width=\"819\" height=\"1024\" src=\"https:\/\/cdn.surflux.eu\/wp-content\/uploads\/Publication-Instagram-janvier-2026-66-819x1024.png\" class=\"gc-cwv__image\" alt=\"\" data-no-lazy=\"\" srcset=\"https:\/\/cdn.surflux.eu\/wp-content\/uploads\/Publication-Instagram-janvier-2026-66-819x1024.png 819w, https:\/\/cdn.surflux.eu\/wp-content\/uploads\/Publication-Instagram-janvier-2026-66-240x300.png 240w, https:\/\/cdn.surflux.eu\/wp-content\/uploads\/Publication-Instagram-janvier-2026-66-768x960.png 768w, https:\/\/cdn.surflux.eu\/wp-content\/uploads\/Publication-Instagram-janvier-2026-66.png 1080w\" sizes=\"(max-width: 819px) 100vw, 819px\" \/>                                                                                                <div class=\"gc-cwv__gallery-grid\">\n                                                                                                <img decoding=\"async\" width=\"819\" height=\"1024\" src=\"https:\/\/cdn.surflux.eu\/wp-content\/uploads\/Publication-Instagram-janvier-2026-56-819x1024.png\" class=\"gc-cwv__image\" alt=\"\" data-no-lazy=\"\" srcset=\"https:\/\/cdn.surflux.eu\/wp-content\/uploads\/Publication-Instagram-janvier-2026-56-819x1024.png 819w, https:\/\/cdn.surflux.eu\/wp-content\/uploads\/Publication-Instagram-janvier-2026-56-240x300.png 240w, https:\/\/cdn.surflux.eu\/wp-content\/uploads\/Publication-Instagram-janvier-2026-56-768x960.png 768w, https:\/\/cdn.surflux.eu\/wp-content\/uploads\/Publication-Instagram-janvier-2026-56.png 1080w\" sizes=\"(max-width: 819px) 100vw, 819px\" \/>                                                                                <img decoding=\"async\" width=\"819\" height=\"1024\" src=\"https:\/\/cdn.surflux.eu\/wp-content\/uploads\/Surf-Luxembourg-instagram-janvier-34-819x1024.png\" class=\"gc-cwv__image\" alt=\"\" data-no-lazy=\"\" srcset=\"https:\/\/cdn.surflux.eu\/wp-content\/uploads\/Surf-Luxembourg-instagram-janvier-34-819x1024.png 819w, https:\/\/cdn.surflux.eu\/wp-content\/uploads\/Surf-Luxembourg-instagram-janvier-34-240x300.png 240w, https:\/\/cdn.surflux.eu\/wp-content\/uploads\/Surf-Luxembourg-instagram-janvier-34-768x960.png 768w, https:\/\/cdn.surflux.eu\/wp-content\/uploads\/Surf-Luxembourg-instagram-janvier-34.png 1080w\" sizes=\"(max-width: 819px) 100vw, 819px\" \/>                                                <\/div>\n        <\/div>\n            <\/div>\n<\/div>\n<\/section>\n\n\n<!--\n    Title: Content with visual\n-->\n\n\n<section class=\"gc-cwv gc-cwv--is-reversed gc-cwv--image-cover gc-cwv--image-cover-right gc-cwv--w\u00e4iss\">\n    <!--\n    Title: Container\n    Mode: preview\n    SupportsJSX: true\n    Blueprint: false\n-->\n\n\n<div class=\"gc-container gc-container--has-margin gc-cwv__container\">\n    <div class=\"gc-cwv__first-column gc-cwv__first-column--image\">\n            <figure class=\"gc-cwv__image-wrapper\">\n            <div class=\"gc-cwv__image-inner-wrapper\">\n                <img decoding=\"async\" width=\"940\" height=\"788\" src=\"https:\/\/cdn.surflux.eu\/wp-content\/uploads\/Facebook_Content-Calendar-SurfLux-4.png\" class=\"gc-cwv__image\" alt=\"\" data-no-lazy=\"\" srcset=\"https:\/\/cdn.surflux.eu\/wp-content\/uploads\/Facebook_Content-Calendar-SurfLux-4.png 940w, https:\/\/cdn.surflux.eu\/wp-content\/uploads\/Facebook_Content-Calendar-SurfLux-4-300x251.png 300w, https:\/\/cdn.surflux.eu\/wp-content\/uploads\/Facebook_Content-Calendar-SurfLux-4-768x644.png 768w\" sizes=\"(max-width: 940px) 100vw, 940px\" \/>            <\/div>\n        <\/figure>\n            <\/div>\n        <div class=\"gc-cwv__second-column gc-cwv__second-column--begeeschtert\">\n            <div class=\"gc-heading\">\n    <h2 class=\"gc-heading__title h2\">\n\t\tHotel &amp; Ariichtungen\n\t<\/h2>            <div class=\"gc-heading__subtitle h4\">\n            Huelt Iech Z\u00e4it, verbr\u00e9ngt e b\u00ebssen Z\u00e4it hei.\n        <\/div>\n    <\/div>\n    <div class=\"gc-cwv__text\">\n        <p>Verl\u00e4ngert \u00c4ert Surferlebnis andeems Dir am Van der Valk Luxembourg Arlon wunnt, deen direkt niewendrun l\u00e4it.<\/p>\n<p>Gen\u00e9isst Komfort vun h\u00e9chster Qualit\u00e9it, e modernen Restaurant a relax\u00e9iert am Wellnessber\u00e4ich no \u00c4rer Sessioun. Huelt Iech Z\u00e4it, verbr\u00e9ngt d&#8217;Nuecht a verwandelt \u00c4ren Surfdag an eng richteg Flucht! <\/p>\n\n    <\/div>\n            <div class=\"gc-cwv__buttons\">\n                            <a\n        href=\"https:\/\/surflux.eu\/hotel-ariichtungen\/?lang=lb\" class=\"gc-button gc-button--schwaarz\">\n                    Hotel &amp; Ariichtungen\n        \n            <\/a>\n                            <\/div>\n                <\/div>\n<\/div>\n<\/section>\n\n\n\n<p><\/p>\n","protected":false},"excerpt":{"rendered":"","protected":false},"author":1,"featured_media":0,"parent":0,"menu_order":0,"comment_status":"closed","ping_status":"closed","template":"","meta":{"_acf_changed":false,"inline_featured_image":false,"footnotes":""},"class_list":["post-1194","page","type-page","status-publish","hentry"],"acf":[],"_links":{"self":[{"href":"https:\/\/surflux.eu\/lb\/wp-json\/wp\/v2\/pages\/1194","targetHints":{"allow":["GET"]}}],"collection":[{"href":"https:\/\/surflux.eu\/lb\/wp-json\/wp\/v2\/pages"}],"about":[{"href":"https:\/\/surflux.eu\/lb\/wp-json\/wp\/v2\/types\/page"}],"author":[{"embeddable":true,"href":"https:\/\/surflux.eu\/lb\/wp-json\/wp\/v2\/users\/1"}],"replies":[{"embeddable":true,"href":"https:\/\/surflux.eu\/lb\/wp-json\/wp\/v2\/comments?post=1194"}],"version-history":[{"count":11,"href":"https:\/\/surflux.eu\/lb\/wp-json\/wp\/v2\/pages\/1194\/revisions"}],"predecessor-version":[{"id":1949,"href":"https:\/\/surflux.eu\/lb\/wp-json\/wp\/v2\/pages\/1194\/revisions\/1949"}],"wp:attachment":[{"href":"https:\/\/surflux.eu\/lb\/wp-json\/wp\/v2\/media?parent=1194"}],"curies":[{"name":"wp","href":"https:\/\/api.w.org\/{rel}","templated":true}]}}