{"id":1190,"date":"2026-01-15T11:42:21","date_gmt":"2026-01-15T10:42:21","guid":{"rendered":"https:\/\/surflux.eu\/faq\/"},"modified":"2026-01-30T14:25:34","modified_gmt":"2026-01-30T13:25:34","slug":"faq","status":"publish","type":"page","link":"https:\/\/surflux.eu\/lb\/faq\/","title":{"rendered":"FAQ"},"content":{"rendered":"<!--\n Title: Intro\n-->\n\n<section class=\"gc-intro\">\n    <!--\n    Title: Container\n    Mode: preview\n    SupportsJSX: true\n    Blueprint: false\n-->\n\n\n<div class=\"gc-container\">\n    <div class=\"gc-breadcrumbs\">\n    <nav aria-label=\"breadcrumbs\" class=\"rank-math-breadcrumb\"><p><span class=\"last\">Home<\/span><\/p><\/nav><\/div>\n        <h1 class=\"gc-intro__title\">\n            PRAKTESCH INFORMATIOUNEN\n        <\/h1>\n                    <h2 class=\"gc-intro__subtitle h4\">\n                Alles wat Dir w\u00ebsse musst, ier Dir mat eis surft!\n            <\/h2>\n<\/div>\n<\/section>\n<!--\n    Title: FAQ\n-->\n\n<section itemscope=\"itemscope\" itemtype=\"https:\/\/schema.org\/FAQPage\">\n    <div class=\"gc-faq gc-faq--with-image\" x-data=\"{ expanded: null }\">\n    <img decoding=\"async\" width=\"940\" height=\"788\" src=\"https:\/\/cdn.surflux.eu\/wp-content\/uploads\/Design-sans-titre-1.svg\" class=\"gc-faq__image\" alt=\"\" srcset=\" \" \/>    <!--\n    Title: Container\n    Mode: preview\n    SupportsJSX: true\n    Blueprint: false\n-->\n\n\n<div class=\"gc-container gc-container--has-padding gc-faq__container\">\n    <ul class=\"gc-faq__list\">\n                            <li class=\"gc-faq__question-item\" itemscope itemprop=\"mainEntity\" itemtype=\"https:\/\/schema.org\/Question\">\n                    <h3 class=\"gc-faq__question h4\" @click=\"expanded = expanded == 0 ? null : 0\">\n                        <span itemprop=\"name\">Wou ass Surf Luxembourg a w\u00e9ini sinn d&#8217;\u00d6ffnungszeiten?<\/span>\n                        <span x-show=\"expanded != 0\">\n                            <svg class='gc-faq__icon' xmlns=\"http:\/\/www.w3.org\/2000\/svg\" viewBox=\"0 0 448 512\"><!--! Font Awesome Pro 6.6.0 by @fontawesome - https:\/\/fontawesome.com License - https:\/\/fontawesome.com\/license (Commercial License) Copyright 2024 Fonticons, Inc. --><path d=\"M248 72c0-13.3-10.7-24-24-24s-24 10.7-24 24l0 160L40 232c-13.3 0-24 10.7-24 24s10.7 24 24 24l160 0 0 160c0 13.3 10.7 24 24 24s24-10.7 24-24l0-160 160 0c13.3 0 24-10.7 24-24s-10.7-24-24-24l-160 0 0-160z\"\/><\/svg>                        <\/span>\n                        <span x-show=\"expanded == 0\" x-cloak>\n                            <svg class='gc-faq__icon' xmlns=\"http:\/\/www.w3.org\/2000\/svg\" viewBox=\"0 0 448 512\"><!--! Font Awesome Pro 6.6.0 by @fontawesome - https:\/\/fontawesome.com License - https:\/\/fontawesome.com\/license (Commercial License) Copyright 2024 Fonticons, Inc. --><path d=\"M432 256c0 13.3-10.7 24-24 24L40 280c-13.3 0-24-10.7-24-24s10.7-24 24-24l368 0c13.3 0 24 10.7 24 24z\"\/><\/svg>                        <\/span>\n                    <\/h3>\n\n                    <div class=\"gc-faq__answer\" x-show=\"expanded == 0\" x-cloak x-collapse itemscope\n                        itemprop=\"acceptedAnswer\" itemtype=\"https:\/\/schema.org\/Answer\">\n                        <div class=\"gc-faq__answer-text\" itemprop=\"text\">\n                            <p data-start=\"176\" data-end=\"427\">Adress ass: 596 Route de Longwy, 6700 Arlon, direkt nieft Van der Valk Luxembourg.<br data-start=\"285\" data-end=\"288\"> Eis Plaz ass gutt vu L\u00ebtzebuerg a Belsch aus z&#8217;erreechen, mat vill gratis Parkplazen.<\/p>\n<p data-start=\"429\" data-end=\"609\">Mir hunn all Dag vun 8 Auer bis 11 Auer op.<br data-start=\"480\" data-end=\"483\"> Fir Gruppen, Firmen oder Teambuilding-Evenementer ass et m\u00e9iglech, passend Z\u00e4itpl\u00e4ng op Ufro ze arrang\u00e9ieren.<\/p>\n                        <\/div>\n                                            <\/div>\n                <\/li>\n                            <li class=\"gc-faq__question-item\" itemscope itemprop=\"mainEntity\" itemtype=\"https:\/\/schema.org\/Question\">\n                    <h3 class=\"gc-faq__question h4\" @click=\"expanded = expanded == 1 ? null : 1\">\n                        <span itemprop=\"name\">Kann ech surfen, och wann ech nach ni gesurft hunn?<\/span>\n                        <span x-show=\"expanded != 1\">\n                            <svg class='gc-faq__icon' xmlns=\"http:\/\/www.w3.org\/2000\/svg\" viewBox=\"0 0 448 512\"><!--! Font Awesome Pro 6.6.0 by @fontawesome - https:\/\/fontawesome.com License - https:\/\/fontawesome.com\/license (Commercial License) Copyright 2024 Fonticons, Inc. --><path d=\"M248 72c0-13.3-10.7-24-24-24s-24 10.7-24 24l0 160L40 232c-13.3 0-24 10.7-24 24s10.7 24 24 24l160 0 0 160c0 13.3 10.7 24 24 24s24-10.7 24-24l0-160 160 0c13.3 0 24-10.7 24-24s-10.7-24-24-24l-160 0 0-160z\"\/><\/svg>                        <\/span>\n                        <span x-show=\"expanded == 1\" x-cloak>\n                            <svg class='gc-faq__icon' xmlns=\"http:\/\/www.w3.org\/2000\/svg\" viewBox=\"0 0 448 512\"><!--! Font Awesome Pro 6.6.0 by @fontawesome - https:\/\/fontawesome.com License - https:\/\/fontawesome.com\/license (Commercial License) Copyright 2024 Fonticons, Inc. --><path d=\"M432 256c0 13.3-10.7 24-24 24L40 280c-13.3 0-24-10.7-24-24s10.7-24 24-24l368 0c13.3 0 24 10.7 24 24z\"\/><\/svg>                        <\/span>\n                    <\/h3>\n\n                    <div class=\"gc-faq__answer\" x-show=\"expanded == 1\" x-cloak x-collapse itemscope\n                        itemprop=\"acceptedAnswer\" itemtype=\"https:\/\/schema.org\/Answer\">\n                        <div class=\"gc-faq__answer-text\" itemprop=\"text\">\n                            Jo. Eis Sessiounen si fir all Niveauen zoug\u00e4nglech, vu Uf\u00e4nger bis zu erfuerene Surfer. Eis Instrukteuren begleeden Iech Schr\u00ebtt fir Schr\u00ebtt, fir ze l\u00e9ieren, w\u00e9i Dir um Board k\u00ebnnt stoen a vun \u00c4rer \u00e9ischter Sessioun un d&#8217;Gefill vum Gleiten gen\u00e9isst.<br data-start=\"615\" data-end=\"618\"> Alles wat Dir braucht ass schwammen ze k\u00ebnnen a Spaass ze hunn!  \n                        <\/div>\n                                            <\/div>\n                <\/li>\n                            <li class=\"gc-faq__question-item\" itemscope itemprop=\"mainEntity\" itemtype=\"https:\/\/schema.org\/Question\">\n                    <h3 class=\"gc-faq__question h4\" @click=\"expanded = expanded == 2 ? null : 2\">\n                        <span itemprop=\"name\">W\u00e9i kann ech buchen a wat sinn d&#8217;Pr\u00e4isser?<\/span>\n                        <span x-show=\"expanded != 2\">\n                            <svg class='gc-faq__icon' xmlns=\"http:\/\/www.w3.org\/2000\/svg\" viewBox=\"0 0 448 512\"><!--! Font Awesome Pro 6.6.0 by @fontawesome - https:\/\/fontawesome.com License - https:\/\/fontawesome.com\/license (Commercial License) Copyright 2024 Fonticons, Inc. --><path d=\"M248 72c0-13.3-10.7-24-24-24s-24 10.7-24 24l0 160L40 232c-13.3 0-24 10.7-24 24s10.7 24 24 24l160 0 0 160c0 13.3 10.7 24 24 24s24-10.7 24-24l0-160 160 0c13.3 0 24-10.7 24-24s-10.7-24-24-24l-160 0 0-160z\"\/><\/svg>                        <\/span>\n                        <span x-show=\"expanded == 2\" x-cloak>\n                            <svg class='gc-faq__icon' xmlns=\"http:\/\/www.w3.org\/2000\/svg\" viewBox=\"0 0 448 512\"><!--! Font Awesome Pro 6.6.0 by @fontawesome - https:\/\/fontawesome.com License - https:\/\/fontawesome.com\/license (Commercial License) Copyright 2024 Fonticons, Inc. --><path d=\"M432 256c0 13.3-10.7 24-24 24L40 280c-13.3 0-24-10.7-24-24s10.7-24 24-24l368 0c13.3 0 24 10.7 24 24z\"\/><\/svg>                        <\/span>\n                    <\/h3>\n\n                    <div class=\"gc-faq__answer\" x-show=\"expanded == 2\" x-cloak x-collapse itemscope\n                        itemprop=\"acceptedAnswer\" itemtype=\"https:\/\/schema.org\/Answer\">\n                        <div class=\"gc-faq__answer-text\" itemprop=\"text\">\n                            <p data-start=\"139\" data-end=\"359\">Reservatioune k\u00ebnnen online op eiser Webs\u00e4it oder per Telefon gemaach ginn.<br data-start=\"213\" data-end=\"216\"> Wielt \u00c4ert Z\u00e4itfenster, \u00c4ert Niveau an \u00c4r Aart vu Sessioun: Uf\u00e4nger, Fortgeschratt oder Expert.<\/p>\n<p data-start=\"361\" data-end=\"520\">Individuell, Gruppen- oder privat Packagen sinn verf\u00fcgbar &#8211; perfekt fir Gebuertsdeeg, Teambuilding oder aner speziell Occasiounen!<\/p>\n<p data-start=\"522\" data-end=\"536\">Pr\u00e4isser:<\/p>\n\n<ul data-start=\"537\" data-end=\"628\">\n \t<li data-start=\"537\" data-end=\"574\">\n<p data-start=\"539\" data-end=\"574\">Uf\u00e4nger-Sessioun (vun 1:30 Auer): 55 \u20ac \/ Sessioun (45 Min.)<\/p>\n<\/li>\n \t<li data-start=\"537\" data-end=\"574\">Fortgeschratt oder Expert Sessioun: 50 \u20ac \/ Sessioun (45 Min.)<\/li>\n<\/ul>\n                        <\/div>\n                                            <\/div>\n                <\/li>\n                    <\/ul>\n<\/div>\n<\/div>\n                    <div class=\"gc-faq gc-faq--with-image gc-faq--reverse\" x-data=\"{ expanded: null }\">\n    <img decoding=\"async\" width=\"940\" height=\"788\" src=\"https:\/\/cdn.surflux.eu\/wp-content\/uploads\/Design-sans-titre.svg\" class=\"gc-faq__image\" alt=\"\" srcset=\" \" \/>    <!--\n    Title: Container\n    Mode: preview\n    SupportsJSX: true\n    Blueprint: false\n-->\n\n\n<div class=\"gc-container gc-container--has-padding gc-faq__container\">\n    <ul class=\"gc-faq__list\">\n                            <li class=\"gc-faq__question-item\" itemscope itemprop=\"mainEntity\" itemtype=\"https:\/\/schema.org\/Question\">\n                    <h3 class=\"gc-faq__question h4\" @click=\"expanded = expanded == 0 ? null : 0\">\n                        <span itemprop=\"name\">Wat muss ech matbr\u00e9ngen fir ze surfen?<\/span>\n                        <span x-show=\"expanded != 0\">\n                            <svg class='gc-faq__icon' xmlns=\"http:\/\/www.w3.org\/2000\/svg\" viewBox=\"0 0 448 512\"><!--! Font Awesome Pro 6.6.0 by @fontawesome - https:\/\/fontawesome.com License - https:\/\/fontawesome.com\/license (Commercial License) Copyright 2024 Fonticons, Inc. --><path d=\"M248 72c0-13.3-10.7-24-24-24s-24 10.7-24 24l0 160L40 232c-13.3 0-24 10.7-24 24s10.7 24 24 24l160 0 0 160c0 13.3 10.7 24 24 24s24-10.7 24-24l0-160 160 0c13.3 0 24-10.7 24-24s-10.7-24-24-24l-160 0 0-160z\"\/><\/svg>                        <\/span>\n                        <span x-show=\"expanded == 0\" x-cloak>\n                            <svg class='gc-faq__icon' xmlns=\"http:\/\/www.w3.org\/2000\/svg\" viewBox=\"0 0 448 512\"><!--! Font Awesome Pro 6.6.0 by @fontawesome - https:\/\/fontawesome.com License - https:\/\/fontawesome.com\/license (Commercial License) Copyright 2024 Fonticons, Inc. --><path d=\"M432 256c0 13.3-10.7 24-24 24L40 280c-13.3 0-24-10.7-24-24s10.7-24 24-24l368 0c13.3 0 24 10.7 24 24z\"\/><\/svg>                        <\/span>\n                    <\/h3>\n\n                    <div class=\"gc-faq__answer\" x-show=\"expanded == 0\" x-cloak x-collapse itemscope\n                        itemprop=\"acceptedAnswer\" itemtype=\"https:\/\/schema.org\/Answer\">\n                        <div class=\"gc-faq__answer-text\" itemprop=\"text\">\n                            Keng Ausr\u00fcstung ass n\u00e9ideg: alles g\u00ebtt zur Verf\u00fcgung gestallt (Board an technescht T-Shirt).<br data-start=\"1312\" data-end=\"1315\">Br\u00e9ngt just \u00e4re Badekost\u00fcm, en Handduch an \u00c4r gutt Laun mat!<br data-start=\"1381\" data-end=\"1384\">\u00cbmkleedkabinne, Duschen a Sp\u00e4icher si verf\u00fcgbar, an d&#8217;Waasser g\u00ebtt dat ganzt Joer iwwer op enger angenehmer Temperatur gehalen (ongef\u00e9ier 30\u00b0C).\n\nDir musst 15 Minutte virum Ufank vun der Sessioun ukommen.\n                        <\/div>\n                                            <\/div>\n                <\/li>\n                            <li class=\"gc-faq__question-item\" itemscope itemprop=\"mainEntity\" itemtype=\"https:\/\/schema.org\/Question\">\n                    <h3 class=\"gc-faq__question h4\" @click=\"expanded = expanded == 1 ? null : 1\">\n                        <span itemprop=\"name\">Wat kann een do fannen?<\/span>\n                        <span x-show=\"expanded != 1\">\n                            <svg class='gc-faq__icon' xmlns=\"http:\/\/www.w3.org\/2000\/svg\" viewBox=\"0 0 448 512\"><!--! Font Awesome Pro 6.6.0 by @fontawesome - https:\/\/fontawesome.com License - https:\/\/fontawesome.com\/license (Commercial License) Copyright 2024 Fonticons, Inc. --><path d=\"M248 72c0-13.3-10.7-24-24-24s-24 10.7-24 24l0 160L40 232c-13.3 0-24 10.7-24 24s10.7 24 24 24l160 0 0 160c0 13.3 10.7 24 24 24s24-10.7 24-24l0-160 160 0c13.3 0 24-10.7 24-24s-10.7-24-24-24l-160 0 0-160z\"\/><\/svg>                        <\/span>\n                        <span x-show=\"expanded == 1\" x-cloak>\n                            <svg class='gc-faq__icon' xmlns=\"http:\/\/www.w3.org\/2000\/svg\" viewBox=\"0 0 448 512\"><!--! Font Awesome Pro 6.6.0 by @fontawesome - https:\/\/fontawesome.com License - https:\/\/fontawesome.com\/license (Commercial License) Copyright 2024 Fonticons, Inc. --><path d=\"M432 256c0 13.3-10.7 24-24 24L40 280c-13.3 0-24-10.7-24-24s10.7-24 24-24l368 0c13.3 0 24 10.7 24 24z\"\/><\/svg>                        <\/span>\n                    <\/h3>\n\n                    <div class=\"gc-faq__answer\" x-show=\"expanded == 1\" x-cloak x-collapse itemscope\n                        itemprop=\"acceptedAnswer\" itemtype=\"https:\/\/schema.org\/Answer\">\n                        <div class=\"gc-faq__answer-text\" itemprop=\"text\">\n                            <p data-start=\"108\" data-end=\"533\">Surf Luxembourg ass vill m\u00e9i w\u00e9i just eng Well! Op der Plaz gen\u00e9isst Dir eng Bar an e Self-Service Restaurant, d\u00e9i lecker Snacks, erfreschend Gedr\u00e9nks an eng tropesch Atmosph\u00e4r ubidden, d\u00e9i perfekt ass fir \u00c4r Erfahrung no \u00c4rer Sessioun ze verl\u00e4ngeren. Maacht Iech bequem: Dir k\u00ebnnt souguer en Dr\u00e9nk gen\u00e9issen, w\u00e4hrend Dir d&#8217;Surfer op der Well kuckt &#8211; eng wierklech spektakul\u00e4r Erfahrung!  <\/p>\n<p data-start=\"535\" data-end=\"727\">Taucht Iech an d\u00e9i eenzegaarteg Atmosph\u00e4r vun der Plaz an: e grousse gratis Parking, Plazen, d\u00e9i fir Spaass a Relaxatioun geduecht sinn, an eng waarm Atmosph\u00e4r, wou all Besuch zu engem Moment g\u00ebtt, deen et ze deelen g\u00ebtt.<\/p>\n<p data-start=\"729\" data-end=\"1067\" data-is-last-node=\"\" data-is-only-node=\"\">An fir \u00c4ren Dag wierklech aussergew\u00e9inlech ze maachen, m\u00e9cht den Van der Valk Hotel, direkt niewendrun, d&#8217;Erliefnes mat senge raffin\u00e9ierte Restauranten, Wellnessber\u00e4ich, Massagekabinen an Top-Service komplett. D\u00e9i ideal Plaz fir \u00c4r Rees ze verl\u00e4ngeren, ze relaxen oder \u00c4r Surfsessioun an eng wierklech Premium-Vakanz ze verwandelen. <\/p>\n                        <\/div>\n                                            <\/div>\n                <\/li>\n                    <\/ul>\n<\/div>\n<\/div>\n<\/section>\n","protected":false},"excerpt":{"rendered":"","protected":false},"author":1,"featured_media":0,"parent":0,"menu_order":0,"comment_status":"closed","ping_status":"closed","template":"","meta":{"_acf_changed":false,"inline_featured_image":false,"footnotes":""},"class_list":["post-1190","page","type-page","status-publish","hentry"],"acf":[],"_links":{"self":[{"href":"https:\/\/surflux.eu\/lb\/wp-json\/wp\/v2\/pages\/1190","targetHints":{"allow":["GET"]}}],"collection":[{"href":"https:\/\/surflux.eu\/lb\/wp-json\/wp\/v2\/pages"}],"about":[{"href":"https:\/\/surflux.eu\/lb\/wp-json\/wp\/v2\/types\/page"}],"author":[{"embeddable":true,"href":"https:\/\/surflux.eu\/lb\/wp-json\/wp\/v2\/users\/1"}],"replies":[{"embeddable":true,"href":"https:\/\/surflux.eu\/lb\/wp-json\/wp\/v2\/comments?post=1190"}],"version-history":[{"count":1,"href":"https:\/\/surflux.eu\/lb\/wp-json\/wp\/v2\/pages\/1190\/revisions"}],"predecessor-version":[{"id":1193,"href":"https:\/\/surflux.eu\/lb\/wp-json\/wp\/v2\/pages\/1190\/revisions\/1193"}],"wp:attachment":[{"href":"https:\/\/surflux.eu\/lb\/wp-json\/wp\/v2\/media?parent=1190"}],"curies":[{"name":"wp","href":"https:\/\/api.w.org\/{rel}","templated":true}]}}