{"id":1179,"date":"2026-01-06T13:28:28","date_gmt":"2026-01-06T12:28:28","guid":{"rendered":"https:\/\/surflux.eu\/cadeaukaarten\/"},"modified":"2026-04-13T16:45:50","modified_gmt":"2026-04-13T14:45:50","slug":"kaddo-kaarten","status":"publish","type":"page","link":"https:\/\/surflux.eu\/lb\/kaddo-kaarten\/","title":{"rendered":"Cadeaukaarten"},"content":{"rendered":"<!--\n    Title: Hero\n-->\n\n\n<section class=\"gc-hero gc-hero--standard\">\n    <!--\n    Title: Container\n    Mode: preview\n    SupportsJSX: true\n    Blueprint: false\n-->\n\n\n<div class=\"gc-container  gc-hero__container\">\n    <div class=\"gc-hero__wrapper\">\n                            <div class=\"gc-breadcrumbs gc-hero__breadcrumbs\">\n    <nav aria-label=\"breadcrumbs\" class=\"rank-math-breadcrumb\"><p><span class=\"last\">Home<\/span><\/p><\/nav><\/div>\n                        <h1 class=\"gc-hero__title\">\n                Eis Cadeaukaart\n            <\/h1>\n            <h2 class=\"gc-hero__subtitle h4\">\n                Gitt \u00c4re L\u00e9ifsten d\u00e9i perfekt W\u00e9nk.\n            <\/h2>\n            <div class=\"gc-hero__content\">\n                <p data-start=\"200\" data-end=\"262\">Gitt m\u00e9i w\u00e9i n\u00ebmmen e Kaddo: gitt eng Erfahrung!<\/p>\n<p data-start=\"264\" data-end=\"433\">Sicht Dir eng originell Iddi?<\/p>\n<p data-start=\"264\" data-end=\"433\">Mat d\u00ebser Cadeaukaart bitt Dir Spannung, Spaass an onvergiesslech Er\u00ebnnerungen an engem eenzegaartegen Kader zu Arel.<\/p>\n\n            <\/div>\n                            <div class=\"gc-hero__buttons\">\n                                                                                                                        <a href=\"https:\/\/vandervalkluxembourg.dewi-online.nl\/iframe\/club\/830\/tickets?cart=23f23fb0-7932-47ac-8780-1b6205f73301\" class=\"gc-button gc-button--no-radius-right\" target=\"_blank\" rel=\"noopener\">\n        \n                    Kaaft eng Kaddokaart\n            <\/a>\n                                            <\/div>\n                    <\/div>\n                    <div class=\"gc-hero__image-wrapper\">\n                <img fetchpriority=\"high\" width=\"1000\" height=\"1000\" src=\"https:\/\/cdn.surflux.eu\/wp-content\/uploads\/Sans-titre-1000-x-1000-px-3.png\" class=\"gc-hero__image\" alt=\"\" loading=\"eager\" decoding=\"sync\" srcset=\"https:\/\/cdn.surflux.eu\/wp-content\/uploads\/Sans-titre-1000-x-1000-px-3.png 1000w, https:\/\/cdn.surflux.eu\/wp-content\/uploads\/Sans-titre-1000-x-1000-px-3-300x300.png 300w, https:\/\/cdn.surflux.eu\/wp-content\/uploads\/Sans-titre-1000-x-1000-px-3-150x150.png 150w, https:\/\/cdn.surflux.eu\/wp-content\/uploads\/Sans-titre-1000-x-1000-px-3-768x768.png 768w\" sizes=\"(max-width: 1000px) 100vw, 1000px\" \/>            <\/div>\n<\/div>\n<\/section>\n<!--\n    Title: Content with visual\n-->\n\n\n<section class=\"gc-cwv gc-cwv--first-column gc-cwv--w\u00e4iss\">\n    <!--\n    Title: Container\n    Mode: preview\n    SupportsJSX: true\n    Blueprint: false\n-->\n\n\n<div class=\"gc-container gc-container--has-margin gc-cwv__container\">\n    <div class=\"gc-cwv__first-column gc-cwv__first-column--image\">\n            <figure class=\"gc-cwv__image-wrapper\">\n            <div class=\"gc-cwv__image-inner-wrapper\">\n                <img decoding=\"async\" width=\"940\" height=\"788\" src=\"https:\/\/cdn.surflux.eu\/wp-content\/uploads\/Design-sans-titre.svg\" class=\"gc-cwv__image\" alt=\"\" data-no-lazy=\"\" \/>            <\/div>\n        <\/figure>\n            <\/div>\n        <div class=\"gc-cwv__second-column gc-cwv__second-column--begeeschtert\">\n            <div class=\"gc-heading\">\n    <h2 class=\"gc-heading__title h2\">\n\t\tEn originellt Kaddo\n\t<\/h2>    <\/div>\n    <div class=\"gc-cwv__text\">\n        <p>D&#8217;Surf Luxembourg Cadeaukaart ze schenken bedeit eng Erfahrung ze verschenken, d\u00e9i wierklech aussergew\u00e9inlech ass: Indoor Surfen dat ganzt Joer iwwer, vun 1:30 Auer un, zoug\u00e4nglech fir all Niveauen.<\/p>\n<p> Dir wielt de Betrag oder e f\u00e4erdege Kaddo-Package, an den Empf\u00e4nger kann en zu all Moment gen\u00e9issen, mat enger G\u00fcltegkeet vun 2 Joer.<\/p>\n<p> E einfacht, effektivt Kaddo, dat eng richteg Er\u00ebnnerung hannerl\u00e9isst.<\/p>\n\n    <\/div>\n                <\/div>\n<\/div>\n<\/section>\n<!--\n    Title: Content With Icons\n-->\n\n<section class=\"gc-cwi gc-cwi--w\u00e4iss gc-cwi--image-on-left\">\n    <!--\n    Title: Container\n    Mode: preview\n    SupportsJSX: true\n    Blueprint: false\n-->\n\n\n<div class=\"gc-container gc-container--has-margin gc-cwi__container\">\n    <ul class=\"gc-cwi__list\">\n                            <li class=\"gc-cwi__item\">\n                    <img decoding=\"async\" width=\"63\" height=\"68\" src=\"https:\/\/cdn.surflux.eu\/wp-content\/uploads\/shield-heart.svg\" class=\"gc-cwi__icon\" alt=\"\" \/>                    <h3 class=\"gc-cwi__title h4\">\n                        S\u00c9CHERHEET\n                    <\/h3>\n                    <p>Eis Sessiounen gi vun zertifiz\u00e9ierte Coaches an enger 100% s\u00e9cherer \u00cbmwelt geleet. Ausr\u00fcstung, Instruktiounen a Betreiung sinn esou konzip\u00e9iert, datt jidderee mat vollem Vertrauen d&#8217;Well gen\u00e9isse kann. <\/p>\n\n                <\/li>\n                            <li class=\"gc-cwi__item\">\n                    <img decoding=\"async\" width=\"74\" height=\"58\" src=\"https:\/\/cdn.surflux.eu\/wp-content\/uploads\/hand-holding-hand.svg\" class=\"gc-cwi__icon\" alt=\"\" \/>                    <h3 class=\"gc-cwi__title h4\">\n                        ZOUG\u00c4NGLECH\n                    <\/h3>\n                    <p>Uf\u00e4nger, Amateur oder Erfuerene &#8211; jidderee kann bei Surf Luxembourg surfen.  <br data-start=\"785\" data-end=\"788\">Vun 1m30 bis 30kg kann jidderee s\u00e4i Rhythmus fannen dank enger modulare Well an adapt\u00e9ierte Sessiounen.<\/p>\n\n                <\/li>\n                            <li class=\"gc-cwi__item\">\n                    <img decoding=\"async\" width=\"74\" height=\"59\" src=\"https:\/\/cdn.surflux.eu\/wp-content\/uploads\/sunglasses.svg\" class=\"gc-cwi__icon\" alt=\"\" \/>                    <h3 class=\"gc-cwi__title h4\">\n                        ATMOSPHER &amp; SPASS\n                    <\/h3>\n                    <p>Bei Surf Luxembourg k\u00ebnnt Dir fir d&#8217;Surf, awer Dir k\u00ebnnt och fir d&#8217;Atmosph\u00e4r zer\u00e9ck! Gudde Vibe, Musek an eng fr\u00ebndlech Atmosph\u00e4r fir e wierklech agreablen Moment ze deelen. <\/p>\n\n                <\/li>\n                            <li class=\"gc-cwi__item\">\n                    <img decoding=\"async\" width=\"66\" height=\"62\" src=\"https:\/\/cdn.surflux.eu\/wp-content\/uploads\/leaf.svg\" class=\"gc-cwi__icon\" alt=\"\" \/>                    <h3 class=\"gc-cwi__title h4\">\n                        \u00cbMWELT\n                    <\/h3>\n                    <p><span class=\"a_GcMg font-feature-liga-off font-feature-clig-off font-feature-calt-off text-decoration-none text-strikethrough-none\">Eist Zentrum funktion\u00e9iert zu 100% mat gr\u00e9nger Energie, d\u00e9i lokal vu Messancy Biom\u00e9tha produz\u00e9iert g\u00ebtt.<\/span><\/p>\n\n                <\/li>\n                    <\/ul>\n        <img decoding=\"async\" width=\"768\" height=\"768\" src=\"https:\/\/cdn.surflux.eu\/wp-content\/uploads\/Sans-titre-1000-x-1000-px-1-768x768.png\" class=\"gc-cwi__image\" alt=\"\" srcset=\"https:\/\/cdn.surflux.eu\/wp-content\/uploads\/Sans-titre-1000-x-1000-px-1-768x768.png 768w, https:\/\/cdn.surflux.eu\/wp-content\/uploads\/Sans-titre-1000-x-1000-px-1-300x300.png 300w, https:\/\/cdn.surflux.eu\/wp-content\/uploads\/Sans-titre-1000-x-1000-px-1-150x150.png 150w, https:\/\/cdn.surflux.eu\/wp-content\/uploads\/Sans-titre-1000-x-1000-px-1.png 1000w\" sizes=\"(max-width: 768px) 100vw, 768px\" \/>\n<\/div>\n<\/section>\n<!--\n    Title: Mask Image\n-->\n\n<section class=\"gc-mask-image gc-mask-image--Baren\">\n    <!--\n    Title: Container\n    Mode: preview\n    SupportsJSX: true\n    Blueprint: false\n-->\n\n\n<div class=\"gc-container  gc-mask-image__container\">\n    <div class=\"gc-mask-image__left\">\n            <h2 class=\"gc-mask-image__title\"> Maacht mat beim Abenteuer\n<\/h2>\n            <div class=\"gc-mask-image__description\"><p data-start=\"0\" data-end=\"63\">Interess\u00e9iert Partner oder Sponsor vu Surf Luxembourg ze ginn?<\/p>\n<p data-start=\"65\" data-end=\"227\">Associ\u00e9iert \u00c4r Mark mat engem eenzegaartege Projet an der Regioun: eng innovativ, sportlech a Lifestyle-Plaz, d\u00e9i dat ganzt Joer vun enger lokaler an internationaler Gemeinschaft \u00ebnnerhale g\u00ebtt.<\/p>\n<p data-start=\"229\" data-end=\"431\">Hutt Dir eng Iddi fir eng Zesummenaarbecht oder e Sponsoring-Virschlag? Kontakt\u00e9iert eis fir zesummen eng relevant Partnerschaft opzebauen! <\/p>\n<\/div>\n            <a href=\"https:\/\/surflux.eu\/lb\/kontakt\/\" class=\"gc-button  gc-mask-image__button\">\n                    Kontakt\u00e9iert eis\n        \n            <\/a>\n                <\/div>\n        <img decoding=\"async\" width=\"500\" height=\"500\" src=\"https:\/\/cdn.surflux.eu\/wp-content\/uploads\/Design-sans-titre-12.png\" class=\"gc-mask-image__image\" alt=\"\" srcset=\"https:\/\/cdn.surflux.eu\/wp-content\/uploads\/Design-sans-titre-12.png 500w, https:\/\/cdn.surflux.eu\/wp-content\/uploads\/Design-sans-titre-12-300x300.png 300w, https:\/\/cdn.surflux.eu\/wp-content\/uploads\/Design-sans-titre-12-150x150.png 150w\" sizes=\"(max-width: 500px) 100vw, 500px\" style=\"object-position:49% 77%\" \/>\n<\/div>\n<\/section>\n","protected":false},"excerpt":{"rendered":"","protected":false},"author":1,"featured_media":0,"parent":0,"menu_order":0,"comment_status":"closed","ping_status":"closed","template":"","meta":{"_acf_changed":false,"inline_featured_image":false,"footnotes":""},"class_list":["post-1179","page","type-page","status-publish","hentry"],"acf":[],"_links":{"self":[{"href":"https:\/\/surflux.eu\/lb\/wp-json\/wp\/v2\/pages\/1179","targetHints":{"allow":["GET"]}}],"collection":[{"href":"https:\/\/surflux.eu\/lb\/wp-json\/wp\/v2\/pages"}],"about":[{"href":"https:\/\/surflux.eu\/lb\/wp-json\/wp\/v2\/types\/page"}],"author":[{"embeddable":true,"href":"https:\/\/surflux.eu\/lb\/wp-json\/wp\/v2\/users\/1"}],"replies":[{"embeddable":true,"href":"https:\/\/surflux.eu\/lb\/wp-json\/wp\/v2\/comments?post=1179"}],"version-history":[{"count":6,"href":"https:\/\/surflux.eu\/lb\/wp-json\/wp\/v2\/pages\/1179\/revisions"}],"predecessor-version":[{"id":1768,"href":"https:\/\/surflux.eu\/lb\/wp-json\/wp\/v2\/pages\/1179\/revisions\/1768"}],"wp:attachment":[{"href":"https:\/\/surflux.eu\/lb\/wp-json\/wp\/v2\/media?parent=1179"}],"curies":[{"name":"wp","href":"https:\/\/api.w.org\/{rel}","templated":true}]}}