{"id":1172,"date":"2025-08-27T10:57:44","date_gmt":"2025-08-27T08:57:44","guid":{"rendered":"https:\/\/surflux.eu\/informatiounen\/"},"modified":"2026-04-14T11:45:38","modified_gmt":"2026-04-14T09:45:38","slug":"informatiounen","status":"publish","type":"page","link":"https:\/\/surflux.eu\/lb\/informatiounen\/","title":{"rendered":"Informatiounen"},"content":{"rendered":"<!--\n    Title: Hero\n-->\n\n\n<section class=\"gc-hero gc-hero--standard\">\n    <!--\n    Title: Container\n    Mode: preview\n    SupportsJSX: true\n    Blueprint: false\n-->\n\n\n<div class=\"gc-container  gc-hero__container\">\n    <div class=\"gc-hero__wrapper\">\n                            <div class=\"gc-breadcrumbs gc-hero__breadcrumbs\">\n    <nav aria-label=\"breadcrumbs\" class=\"rank-math-breadcrumb\"><p><span class=\"last\">Home<\/span><\/p><\/nav><\/div>\n                        <h1 class=\"gc-hero__title\">\n                Informatiounen\n            <\/h1>\n            <h2 class=\"gc-hero__subtitle h4\">\n                Bei Surf Luxembourg ass Surfen eng ganzj\u00e4reg Aktivit\u00e9it, 365 Deeg am Joer.\n            <\/h2>\n            <div class=\"gc-hero__content\">\n                <p>Eis modular Indoor-Wave passt sech un all Niveau un: egal ob Dir en Uf\u00e4nger sidd, deen no Nervenkitzel sicht, oder en erfuerene Surfer, deen eng Erausfuerderung sicht, Dir fannt \u00c4re Spillplaz.<\/p>\n<p> All Sessioun ass sou konzip\u00e9iert, datt se Spaass, Fortschr\u00ebtt an Adrenalin kombin\u00e9iere kann \u2013 en eenzegaartegt Abenteuer, dat fir jiddereen vun 1,30 m bis 30 kg zoug\u00e4nglech ass.<\/p>\n<p> D&#8217;Sessiounen hunn Plaz fir bis zu 10 Leit a sinn net privat.<\/p>\n<p> Fir e privat Event ze organis\u00e9ieren, f\u00ebllt w.e.g. d\u00ebse <strong>Kontaktformular aus.<\/strong><\/p>\n\n            <\/div>\n                            <div class=\"gc-hero__buttons\">\n                                                                                                                        <a href=\"https:\/\/vandervalkluxembourg.dewi-online.nl\/iframe\/club\/830\/reservations\" class=\"gc-button gc-button--no-radius-right\" target=\"_blank\" rel=\"noopener\">\n        \n                    Reservatiounen\n            <\/a>\n                                                                                                                                <a href=\"https:\/\/surflux.eu\/praisser\/?lang=lb\" class=\"gc-button gc-button--border gc-button--no-radius-left\">\n        \n                    Pr\u00e4isser\n            <\/a>\n                                            <\/div>\n                    <\/div>\n                    <div class=\"gc-hero__image-wrapper\">\n                <img fetchpriority=\"high\" width=\"940\" height=\"788\" src=\"https:\/\/cdn.surflux.eu\/wp-content\/uploads\/Design-sans-titre-2.svg\" class=\"gc-hero__image\" alt=\"\" loading=\"eager\" decoding=\"sync\" \/>            <\/div>\n<\/div>\n<\/section>\n<!--\n    Title: Content with visual\n-->\n\n\n<section class=\"gc-cwv gc-cwv--is-reversed gc-cwv--first-column gc-cwv--w\u00e4iss\">\n    <!--\n    Title: Container\n    Mode: preview\n    SupportsJSX: true\n    Blueprint: false\n-->\n\n\n<div class=\"gc-container gc-container--has-margin gc-cwv__container\">\n    <div class=\"gc-cwv__first-column gc-cwv__first-column--image\">\n            <figure class=\"gc-cwv__image-wrapper\">\n            <div class=\"gc-cwv__image-inner-wrapper\">\n                <img decoding=\"async\" width=\"1024\" height=\"658\" src=\"https:\/\/cdn.surflux.eu\/wp-content\/uploads\/Surf-Luxembourg-Facebook-janvier-2026-1024x658.png\" class=\"gc-cwv__image\" alt=\"\" data-no-lazy=\"\" srcset=\"https:\/\/cdn.surflux.eu\/wp-content\/uploads\/Surf-Luxembourg-Facebook-janvier-2026-1024x658.png 1024w, https:\/\/cdn.surflux.eu\/wp-content\/uploads\/Surf-Luxembourg-Facebook-janvier-2026-300x193.png 300w, https:\/\/cdn.surflux.eu\/wp-content\/uploads\/Surf-Luxembourg-Facebook-janvier-2026-768x494.png 768w, https:\/\/cdn.surflux.eu\/wp-content\/uploads\/Surf-Luxembourg-Facebook-janvier-2026.png 1400w\" sizes=\"(max-width: 1024px) 100vw, 1024px\" \/>            <\/div>\n        <\/figure>\n            <\/div>\n        <div class=\"gc-cwv__second-column gc-cwv__second-column--begeeschtert\">\n            <div class=\"gc-heading\">\n    <h2 class=\"gc-heading__title h2\">\n\t\tWAT SOLLE MIR PLANNEN?\n\t<\/h2>    <\/div>\n    <div class=\"gc-cwv__text\">\n        <p>Et ass keng spezifesch Ausr\u00fcstung erfuerderlech: alles g\u00ebtt op der Plaz zur Verf\u00fcgung gestallt, vum Board bis zum techneschen Trikot.<br \/>\n Alles wat Dir braucht, ass \u00c4r Badekost\u00fcm, en Handduch an \u00c4r gutt Laun! Gemittlech \u00cbmkleedungsraim, Duschen a s\u00e9cher Sp\u00ebnnchen stinn zur Verf\u00fcgung, an d&#8217;Waasser g\u00ebtt dat ganzt Joer iwwer op enger angenehmer Temperatur gehalen, fir optimale Komfort an all Joresz\u00e4it. <\/p>\n<p>Dir musst 15 Minutte virum Ufank vun all Sessioun ukommen!  <\/p>\n\n    <\/div>\n                <\/div>\n<\/div>\n<\/section>\n<!--\n    Title: Container\n    Mode: preview\n    SupportsJSX: true\n    Blueprint: false\n-->\n\n\n<div class=\"gc-container\">\n    <div class=\"acf-innerblocks-container\"><\/div>\n<\/div>\n<!--\n    Title: Content with visual\n-->\n\n\n<section class=\"gc-cwv gc-cwv--first-column gc-cwv--Gold\">\n    <!--\n    Title: Container\n    Mode: preview\n    SupportsJSX: true\n    Blueprint: false\n-->\n\n\n<div class=\"gc-container gc-container--has-margin gc-cwv__container\">\n    <div class=\"gc-cwv__first-column gc-cwv__first-column--image\">\n            <figure class=\"gc-cwv__image-wrapper\">\n            <div class=\"gc-cwv__image-inner-wrapper\">\n                <img decoding=\"async\" width=\"1024\" height=\"658\" src=\"https:\/\/cdn.surflux.eu\/wp-content\/uploads\/Surf-Luxembourg-Facebook-janvier-2026-16-1024x658.png\" class=\"gc-cwv__image\" alt=\"\" data-no-lazy=\"\" srcset=\"https:\/\/cdn.surflux.eu\/wp-content\/uploads\/Surf-Luxembourg-Facebook-janvier-2026-16-1024x658.png 1024w, https:\/\/cdn.surflux.eu\/wp-content\/uploads\/Surf-Luxembourg-Facebook-janvier-2026-16-300x193.png 300w, https:\/\/cdn.surflux.eu\/wp-content\/uploads\/Surf-Luxembourg-Facebook-janvier-2026-16-768x494.png 768w, https:\/\/cdn.surflux.eu\/wp-content\/uploads\/Surf-Luxembourg-Facebook-janvier-2026-16.png 1400w\" sizes=\"(max-width: 1024px) 100vw, 1024px\" \/>            <\/div>\n        <\/figure>\n            <\/div>\n        <div class=\"gc-cwv__second-column gc-cwv__second-column--begeeschtert\">\n            <div class=\"gc-heading\">\n    <h2 class=\"gc-heading__title h2\">\n\t\tProfessionell Evenementer?\n\t<\/h2>            <div class=\"gc-heading__subtitle h4\">\n            Surf Luxembourg ass perfekt fir Iech!\n        <\/div>\n    <\/div>\n    <div class=\"gc-cwv__text\">\n        <p>W\u00ebllt Dir erausfannen, w\u00e9i Dir en eenzegaartegt Event fir \u00c4r Equipe oder Fr\u00ebnn organis\u00e9iert? Besicht eis S\u00e4it<br \/>\n fir \u00c4r individuell Erfahrung ze kre\u00e9ieren! <\/p>\n\n    <\/div>\n            <div class=\"gc-cwv__buttons\">\n                            <a href=\"https:\/\/www.hotelluxembourg-arlon.be\/\" class=\"gc-button gc-button--Gold\" target=\"_blank\" rel=\"noopener\">\n                    Gruppbuchungen\n        \n            <\/a>\n                            <\/div>\n                <\/div>\n<\/div>\n<\/section>\n\n<div class=\"wp-block-buttons is-layout-flex wp-block-buttons-is-layout-flex\"><\/div>\n<!--\n    Title: Content with visual\n-->\n\n\n<section class=\"gc-cwv gc-cwv--is-reversed gc-cwv--image-cover gc-cwv--image-cover-right gc-cwv--w\u00e4iss\">\n    <!--\n    Title: Container\n    Mode: preview\n    SupportsJSX: true\n    Blueprint: false\n-->\n\n\n<div class=\"gc-container gc-container--has-margin gc-cwv__container\">\n    <div class=\"gc-cwv__first-column gc-cwv__first-column--image\">\n            <figure class=\"gc-cwv__image-wrapper\">\n            <div class=\"gc-cwv__image-inner-wrapper\">\n                <img decoding=\"async\" width=\"940\" height=\"788\" src=\"https:\/\/cdn.surflux.eu\/wp-content\/uploads\/Facebook_Content-Calendar-SurfLux-4.png\" class=\"gc-cwv__image\" alt=\"\" data-no-lazy=\"\" srcset=\"https:\/\/cdn.surflux.eu\/wp-content\/uploads\/Facebook_Content-Calendar-SurfLux-4.png 940w, https:\/\/cdn.surflux.eu\/wp-content\/uploads\/Facebook_Content-Calendar-SurfLux-4-300x251.png 300w, https:\/\/cdn.surflux.eu\/wp-content\/uploads\/Facebook_Content-Calendar-SurfLux-4-768x644.png 768w\" sizes=\"(max-width: 940px) 100vw, 940px\" \/>            <\/div>\n        <\/figure>\n            <\/div>\n        <div class=\"gc-cwv__second-column gc-cwv__second-column--begeeschtert\">\n            <div class=\"gc-heading\">\n    <h2 class=\"gc-heading__title h2\">\n\t\tFannt eis\n\t<\/h2>    <\/div>\n    <div class=\"gc-cwv__text\">\n        <p><strong data-start=\"132\" data-end=\"145\">\ud83d\udccdAdress:<\/strong> 596 Route de Longwy, 6700 Arlon. Direkt nieft Van der Valk L\u00ebtzebuerg.<br \/>\n<strong data-start=\"246\" data-end=\"257\">\ud83d\ude97 Zougang:<\/strong> Gratis Parkplazen um Site, gutt z&#8217;erreechen vu L\u00ebtzebuerg a Belsch aus.<\/p>\n\n    <\/div>\n                <\/div>\n<\/div>\n<\/section>\n<!--\n    Title: Content With Icons\n-->\n\n<section class=\"gc-cwi gc-cwi--w\u00e4iss gc-cwi--image-on-left\">\n    <!--\n    Title: Container\n    Mode: preview\n    SupportsJSX: true\n    Blueprint: false\n-->\n\n\n<div class=\"gc-container gc-container--has-margin gc-cwi__container\">\n    <ul class=\"gc-cwi__list\">\n                            <li class=\"gc-cwi__item\">\n                    <img decoding=\"async\" width=\"63\" height=\"68\" src=\"https:\/\/cdn.surflux.eu\/wp-content\/uploads\/shield-heart.svg\" class=\"gc-cwi__icon\" alt=\"\" \/>                    <h3 class=\"gc-cwi__title h4\">\n                        S\u00c9CHERHEET\n                    <\/h3>\n                    <p>Eis Sessiounen gi vun zertifiz\u00e9ierte Coaches an enger 100% s\u00e9cherer \u00cbmwelt geleet. Ausr\u00fcstung, Instruktiounen a Betreiung sinn esou konzip\u00e9iert, datt jidderee mat vollem Vertrauen d&#8217;Well gen\u00e9isse kann. <\/p>\n\n                <\/li>\n                            <li class=\"gc-cwi__item\">\n                    <img decoding=\"async\" width=\"74\" height=\"58\" src=\"https:\/\/cdn.surflux.eu\/wp-content\/uploads\/hand-holding-hand.svg\" class=\"gc-cwi__icon\" alt=\"\" \/>                    <h3 class=\"gc-cwi__title h4\">\n                        ZOUG\u00c4NGLECH\n                    <\/h3>\n                    <p>Uf\u00e4nger, Amateur oder Erfuerene &#8211; jidderee kann bei Surf Luxembourg surfen.  <br data-start=\"785\" data-end=\"788\">Vun 1m30 bis 30kg kann jidderee s\u00e4i Rhythmus fannen dank enger modulare Well an adapt\u00e9ierte Sessiounen.<\/p>\n\n                <\/li>\n                            <li class=\"gc-cwi__item\">\n                    <img decoding=\"async\" width=\"74\" height=\"59\" src=\"https:\/\/cdn.surflux.eu\/wp-content\/uploads\/sunglasses.svg\" class=\"gc-cwi__icon\" alt=\"\" \/>                    <h3 class=\"gc-cwi__title h4\">\n                        ATMOSPHER &amp; SPASS\n                    <\/h3>\n                    <p>Bei Surf Luxembourg k\u00ebnnt Dir fir d&#8217;Surf, awer Dir k\u00ebnnt och fir d&#8217;Atmosph\u00e4r zer\u00e9ck! Gudde Vibe, Musek an eng fr\u00ebndlech Atmosph\u00e4r fir e wierklech agreablen Moment ze deelen. <\/p>\n\n                <\/li>\n                            <li class=\"gc-cwi__item\">\n                    <img decoding=\"async\" width=\"66\" height=\"62\" src=\"https:\/\/cdn.surflux.eu\/wp-content\/uploads\/leaf.svg\" class=\"gc-cwi__icon\" alt=\"\" \/>                    <h3 class=\"gc-cwi__title h4\">\n                        \u00cbMWELT\n                    <\/h3>\n                    <p><span class=\"a_GcMg font-feature-liga-off font-feature-clig-off font-feature-calt-off text-decoration-none text-strikethrough-none\">Eist Zentrum funktion\u00e9iert zu 100% mat gr\u00e9nger Energie, d\u00e9i lokal vu Messancy Biom\u00e9tha produz\u00e9iert g\u00ebtt.<\/span><\/p>\n\n                <\/li>\n                    <\/ul>\n        <img decoding=\"async\" width=\"768\" height=\"645\" src=\"https:\/\/cdn.surflux.eu\/wp-content\/uploads\/Design-sans-titre.svg\" class=\"gc-cwi__image\" alt=\"\" \/>\n<\/div>\n<\/section>\n","protected":false},"excerpt":{"rendered":"","protected":false},"author":1,"featured_media":0,"parent":0,"menu_order":0,"comment_status":"closed","ping_status":"closed","template":"","meta":{"_acf_changed":false,"inline_featured_image":false,"footnotes":""},"class_list":["post-1172","page","type-page","status-publish","hentry"],"acf":[],"_links":{"self":[{"href":"https:\/\/surflux.eu\/lb\/wp-json\/wp\/v2\/pages\/1172","targetHints":{"allow":["GET"]}}],"collection":[{"href":"https:\/\/surflux.eu\/lb\/wp-json\/wp\/v2\/pages"}],"about":[{"href":"https:\/\/surflux.eu\/lb\/wp-json\/wp\/v2\/types\/page"}],"author":[{"embeddable":true,"href":"https:\/\/surflux.eu\/lb\/wp-json\/wp\/v2\/users\/1"}],"replies":[{"embeddable":true,"href":"https:\/\/surflux.eu\/lb\/wp-json\/wp\/v2\/comments?post=1172"}],"version-history":[{"count":4,"href":"https:\/\/surflux.eu\/lb\/wp-json\/wp\/v2\/pages\/1172\/revisions"}],"predecessor-version":[{"id":1847,"href":"https:\/\/surflux.eu\/lb\/wp-json\/wp\/v2\/pages\/1172\/revisions\/1847"}],"wp:attachment":[{"href":"https:\/\/surflux.eu\/lb\/wp-json\/wp\/v2\/media?parent=1172"}],"curies":[{"name":"wp","href":"https:\/\/api.w.org\/{rel}","templated":true}]}}