{"id":932,"date":"2025-08-27T10:57:44","date_gmt":"2025-08-27T08:57:44","guid":{"rendered":"https:\/\/surflux.eu\/informacion\/"},"modified":"2026-04-14T11:45:38","modified_gmt":"2026-04-14T09:45:38","slug":"informacion","status":"publish","type":"page","link":"https:\/\/surflux.eu\/es\/informacion\/","title":{"rendered":"Informaci\u00f3n"},"content":{"rendered":"<!--\n    Title: Hero\n-->\n\n\n<section class=\"gc-hero gc-hero--standard\">\n    <!--\n    Title: Container\n    Mode: preview\n    SupportsJSX: true\n    Blueprint: false\n-->\n\n\n<div class=\"gc-container  gc-hero__container\">\n    <div class=\"gc-hero__wrapper\">\n                            <div class=\"gc-breadcrumbs gc-hero__breadcrumbs\">\n    <nav aria-label=\"breadcrumbs\" class=\"rank-math-breadcrumb\"><p><span class=\"last\">Home<\/span><\/p><\/nav><\/div>\n                        <h1 class=\"gc-hero__title\">\n                Informaci\u00f3n\n            <\/h1>\n            <h2 class=\"gc-hero__subtitle h4\">\n                En Surf Luxembourg, el surf es una actividad que se realiza durante todo el a\u00f1o, los 365 d\u00edas del a\u00f1o.\n            <\/h2>\n            <div class=\"gc-hero__content\">\n                <p>Nuestra ola modular de interior se adapta a todos los niveles: tanto si eres un principiante en busca de emociones fuertes como si eres un surfista experimentado en busca de un desaf\u00edo, encontrar\u00e1s tu lugar ideal.<\/p>\n<p> Cada sesi\u00f3n est\u00e1 dise\u00f1ada para combinar diversi\u00f3n, progresi\u00f3n y adrenalina: una aventura \u00fanica, accesible para todos a partir de 1,30 m de altura y 30 kg de peso.<\/p>\n<p> Las sesiones tienen un cupo m\u00e1ximo de 10 personas y no son privadas.<\/p>\n<p> Para organizar un evento privado, complete este <strong>formulario de contacto.<\/strong><\/p>\n\n            <\/div>\n                            <div class=\"gc-hero__buttons\">\n                                                                                                                        <a href=\"https:\/\/vandervalkluxembourg.dewi-online.nl\/iframe\/club\/830\/reservations\" class=\"gc-button gc-button--no-radius-right\" target=\"_blank\" rel=\"noopener\">\n        \n                    Reservas\n            <\/a>\n                                                                                                                                <a href=\"https:\/\/surflux.eu\/precios\/?lang=es\" class=\"gc-button gc-button--border gc-button--no-radius-left\">\n        \n                    Precios\n            <\/a>\n                                            <\/div>\n                    <\/div>\n                    <div class=\"gc-hero__image-wrapper\">\n                <img fetchpriority=\"high\" width=\"940\" height=\"788\" src=\"https:\/\/cdn.surflux.eu\/wp-content\/uploads\/Design-sans-titre-2.svg\" class=\"gc-hero__image\" alt=\"\" loading=\"eager\" decoding=\"sync\" \/>            <\/div>\n<\/div>\n<\/section>\n<!--\n    Title: Content with visual\n-->\n\n\n<section class=\"gc-cwv gc-cwv--is-reversed gc-cwv--first-column gc-cwv--blanco\">\n    <!--\n    Title: Container\n    Mode: preview\n    SupportsJSX: true\n    Blueprint: false\n-->\n\n\n<div class=\"gc-container gc-container--has-margin gc-cwv__container\">\n    <div class=\"gc-cwv__first-column gc-cwv__first-column--image\">\n            <figure class=\"gc-cwv__image-wrapper\">\n            <div class=\"gc-cwv__image-inner-wrapper\">\n                <img decoding=\"async\" width=\"1024\" height=\"658\" src=\"https:\/\/cdn.surflux.eu\/wp-content\/uploads\/Surf-Luxembourg-Facebook-janvier-2026-1024x658.png\" class=\"gc-cwv__image\" alt=\"\" data-no-lazy=\"\" srcset=\"https:\/\/cdn.surflux.eu\/wp-content\/uploads\/Surf-Luxembourg-Facebook-janvier-2026-1024x658.png 1024w, https:\/\/cdn.surflux.eu\/wp-content\/uploads\/Surf-Luxembourg-Facebook-janvier-2026-300x193.png 300w, https:\/\/cdn.surflux.eu\/wp-content\/uploads\/Surf-Luxembourg-Facebook-janvier-2026-768x494.png 768w, https:\/\/cdn.surflux.eu\/wp-content\/uploads\/Surf-Luxembourg-Facebook-janvier-2026.png 1400w\" sizes=\"(max-width: 1024px) 100vw, 1024px\" \/>            <\/div>\n        <\/figure>\n            <\/div>\n        <div class=\"gc-cwv__second-column gc-cwv__second-column--encantado\">\n            <div class=\"gc-heading\">\n    <h2 class=\"gc-heading__title h2\">\n\t\t\u00bfQU\u00c9 DEBEMOS PLANIFICAR?\n\t<\/h2>    <\/div>\n    <div class=\"gc-cwv__text\">\n        <p>No se requiere ning\u00fan equipo espec\u00edfico: todo se proporciona en el lugar, desde la tabla hasta la camiseta t\u00e9cnica.<br \/>\n Solo necesitas traer tu traje de ba\u00f1o, una toalla y \u00a1buenas ganas de divertirte! Disponemos de c\u00f3modos vestuarios, duchas y taquillas seguras, y el agua se mantiene a una temperatura agradable durante todo el a\u00f1o para que disfrutes al m\u00e1ximo en cualquier estaci\u00f3n. <\/p>\n<p>\u00a1Debes llegar 15 minutos antes del inicio de cada sesi\u00f3n!  <\/p>\n\n    <\/div>\n                <\/div>\n<\/div>\n<\/section>\n<!--\n    Title: Container\n    Mode: preview\n    SupportsJSX: true\n    Blueprint: false\n-->\n\n\n<div class=\"gc-container\">\n    <div class=\"acf-innerblocks-container\"><\/div>\n<\/div>\n<!--\n    Title: Content with visual\n-->\n\n\n<section class=\"gc-cwv gc-cwv--first-column gc-cwv--oro\">\n    <!--\n    Title: Container\n    Mode: preview\n    SupportsJSX: true\n    Blueprint: false\n-->\n\n\n<div class=\"gc-container gc-container--has-margin gc-cwv__container\">\n    <div class=\"gc-cwv__first-column gc-cwv__first-column--image\">\n            <figure class=\"gc-cwv__image-wrapper\">\n            <div class=\"gc-cwv__image-inner-wrapper\">\n                <img decoding=\"async\" width=\"1024\" height=\"658\" src=\"https:\/\/cdn.surflux.eu\/wp-content\/uploads\/Surf-Luxembourg-Facebook-janvier-2026-16-1024x658.png\" class=\"gc-cwv__image\" alt=\"\" data-no-lazy=\"\" srcset=\"https:\/\/cdn.surflux.eu\/wp-content\/uploads\/Surf-Luxembourg-Facebook-janvier-2026-16-1024x658.png 1024w, https:\/\/cdn.surflux.eu\/wp-content\/uploads\/Surf-Luxembourg-Facebook-janvier-2026-16-300x193.png 300w, https:\/\/cdn.surflux.eu\/wp-content\/uploads\/Surf-Luxembourg-Facebook-janvier-2026-16-768x494.png 768w, https:\/\/cdn.surflux.eu\/wp-content\/uploads\/Surf-Luxembourg-Facebook-janvier-2026-16.png 1400w\" sizes=\"(max-width: 1024px) 100vw, 1024px\" \/>            <\/div>\n        <\/figure>\n            <\/div>\n        <div class=\"gc-cwv__second-column gc-cwv__second-column--encantado\">\n            <div class=\"gc-heading\">\n    <h2 class=\"gc-heading__title h2\">\n\t\t\u00bfEventos profesionales?\n\t<\/h2>            <div class=\"gc-heading__subtitle h4\">\n            \u00a1Surf Luxembourg es perfecto para ti!\n        <\/div>\n    <\/div>\n    <div class=\"gc-cwv__text\">\n        <p>\u00bfTe interesa descubrir c\u00f3mo organizar un evento \u00fanico para tu equipo o amigos? Visita nuestra p\u00e1gina.<br \/>\n \u00a1Para crear tu experiencia a medida! <\/p>\n\n    <\/div>\n            <div class=\"gc-cwv__buttons\">\n                            <a href=\"https:\/\/www.hotelluxembourg-arlon.be\/\" class=\"gc-button gc-button--oro\" target=\"_blank\" rel=\"noopener\">\n                    Reservas de grupo\n        \n            <\/a>\n                            <\/div>\n                <\/div>\n<\/div>\n<\/section>\n\n<div class=\"wp-block-buttons is-layout-flex wp-block-buttons-is-layout-flex\"><\/div>\n<!--\n    Title: Content with visual\n-->\n\n\n<section class=\"gc-cwv gc-cwv--is-reversed gc-cwv--image-cover gc-cwv--image-cover-right gc-cwv--blanco\">\n    <!--\n    Title: Container\n    Mode: preview\n    SupportsJSX: true\n    Blueprint: false\n-->\n\n\n<div class=\"gc-container gc-container--has-margin gc-cwv__container\">\n    <div class=\"gc-cwv__first-column gc-cwv__first-column--image\">\n            <figure class=\"gc-cwv__image-wrapper\">\n            <div class=\"gc-cwv__image-inner-wrapper\">\n                <img decoding=\"async\" width=\"940\" height=\"788\" src=\"https:\/\/cdn.surflux.eu\/wp-content\/uploads\/Facebook_Content-Calendar-SurfLux-4.png\" class=\"gc-cwv__image\" alt=\"\" data-no-lazy=\"\" srcset=\"https:\/\/cdn.surflux.eu\/wp-content\/uploads\/Facebook_Content-Calendar-SurfLux-4.png 940w, https:\/\/cdn.surflux.eu\/wp-content\/uploads\/Facebook_Content-Calendar-SurfLux-4-300x251.png 300w, https:\/\/cdn.surflux.eu\/wp-content\/uploads\/Facebook_Content-Calendar-SurfLux-4-768x644.png 768w\" sizes=\"(max-width: 940px) 100vw, 940px\" \/>            <\/div>\n        <\/figure>\n            <\/div>\n        <div class=\"gc-cwv__second-column gc-cwv__second-column--encantado\">\n            <div class=\"gc-heading\">\n    <h2 class=\"gc-heading__title h2\">\n\t\tENCU\u00c9NTRENOS\n\t<\/h2>    <\/div>\n    <div class=\"gc-cwv__text\">\n        <p><strong data-start=\"132\" data-end=\"145\">\ud83d\udccdDirecci\u00f3n:<\/strong> 596 Ruta de Longwy, 6700 Arlon. Justo al lado de Van der Valk Luxemburgo.<br \/>\n<strong data-start=\"246\" data-end=\"257\">\ud83d\ude97 Acceso:<\/strong> Aparcamiento gratuito en el establecimiento, de f\u00e1cil acceso desde Luxemburgo y B\u00e9lgica.<\/p>\n\n    <\/div>\n                <\/div>\n<\/div>\n<\/section>\n<!--\n    Title: Content With Icons\n-->\n\n<section class=\"gc-cwi gc-cwi--blanco gc-cwi--image-on-left\">\n    <!--\n    Title: Container\n    Mode: preview\n    SupportsJSX: true\n    Blueprint: false\n-->\n\n\n<div class=\"gc-container gc-container--has-margin gc-cwi__container\">\n    <ul class=\"gc-cwi__list\">\n                            <li class=\"gc-cwi__item\">\n                    <img decoding=\"async\" width=\"63\" height=\"68\" src=\"https:\/\/cdn.surflux.eu\/wp-content\/uploads\/shield-heart.svg\" class=\"gc-cwi__icon\" alt=\"\" \/>                    <h3 class=\"gc-cwi__title h4\">\n                        SEGURIDAD\n                    <\/h3>\n                    <p>Nuestras sesiones est\u00e1n dirigidas por entrenadores certificados en un entorno 100% seguro. El equipo, las instrucciones y la supervisi\u00f3n est\u00e1n dise\u00f1ados para que todos puedan disfrutar de la ola con total confianza. <\/p>\n\n                <\/li>\n                            <li class=\"gc-cwi__item\">\n                    <img decoding=\"async\" width=\"74\" height=\"58\" src=\"https:\/\/cdn.surflux.eu\/wp-content\/uploads\/hand-holding-hand.svg\" class=\"gc-cwi__icon\" alt=\"\" \/>                    <h3 class=\"gc-cwi__title h4\">\n                        ACCESIBLE\n                    <\/h3>\n                    <p>Principiantes, aficionados o expertos: en Surf Luxembourg todo el mundo puede practicar surf.  <br data-start=\"785\" data-end=\"788\">Desde 1,30 m de altura y 30 kg de peso, todos pueden encontrar su ritmo gracias a una ola modular y sesiones adaptadas.<\/p>\n\n                <\/li>\n                            <li class=\"gc-cwi__item\">\n                    <img decoding=\"async\" width=\"74\" height=\"59\" src=\"https:\/\/cdn.surflux.eu\/wp-content\/uploads\/sunglasses.svg\" class=\"gc-cwi__icon\" alt=\"\" \/>                    <h3 class=\"gc-cwi__title h4\">\n                        ATM\u00d3SFERA Y DIVERSI\u00d3N\n                    <\/h3>\n                    <p>En Surf Luxembourg, vienes por las olas, \u00a1pero vuelves por el ambiente! Buenas vibras, m\u00fasica y un ambiente amigable para compartir un momento realmente agradable. <\/p>\n\n                <\/li>\n                            <li class=\"gc-cwi__item\">\n                    <img decoding=\"async\" width=\"66\" height=\"62\" src=\"https:\/\/cdn.surflux.eu\/wp-content\/uploads\/leaf.svg\" class=\"gc-cwi__icon\" alt=\"\" \/>                    <h3 class=\"gc-cwi__title h4\">\n                        AMBIENTE\n                    <\/h3>\n                    <p><span class=\"a_GcMg font-feature-liga-off font-feature-clig-off font-feature-calt-off text-decoration-none text-strikethrough-none\">Nuestro centro funciona al 100% con energ\u00eda verde producida localmente por Messancy Biom\u00e9tha.<\/span><\/p>\n\n                <\/li>\n                    <\/ul>\n        <img decoding=\"async\" width=\"768\" height=\"645\" src=\"https:\/\/cdn.surflux.eu\/wp-content\/uploads\/Design-sans-titre.svg\" class=\"gc-cwi__image\" alt=\"\" \/>\n<\/div>\n<\/section>\n","protected":false},"excerpt":{"rendered":"","protected":false},"author":1,"featured_media":0,"parent":0,"menu_order":0,"comment_status":"closed","ping_status":"closed","template":"","meta":{"_acf_changed":false,"inline_featured_image":false,"footnotes":""},"class_list":["post-932","page","type-page","status-publish","hentry"],"acf":[],"_links":{"self":[{"href":"https:\/\/surflux.eu\/es\/wp-json\/wp\/v2\/pages\/932","targetHints":{"allow":["GET"]}}],"collection":[{"href":"https:\/\/surflux.eu\/es\/wp-json\/wp\/v2\/pages"}],"about":[{"href":"https:\/\/surflux.eu\/es\/wp-json\/wp\/v2\/types\/page"}],"author":[{"embeddable":true,"href":"https:\/\/surflux.eu\/es\/wp-json\/wp\/v2\/users\/1"}],"replies":[{"embeddable":true,"href":"https:\/\/surflux.eu\/es\/wp-json\/wp\/v2\/comments?post=932"}],"version-history":[{"count":4,"href":"https:\/\/surflux.eu\/es\/wp-json\/wp\/v2\/pages\/932\/revisions"}],"predecessor-version":[{"id":1846,"href":"https:\/\/surflux.eu\/es\/wp-json\/wp\/v2\/pages\/932\/revisions\/1846"}],"wp:attachment":[{"href":"https:\/\/surflux.eu\/es\/wp-json\/wp\/v2\/media?parent=932"}],"curies":[{"name":"wp","href":"https:\/\/api.w.org\/{rel}","templated":true}]}}