{"id":1646,"date":"2026-02-17T10:22:39","date_gmt":"2026-02-17T09:22:39","guid":{"rendered":"https:\/\/surflux.eu\/turismo\/"},"modified":"2026-04-13T16:46:43","modified_gmt":"2026-04-13T14:46:43","slug":"turismo","status":"publish","type":"page","link":"https:\/\/surflux.eu\/es\/turismo\/","title":{"rendered":"Turismo"},"content":{"rendered":"<!--\n Title: Intro\n-->\n\n<section class=\"gc-intro\">\n    <!--\n    Title: Container\n    Mode: preview\n    SupportsJSX: true\n    Blueprint: false\n-->\n\n\n<div class=\"gc-container\">\n    <div class=\"gc-breadcrumbs\">\n    <nav aria-label=\"breadcrumbs\" class=\"rank-math-breadcrumb\"><p><span class=\"last\">Home<\/span><\/p><\/nav><\/div>\n        <h1 class=\"gc-intro__title\">\n            Turismo  \n        <\/h1>\n                    <h2 class=\"gc-intro__subtitle h4\">\n                Encuentra todas las actividades para hacer en la regi\u00f3n.  \n            <\/h2>\n<\/div>\n<\/section>\n\n<p class=\"has-text-align-center\">Nos enorgullece ser socios de la Oficina de Turismo del Condado de Arlon.<\/p>\n\n<p class=\"has-text-align-center\">Esta alianza nos permite promover conjuntamente los atractivos tur\u00edsticos, culturales y de eventos de la regi\u00f3n de Arlon y sus alrededores. Mediante esta colaboraci\u00f3n, contribuimos activamente a la promoci\u00f3n de la zona y al desarrollo econ\u00f3mico local. <\/p>\n\n<p class=\"has-text-align-center\">\ud83d\udc49 Para descubrir todas las actividades, eventos y lugares imprescindibles de la regi\u00f3n, le invitamos a visitar su sitio web oficial:<\/p>\n\n<div class=\"wp-block-buttons is-content-justification-center is-layout-flex wp-container-core-buttons-is-layout-a89b3969 wp-block-buttons-is-layout-flex\">\n<div class=\"wp-block-button is-style-fill\"><a class=\"wp-block-button__link has-text-align-center wp-element-button\" href=\"https:\/\/www.paysdarlon.be\/\" target=\"_blank\" rel=\"noopener\">Oficina de Turismo del Condado de Arlon<\/a><\/div>\n<\/div>\n<!--\n    Title: Content with visual\n-->\n\n\n<section class=\"gc-cwv gc-cwv--is-reversed gc-cwv--first-column gc-cwv--oro\">\n    <!--\n    Title: Container\n    Mode: preview\n    SupportsJSX: true\n    Blueprint: false\n-->\n\n\n<div class=\"gc-container gc-container--has-margin gc-cwv__container\">\n    <div class=\"gc-cwv__first-column gc-cwv__first-column--image\">\n            <figure class=\"gc-cwv__image-wrapper\">\n            <div class=\"gc-cwv__image-inner-wrapper\">\n                <img decoding=\"async\" width=\"1024\" height=\"658\" src=\"https:\/\/cdn.surflux.eu\/wp-content\/uploads\/Publications-Facebook-janvier-2026-66-1024x658.png\" class=\"gc-cwv__image\" alt=\"\" data-no-lazy=\"\" srcset=\"https:\/\/cdn.surflux.eu\/wp-content\/uploads\/Publications-Facebook-janvier-2026-66-1024x658.png 1024w, https:\/\/cdn.surflux.eu\/wp-content\/uploads\/Publications-Facebook-janvier-2026-66-300x193.png 300w, https:\/\/cdn.surflux.eu\/wp-content\/uploads\/Publications-Facebook-janvier-2026-66-768x494.png 768w, https:\/\/cdn.surflux.eu\/wp-content\/uploads\/Publications-Facebook-janvier-2026-66.png 1400w\" sizes=\"(max-width: 1024px) 100vw, 1024px\" \/>            <\/div>\n        <\/figure>\n            <\/div>\n        <div class=\"gc-cwv__second-column gc-cwv__second-column--encantado\">\n            <div class=\"gc-heading\">\n    <h2 class=\"gc-heading__title h2\">\n\t\tTienda outlet de dise\u00f1adores Mesancy\n\t<\/h2>    <\/div>\n    <div class=\"gc-cwv__text\">\n        <div class=\"flex flex-col text-sm pb-25\">\n<section class=\"text-token-text-primary w-full focus:outline-none [--shadow-height:45px] has-data-writing-block:pointer-events-none has-data-writing-block:-mt-(--shadow-height) has-data-writing-block:pt-(--shadow-height) [&amp;:has([data-writing-block])&gt;*]:pointer-events-auto scroll-mt-[calc(var(--header-height)+min(200px,max(70px,20svh)))]\" dir=\"auto\" data-turn-id=\"request-WEB:47ba279c-ee2b-4fe5-857d-c96d59f8e0e0-1\" data-testid=\"conversation-turn-2\" data-scroll-anchor=\"true\" data-turn=\"assistant\">\n<div class=\"text-base my-auto mx-auto pb-10 [--thread-content-margin:var(--thread-content-margin-xs,calc(var(--spacing)*4))] @w-sm\/main:[--thread-content-margin:var(--thread-content-margin-sm,calc(var(--spacing)*6))] @w-lg\/main:[--thread-content-margin:var(--thread-content-margin-lg,calc(var(--spacing)*16))] px-(--thread-content-margin)\">\n<div class=\"[--thread-content-max-width:40rem] @w-lg\/main:[--thread-content-max-width:48rem] mx-auto max-w-(--thread-content-max-width) flex-1 group\/turn-messages focus-visible:outline-hidden relative flex w-full min-w-0 flex-col agent-turn\">\n<div class=\"flex max-w-full flex-col gap-4 grow\">\n<div class=\"min-h-8 text-message relative flex w-full flex-col items-end gap-2 text-start break-words whitespace-normal outline-none keyboard-focused:focus-ring [.text-message+&amp;]:mt-1\" dir=\"auto\" tabindex=\"0\" data-message-author-role=\"assistant\" data-message-id=\"8d18afa5-bb77-4ab8-91af-2fe32f6f007d\" data-message-model-slug=\"gpt-5-3-mini\" data-turn-start-message=\"true\">\n<div class=\"flex w-full flex-col gap-1 empty:hidden\">\n<div class=\"markdown prose dark:prose-invert w-full wrap-break-word light markdown-new-styling\">\n<p data-start=\"45\" data-end=\"644\" data-is-last-node=\"\" data-is-only-node=\"\">Situado en Messancy, a un paso de la frontera con Luxemburgo, Designer Outlet Luxembourg es una visita obligada para los amantes de las gangas. Este centro comercial re\u00fane a numerosas marcas internacionales de renombre que ofrecen art\u00edculos con descuento durante todo el a\u00f1o. De f\u00e1cil acceso desde Luxemburgo, atrae tanto a visitantes locales como a turistas. Con moda, accesorios y ofertas especiales, es la parada perfecta para incluir en una jornada de compras o un d\u00eda explorando la regi\u00f3n de Messancy.   <\/p>\n<\/div>\n<\/div>\n<\/div>\n<\/div>\n<div class=\"z-0 flex min-h-[46px] justify-start\"><\/div>\n<div class=\"mt-3 w-full empty:hidden\">\n<div class=\"text-center\"><\/div>\n<\/div>\n<\/div>\n<\/div>\n<\/section>\n<\/div>\n<div class=\"pointer-events-none h-px w-px absolute bottom-0\" aria-hidden=\"true\" data-edge=\"true\"><\/div>\n\n    <\/div>\n            <div class=\"gc-cwv__buttons\">\n                            <a href=\"https:\/\/funnymountain.be\/\" class=\"gc-button gc-button--oro\" target=\"_blank\" rel=\"noopener\">\n                    Monta\u00f1a divertida\n        \n            <\/a>\n                            <\/div>\n                <\/div>\n<\/div>\n<\/section>\n<!--\n    Title: Content with visual\n-->\n\n\n<section class=\"gc-cwv gc-cwv--first-column gc-cwv--oro\">\n    <!--\n    Title: Container\n    Mode: preview\n    SupportsJSX: true\n    Blueprint: false\n-->\n\n\n<div class=\"gc-container gc-container--has-margin gc-cwv__container\">\n    <div class=\"gc-cwv__first-column gc-cwv__first-column--image\">\n            <figure class=\"gc-cwv__image-wrapper\">\n            <div class=\"gc-cwv__image-inner-wrapper\">\n                <img decoding=\"async\" width=\"1024\" height=\"1024\" src=\"https:\/\/cdn.surflux.eu\/wp-content\/uploads\/funny-mountain-1024x1024.jpg\" class=\"gc-cwv__image\" alt=\"\" data-no-lazy=\"\" srcset=\"https:\/\/cdn.surflux.eu\/wp-content\/uploads\/funny-mountain-1024x1024.jpg 1024w, https:\/\/cdn.surflux.eu\/wp-content\/uploads\/funny-mountain-300x300.jpg 300w, https:\/\/cdn.surflux.eu\/wp-content\/uploads\/funny-mountain-150x150.jpg 150w, https:\/\/cdn.surflux.eu\/wp-content\/uploads\/funny-mountain-768x768.jpg 768w, https:\/\/cdn.surflux.eu\/wp-content\/uploads\/funny-mountain.jpg 1200w\" sizes=\"(max-width: 1024px) 100vw, 1024px\" \/>            <\/div>\n        <\/figure>\n            <\/div>\n        <div class=\"gc-cwv__second-column gc-cwv__second-column--encantado\">\n            <div class=\"gc-heading\">\n    <h2 class=\"gc-heading__title h2\">\n\t\tMonta\u00f1a divertida\n\t<\/h2>    <\/div>\n    <div class=\"gc-cwv__text\">\n        <p>\u00a1Descubre Funny Mountain, el parque de atracciones imprescindible para todas las edades en Arlon! Ubicado en el coraz\u00f3n de la ciudad, este parque combina juegos inflables, toboganes, camas el\u00e1sticas y actividades divertidas para horas de entretenimiento con familiares y amigos. Perfecto para cumplea\u00f1os, excursiones escolares o simplemente un d\u00eda de diversi\u00f3n, Funny Mountain promete risas, energ\u00eda y emociones fuertes en un ambiente seguro y amigable. \u00a1Ven y vive una aventura inolvidable donde la diversi\u00f3n est\u00e1 garantizada!   <\/p>\n\n    <\/div>\n            <div class=\"gc-cwv__buttons\">\n                            <a href=\"https:\/\/funnymountain.be\/\" class=\"gc-button gc-button--oro\" target=\"_blank\" rel=\"noopener\">\n                    Monta\u00f1a divertida\n        \n            <\/a>\n                            <\/div>\n                <\/div>\n<\/div>\n<\/section>\n<!--\n    Title: Content with visual\n-->\n\n\n<section class=\"gc-cwv gc-cwv--second-column gc-cwv--blanco\">\n    <!--\n    Title: Container\n    Mode: preview\n    SupportsJSX: true\n    Blueprint: false\n-->\n\n\n<div class=\"gc-container gc-container--has-margin gc-cwv__container\">\n    <div class=\"gc-cwv__first-column gc-cwv__first-column--encantado\">\n            <div class=\"gc-heading\">\n    <h2 class=\"gc-heading__title h2\">\n\t\tLuxfly\n\t<\/h2>    <\/div>\n    <div class=\"gc-cwv__text\">\n        <p>\u00bfBuscas una experiencia \u00fanica en la regi\u00f3n de Arlon? Luxfly te ofrece una actividad inmersiva y llena de adrenalina, ideal para los amantes de las emociones fuertes y los descubrimientos originales. Apta para principiantes y aventureros por igual, esta actividad te brinda un momento inolvidable para compartir con amigos, familiares o en eventos especiales. Dirigida por profesionales, Luxfly garantiza seguridad, diversi\u00f3n y emoci\u00f3n en un entorno moderno y din\u00e1mico.   <\/p>\n\n    <\/div>\n            <div class=\"gc-cwv__buttons\">\n                            <a href=\"https:\/\/indoorskydive.lu\/en\" class=\"gc-button gc-button--oro\" target=\"_blank\" rel=\"noopener\">\n                    Luxfly\n        \n            <\/a>\n                            <\/div>\n                <\/div>\n        <div class=\"gc-cwv__second-column gc-cwv__second-column--image\">\n            <figure class=\"gc-cwv__image-wrapper\">\n            <div class=\"gc-cwv__image-inner-wrapper\">\n                <img decoding=\"async\" width=\"1024\" height=\"535\" src=\"https:\/\/cdn.surflux.eu\/wp-content\/uploads\/Yb3lExOUOL9CBZk2IwrRQUUvVuxUtn4dmEKYZdPf-1024x535.jpg\" class=\"gc-cwv__image\" alt=\"\" data-no-lazy=\"\" srcset=\"https:\/\/cdn.surflux.eu\/wp-content\/uploads\/Yb3lExOUOL9CBZk2IwrRQUUvVuxUtn4dmEKYZdPf-1024x535.jpg 1024w, https:\/\/cdn.surflux.eu\/wp-content\/uploads\/Yb3lExOUOL9CBZk2IwrRQUUvVuxUtn4dmEKYZdPf-300x157.jpg 300w, https:\/\/cdn.surflux.eu\/wp-content\/uploads\/Yb3lExOUOL9CBZk2IwrRQUUvVuxUtn4dmEKYZdPf-768x401.jpg 768w, https:\/\/cdn.surflux.eu\/wp-content\/uploads\/Yb3lExOUOL9CBZk2IwrRQUUvVuxUtn4dmEKYZdPf.jpg 1200w\" sizes=\"(max-width: 1024px) 100vw, 1024px\" \/>            <\/div>\n        <\/figure>\n            <\/div>\n<\/div>\n<\/section>\n<!--\n    Title: Content with visual\n-->\n\n\n<section class=\"gc-cwv gc-cwv--first-column gc-cwv--oro\">\n    <!--\n    Title: Container\n    Mode: preview\n    SupportsJSX: true\n    Blueprint: false\n-->\n\n\n<div class=\"gc-container gc-container--has-margin gc-cwv__container\">\n    <div class=\"gc-cwv__first-column gc-cwv__first-column--image\">\n            <figure class=\"gc-cwv__image-wrapper\">\n            <div class=\"gc-cwv__image-inner-wrapper\">\n                <img decoding=\"async\" width=\"1024\" height=\"683\" src=\"https:\/\/cdn.surflux.eu\/wp-content\/uploads\/4048-1024x683.webp\" class=\"gc-cwv__image\" alt=\"\" data-no-lazy=\"\" srcset=\"https:\/\/cdn.surflux.eu\/wp-content\/uploads\/4048-1024x683.webp 1024w, https:\/\/cdn.surflux.eu\/wp-content\/uploads\/4048-300x200.webp 300w, https:\/\/cdn.surflux.eu\/wp-content\/uploads\/4048-768x512.webp 768w, https:\/\/cdn.surflux.eu\/wp-content\/uploads\/4048-1536x1024.webp 1536w, https:\/\/cdn.surflux.eu\/wp-content\/uploads\/4048-2048x1365.webp 2048w\" sizes=\"(max-width: 1024px) 100vw, 1024px\" \/>            <\/div>\n        <\/figure>\n            <\/div>\n        <div class=\"gc-cwv__second-column gc-cwv__second-column--encantado\">\n            <div class=\"gc-heading\">\n    <h2 class=\"gc-heading__title h2\">\n\t\tEspacio\n\t<\/h2>    <\/div>\n    <div class=\"gc-cwv__text\">\n        <p>Ubicado en Arlon, Space Arlon es un moderno centro de ocio dedicado a la diversi\u00f3n y a compartir. Ya sea con amigos, en familia o en grupo, el centro ofrece actividades amenas en un ambiente din\u00e1mico y acogedor. Ideal para una velada \u00fanica, una celebraci\u00f3n de cumplea\u00f1os o un merecido descanso tras un d\u00eda de turismo, Space Arlon se ha convertido en un destino imprescindible para el entretenimiento en la regi\u00f3n.  <\/p>\n\n    <\/div>\n            <div class=\"gc-cwv__buttons\">\n                            <a href=\"https:\/\/space-arlon.be\/\" class=\"gc-button gc-button--oro\" target=\"_blank\" rel=\"noopener\">\n                    Espacio\n        \n            <\/a>\n                            <\/div>\n                <\/div>\n<\/div>\n<\/section>\n<!--\n    Title: Content with visual\n-->\n\n\n<section class=\"gc-cwv gc-cwv--second-column gc-cwv--blanco\">\n    <!--\n    Title: Container\n    Mode: preview\n    SupportsJSX: true\n    Blueprint: false\n-->\n\n\n<div class=\"gc-container gc-container--has-margin gc-cwv__container\">\n    <div class=\"gc-cwv__first-column gc-cwv__first-column--encantado\">\n            <div class=\"gc-heading\">\n    <h2 class=\"gc-heading__title h2\">\n\t\t\n\t<\/h2>    <\/div>\n    <div class=\"gc-cwv__text\">\n        <p>Situado cerca del centro de Arlon, el Arlon Golf Club ofrece un entorno verde y tranquilo, ideal para los amantes del golf y para quienes buscan relajarse en la naturaleza. Su campo, mantenido con esmero, atrae tanto a jugadores experimentados como a principiantes deseosos de descubrir este elegante y preciso deporte. Con sus modernas instalaciones y un ambiente acogedor, el Arlon Golf Club es un destino imprescindible para combinar deporte, descanso y exploraci\u00f3n de la regi\u00f3n.  <\/p>\n\n    <\/div>\n            <div class=\"gc-cwv__buttons\">\n                            <a href=\"https:\/\/boisdarlon.be\/en\/?msclkid=0376639dd25510e9a6c70a09fe4704d7&amp;utm_source=bing&amp;utm_medium=cpc&amp;utm_campaign=Branding%20Bois%20d%27Arlon%20EN%20-%20Bing&amp;utm_term=hotel%20golf%20bois%20d%20arlon&amp;utm_content=Branding%20Bois%20d%27Arlon\" class=\"gc-button gc-button--oro\" target=\"_blank\" rel=\"noopener\">\n                    Campo de golf Arlon  \n        \n            <\/a>\n                            <\/div>\n                <\/div>\n        <div class=\"gc-cwv__second-column gc-cwv__second-column--image\">\n            <figure class=\"gc-cwv__image-wrapper\">\n            <div class=\"gc-cwv__image-inner-wrapper\">\n                <img decoding=\"async\" width=\"392\" height=\"220\" src=\"https:\/\/cdn.surflux.eu\/wp-content\/uploads\/OIP-4.jpg\" class=\"gc-cwv__image\" alt=\"\" data-no-lazy=\"\" srcset=\"https:\/\/cdn.surflux.eu\/wp-content\/uploads\/OIP-4.jpg 392w, https:\/\/cdn.surflux.eu\/wp-content\/uploads\/OIP-4-300x168.jpg 300w\" sizes=\"(max-width: 392px) 100vw, 392px\" \/>            <\/div>\n        <\/figure>\n            <\/div>\n<\/div>\n<\/section>\n<!--\n    Title: Content with visual\n-->\n\n\n<section class=\"gc-cwv gc-cwv--first-column gc-cwv--oro\">\n    <!--\n    Title: Container\n    Mode: preview\n    SupportsJSX: true\n    Blueprint: false\n-->\n\n\n<div class=\"gc-container gc-container--has-margin gc-cwv__container\">\n    <div class=\"gc-cwv__first-column gc-cwv__first-column--image\">\n            <figure class=\"gc-cwv__image-wrapper\">\n            <div class=\"gc-cwv__image-inner-wrapper\">\n                <img decoding=\"async\" width=\"1000\" height=\"800\" src=\"https:\/\/cdn.surflux.eu\/wp-content\/uploads\/yoyo-arlon-indoor-playground.jpg\" class=\"gc-cwv__image\" alt=\"\" data-no-lazy=\"\" srcset=\"https:\/\/cdn.surflux.eu\/wp-content\/uploads\/yoyo-arlon-indoor-playground.jpg 1000w, https:\/\/cdn.surflux.eu\/wp-content\/uploads\/yoyo-arlon-indoor-playground-300x240.jpg 300w, https:\/\/cdn.surflux.eu\/wp-content\/uploads\/yoyo-arlon-indoor-playground-768x614.jpg 768w\" sizes=\"(max-width: 1000px) 100vw, 1000px\" \/>            <\/div>\n        <\/figure>\n            <\/div>\n        <div class=\"gc-cwv__second-column gc-cwv__second-column--encantado\">\n            <div class=\"gc-heading\">\n    <h2 class=\"gc-heading__title h2\">\n\t\tYoyo Arlon\n\t<\/h2>    <\/div>\n    <div class=\"gc-cwv__text\">\n        <p>Situado en Arlon, Yoyo es una visita obligada para pasar un rato divertido con amigos o familiares. En un ambiente animado y acogedor, ofrece el espacio ideal para divertirse, reconectar y disfrutar de una salida \u00fanica en la regi\u00f3n. Ya sea para una velada llena de diversi\u00f3n, un evento especial o simplemente un descanso, Yoyo contribuye a la variada y atractiva oferta de ocio de Arlon.  <\/p>\n\n    <\/div>\n            <div class=\"gc-cwv__buttons\">\n                            <a href=\"https:\/\/yoyo-arlon.be\/\" class=\"gc-button gc-button--oro\" target=\"_blank\" rel=\"noopener\">\n                    Yoy\u00f3  \n        \n            <\/a>\n                            <\/div>\n                <\/div>\n<\/div>\n<\/section>\n<!--\n    Title: Content with visual\n-->\n\n\n<section class=\"gc-cwv gc-cwv--second-column gc-cwv--blanco\">\n    <!--\n    Title: Container\n    Mode: preview\n    SupportsJSX: true\n    Blueprint: false\n-->\n\n\n<div class=\"gc-container gc-container--has-margin gc-cwv__container\">\n    <div class=\"gc-cwv__first-column gc-cwv__first-column--encantado\">\n            <div class=\"gc-heading\">\n    <h2 class=\"gc-heading__title h2\">\n\t\tKarting de Lexy\n\t<\/h2>    <\/div>\n    <div class=\"gc-cwv__text\">\n        <p>A tan solo unos minutos de Arlon, el circuito de karts de Longwy es el lugar perfecto para vivir emociones fuertes con total seguridad. En una pista t\u00e9cnica y din\u00e1mica, tanto principiantes como pilotos experimentados pueden poner a prueba su habilidad y velocidad en un ambiente amigable y competitivo. Ideal para un d\u00eda con amigos, una celebraci\u00f3n de cumplea\u00f1os o una actividad de integraci\u00f3n de equipos, el circuito de karts de Longwy promete adrenalina, diversi\u00f3n y un esp\u00edritu de superaci\u00f3n a las puertas de la regi\u00f3n.  <\/p>\n\n    <\/div>\n            <div class=\"gc-cwv__buttons\">\n                            <a href=\"https:\/\/ntkart.com\/\" class=\"gc-button gc-button--oro\" target=\"_blank\" rel=\"noopener\">\n                    Karting de Lexy  \n        \n            <\/a>\n                            <\/div>\n                <\/div>\n        <div class=\"gc-cwv__second-column gc-cwv__second-column--image\">\n            <figure class=\"gc-cwv__image-wrapper\">\n            <div class=\"gc-cwv__image-inner-wrapper\">\n                <img decoding=\"async\" width=\"960\" height=\"717\" src=\"https:\/\/cdn.surflux.eu\/wp-content\/uploads\/Kart-track-NT-Kart-Lexy-Lexy-France-1.avif\" class=\"gc-cwv__image\" alt=\"\" data-no-lazy=\"\" \/>            <\/div>\n        <\/figure>\n            <\/div>\n<\/div>\n<\/section>\n<!--\n    Title: Content with visual\n-->\n\n\n<section class=\"gc-cwv gc-cwv--first-column gc-cwv--oro\">\n    <!--\n    Title: Container\n    Mode: preview\n    SupportsJSX: true\n    Blueprint: false\n-->\n\n\n<div class=\"gc-container gc-container--has-margin gc-cwv__container\">\n    <div class=\"gc-cwv__first-column gc-cwv__first-column--image\">\n            <figure class=\"gc-cwv__image-wrapper\">\n            <div class=\"gc-cwv__image-inner-wrapper\">\n                <img decoding=\"async\" width=\"600\" height=\"600\" src=\"https:\/\/cdn.surflux.eu\/wp-content\/uploads\/escape-room-logo-1.jpg\" class=\"gc-cwv__image\" alt=\"\" data-no-lazy=\"\" srcset=\"https:\/\/cdn.surflux.eu\/wp-content\/uploads\/escape-room-logo-1.jpg 600w, https:\/\/cdn.surflux.eu\/wp-content\/uploads\/escape-room-logo-1-300x300.jpg 300w, https:\/\/cdn.surflux.eu\/wp-content\/uploads\/escape-room-logo-1-150x150.jpg 150w\" sizes=\"(max-width: 600px) 100vw, 600px\" \/>            <\/div>\n        <\/figure>\n            <\/div>\n        <div class=\"gc-cwv__second-column gc-cwv__second-column--encantado\">\n            <div class=\"gc-heading\">\n    <h2 class=\"gc-heading__title h2\">\n\t\tEncarcelado\n\t<\/h2>    <\/div>\n    <div class=\"gc-cwv__text\">\n        <p>Ubicado en Arlon, Locked Up te sumerge en una aventura donde la l\u00f3gica, el trabajo en equipo y la serenidad son tus mejores aliados. Con tu familia, amigos o compa\u00f1eros, intenta resolver acertijos y desentra\u00f1ar los misterios de una historia cautivadora antes de que se acabe el tiempo. Cada misi\u00f3n ofrece una experiencia \u00fanica, combinando suspenso, resoluci\u00f3n de problemas y diversi\u00f3n. Una actividad imprescindible para vivir una experiencia intensa y original en la regi\u00f3n.   <\/p>\n\n    <\/div>\n            <div class=\"gc-cwv__buttons\">\n                            <a href=\"https:\/\/www.locked-up.be\/\" class=\"gc-button gc-button--oro\" target=\"_blank\" rel=\"noopener\">\n                    Encarcelado  \n        \n            <\/a>\n                            <\/div>\n                <\/div>\n<\/div>\n<\/section>\n<!--\n    Title: Content with visual\n-->\n\n\n<section class=\"gc-cwv gc-cwv--second-column gc-cwv--blanco\">\n    <!--\n    Title: Container\n    Mode: preview\n    SupportsJSX: true\n    Blueprint: false\n-->\n\n\n<div class=\"gc-container gc-container--has-margin gc-cwv__container\">\n    <div class=\"gc-cwv__first-column gc-cwv__first-column--encantado\">\n            <div class=\"gc-heading\">\n    <h2 class=\"gc-heading__title h2\">\n\t\tKojump\n\t<\/h2>    <\/div>\n    <div class=\"gc-cwv__text\">\n        <p>Ubicado en Messancy, cerca de Arlon, KOJUMP Arlon-Messancy es el lugar perfecto para recargar energ\u00edas y mejorar tu estado de \u00e1nimo. Este moderno parque de trampolines ofrece diversas zonas de salto y actividades divertidas para ni\u00f1os, adolescentes y adultos. Ya sea para una salida familiar, una fiesta de cumplea\u00f1os o una reuni\u00f3n deportiva con amigos, KOJUMP garantiza diversi\u00f3n, retos y emociones fuertes en un entorno seguro y din\u00e1mico.  <\/p>\n\n    <\/div>\n            <div class=\"gc-cwv__buttons\">\n                            <a href=\"https:\/\/kojump.com\/messancy\/\" class=\"gc-button gc-button--oro\" target=\"_blank\" rel=\"noopener\">\n                    Kojump\n        \n            <\/a>\n                            <\/div>\n                <\/div>\n        <div class=\"gc-cwv__second-column gc-cwv__second-column--image\">\n            <figure class=\"gc-cwv__image-wrapper\">\n            <div class=\"gc-cwv__image-inner-wrapper\">\n                <img decoding=\"async\" width=\"1024\" height=\"767\" src=\"https:\/\/cdn.surflux.eu\/wp-content\/uploads\/291663494_1027025211317085_7896296040057646316_n-1024x767.jpg\" class=\"gc-cwv__image\" alt=\"\" data-no-lazy=\"\" srcset=\"https:\/\/cdn.surflux.eu\/wp-content\/uploads\/291663494_1027025211317085_7896296040057646316_n-1024x767.jpg 1024w, https:\/\/cdn.surflux.eu\/wp-content\/uploads\/291663494_1027025211317085_7896296040057646316_n-300x225.jpg 300w, https:\/\/cdn.surflux.eu\/wp-content\/uploads\/291663494_1027025211317085_7896296040057646316_n-768x575.jpg 768w, https:\/\/cdn.surflux.eu\/wp-content\/uploads\/291663494_1027025211317085_7896296040057646316_n.jpg 1170w\" sizes=\"(max-width: 1024px) 100vw, 1024px\" \/>            <\/div>\n        <\/figure>\n            <\/div>\n<\/div>\n<\/section>\n<!--\n    Title: Mask Image\n-->\n\n<section class=\"gc-mask-image gc-mask-image--c\u00edrculo\">\n    <!--\n    Title: Container\n    Mode: preview\n    SupportsJSX: true\n    Blueprint: false\n-->\n\n\n<div class=\"gc-container  gc-mask-image__container\">\n    <div class=\"gc-mask-image__left\">\n            <h2 class=\"gc-mask-image__title\"> Visita Valonia  \n<\/h2>\n            <div class=\"gc-mask-image__description\"><p>Te invitamos a visitar la p\u00e1gina de Visit Wallonia para descubrir todas las actividades que puedes realizar en los alrededores.<\/p>\n<\/div>\n            <a href=\"https:\/\/visitwallonia.com\/\" class=\"gc-button  gc-mask-image__button\" target=\"_blank\" rel=\"noopener\">\n                    Visita Valonia  \n        \n            <\/a>\n                <\/div>\n        <img decoding=\"async\" width=\"440\" height=\"220\" src=\"https:\/\/cdn.surflux.eu\/wp-content\/uploads\/visit.jpg\" class=\"gc-mask-image__image\" alt=\"\" srcset=\"https:\/\/cdn.surflux.eu\/wp-content\/uploads\/visit.jpg 440w, https:\/\/cdn.surflux.eu\/wp-content\/uploads\/visit-300x150.jpg 300w\" sizes=\"(max-width: 440px) 100vw, 440px\" \/>\n<\/div>\n<\/section>\n\n<p><\/p>\n","protected":false},"excerpt":{"rendered":"<p>Nos enorgullece ser socios de la Oficina de Turismo del Condado de Arlon. Esta alianza nos permite promover conjuntamente los atractivos tur\u00edsticos, culturales y de eventos de la regi\u00f3n de Arlon y sus alrededores. Mediante esta colaboraci\u00f3n, contribuimos activamente a la promoci\u00f3n de la zona y al desarrollo econ\u00f3mico local. \ud83d\udc49 Para descubrir todas las [&hellip;]<\/p>\n","protected":false},"author":2,"featured_media":0,"parent":0,"menu_order":0,"comment_status":"closed","ping_status":"closed","template":"","meta":{"_acf_changed":false,"inline_featured_image":false,"footnotes":""},"class_list":["post-1646","page","type-page","status-publish","hentry"],"acf":[],"_links":{"self":[{"href":"https:\/\/surflux.eu\/es\/wp-json\/wp\/v2\/pages\/1646","targetHints":{"allow":["GET"]}}],"collection":[{"href":"https:\/\/surflux.eu\/es\/wp-json\/wp\/v2\/pages"}],"about":[{"href":"https:\/\/surflux.eu\/es\/wp-json\/wp\/v2\/types\/page"}],"author":[{"embeddable":true,"href":"https:\/\/surflux.eu\/es\/wp-json\/wp\/v2\/users\/2"}],"replies":[{"embeddable":true,"href":"https:\/\/surflux.eu\/es\/wp-json\/wp\/v2\/comments?post=1646"}],"version-history":[{"count":3,"href":"https:\/\/surflux.eu\/es\/wp-json\/wp\/v2\/pages\/1646\/revisions"}],"predecessor-version":[{"id":1666,"href":"https:\/\/surflux.eu\/es\/wp-json\/wp\/v2\/pages\/1646\/revisions\/1666"}],"wp:attachment":[{"href":"https:\/\/surflux.eu\/es\/wp-json\/wp\/v2\/media?parent=1646"}],"curies":[{"name":"wp","href":"https:\/\/api.w.org\/{rel}","templated":true}]}}