{"id":1084,"date":"2026-01-15T14:07:07","date_gmt":"2026-01-15T13:07:07","guid":{"rendered":"https:\/\/surflux.eu\/tarifas-para-grupos\/"},"modified":"2026-04-14T12:40:42","modified_gmt":"2026-04-14T10:40:42","slug":"tarifas-para-grupos","status":"publish","type":"page","link":"https:\/\/surflux.eu\/es\/tarifas-para-grupos\/","title":{"rendered":"Tarifas para grupos"},"content":{"rendered":"<!--\n    Title: Hero\n-->\n\n\n<section class=\"gc-hero gc-hero--standard\">\n    <!--\n    Title: Container\n    Mode: preview\n    SupportsJSX: true\n    Blueprint: false\n-->\n\n\n<div class=\"gc-container  gc-hero__container\">\n    <div class=\"gc-hero__wrapper\">\n                            <div class=\"gc-breadcrumbs gc-hero__breadcrumbs\">\n    <nav aria-label=\"breadcrumbs\" class=\"rank-math-breadcrumb\"><p><span class=\"last\">Home<\/span><\/p><\/nav><\/div>\n                        <h1 class=\"gc-hero__title\">\n                Tarifas para grupos  \n            <\/h1>\n            <h2 class=\"gc-hero__subtitle h4\">\n                \u00bfEst\u00e1s buscando organizar un evento corporativo?\n            <\/h2>\n            <div class=\"gc-hero__content\">\n                <p data-start=\"201\" data-end=\"363\">Combine rendimiento y disfrute ofreciendo a sus equipos un momento de relajaci\u00f3n y dinamismo en un entorno \u00fanico, propicio para la creatividad y la cohesi\u00f3n.<\/p>\n<p data-start=\"370\" data-end=\"516\">Seminario, team building o lanzamiento de producto: Surf Luxembourg transforma cada evento en una experiencia inmersiva y memorable.<\/p>\n<p data-start=\"523\" data-end=\"623\">Nuestros equipos le ayudar\u00e1n a crear un evento personalizado, inolvidable y unificador.<\/p>\n\n            <\/div>\n                    <\/div>\n                    <div class=\"gc-hero__image-wrapper\">\n                <img fetchpriority=\"high\" width=\"1024\" height=\"658\" src=\"https:\/\/cdn.surflux.eu\/wp-content\/uploads\/Surf-Luxembourg-Facebook-janvier-2026-28-1024x658.png\" class=\"gc-hero__image\" alt=\"\" loading=\"eager\" decoding=\"sync\" srcset=\"https:\/\/cdn.surflux.eu\/wp-content\/uploads\/Surf-Luxembourg-Facebook-janvier-2026-28-1024x658.png 1024w, https:\/\/cdn.surflux.eu\/wp-content\/uploads\/Surf-Luxembourg-Facebook-janvier-2026-28-300x193.png 300w, https:\/\/cdn.surflux.eu\/wp-content\/uploads\/Surf-Luxembourg-Facebook-janvier-2026-28-768x494.png 768w, https:\/\/cdn.surflux.eu\/wp-content\/uploads\/Surf-Luxembourg-Facebook-janvier-2026-28.png 1400w\" sizes=\"(max-width: 1024px) 100vw, 1024px\" \/>            <\/div>\n<\/div>\n<\/section>\n\n\n<!--\n    Title: Content with visual\n-->\n\n\n<section class=\"gc-cwv gc-cwv--first-column gc-cwv--blanco\">\n    <!--\n    Title: Container\n    Mode: preview\n    SupportsJSX: true\n    Blueprint: false\n-->\n\n\n<div class=\"gc-container gc-container--has-margin gc-cwv__container\">\n    <div class=\"gc-cwv__first-column gc-cwv__first-column--image\">\n            <figure class=\"gc-cwv__image-wrapper\">\n            <div class=\"gc-cwv__image-inner-wrapper\">\n                <img decoding=\"async\" width=\"940\" height=\"788\" src=\"https:\/\/cdn.surflux.eu\/wp-content\/uploads\/Design-sans-titre-2.svg\" class=\"gc-cwv__image\" alt=\"\" data-no-lazy=\"\" \/>            <\/div>\n        <\/figure>\n            <\/div>\n        <div class=\"gc-cwv__second-column gc-cwv__second-column--encantado\">\n            <div class=\"gc-heading\">\n    <h2 class=\"gc-heading__title h2\">\n\t\tPAQUETES PERSONALIZADOS\n\t<\/h2>            <div class=\"gc-heading__subtitle h4\">\n            Ofertas a medida, adaptadas a cada evento.\n        <\/div>\n    <\/div>\n    <div class=\"gc-cwv__text\">\n        <p>Paquetes totalmente personalizados, dise\u00f1ados para adaptarse a cada tipo de evento, tus deseos y objetivos. Gracias a nuestra amplia y acogedora sala de estar y a nuestro restaurante de autoservicio, podr\u00e1s prolongar tu experiencia en un ambiente c\u00f3modo y acogedor. Ya sea que quieras quedar para tomar una copa, compartir una comida o simplemente charlar en un ambiente relajado, todo est\u00e1 dise\u00f1ado para que tu visita sea una experiencia completa, agradable e inolvidable, tanto antes como despu\u00e9s de tu sesi\u00f3n de surf.  <\/p>\n\n    <\/div>\n            <div class=\"gc-cwv__buttons\">\n                            <a\n        href=\"https:\/\/surflux.eu\/contacto\/?lang=es\" class=\"gc-button gc-button--oro\">\n                    Cont\u00e1ctanos\n        \n            <\/a>\n                            <\/div>\n                <\/div>\n<\/div>\n<\/section>\n\n\n<!--\n    Title: Content with visual\n-->\n\n\n<section class=\"gc-cwv gc-cwv--first-column gc-cwv--second-column gc-cwv--white\">\n    <!--\n    Title: Container\n    Mode: preview\n    SupportsJSX: true\n    Blueprint: false\n-->\n\n\n<div class=\"gc-container gc-container--has-margin gc-cwv__container\">\n    <div class=\"gc-cwv__first-column gc-cwv__first-column--image\">\n            <figure class=\"gc-cwv__video-container\">\n                    <\/figure>\n            <\/div>\n        <div class=\"gc-cwv__second-column gc-cwv__second-column--gallery\">\n            <div class=\"gc-cwv__gallery\">\n                                                <img decoding=\"async\" width=\"819\" height=\"1024\" src=\"https:\/\/cdn.surflux.eu\/wp-content\/uploads\/Publication-Instagram-janvier-2026-66-819x1024.png\" class=\"gc-cwv__image\" alt=\"\" data-no-lazy=\"\" srcset=\"https:\/\/cdn.surflux.eu\/wp-content\/uploads\/Publication-Instagram-janvier-2026-66-819x1024.png 819w, https:\/\/cdn.surflux.eu\/wp-content\/uploads\/Publication-Instagram-janvier-2026-66-240x300.png 240w, https:\/\/cdn.surflux.eu\/wp-content\/uploads\/Publication-Instagram-janvier-2026-66-768x960.png 768w, https:\/\/cdn.surflux.eu\/wp-content\/uploads\/Publication-Instagram-janvier-2026-66.png 1080w\" sizes=\"(max-width: 819px) 100vw, 819px\" \/>                                                                                                <div class=\"gc-cwv__gallery-grid\">\n                                                                                                <img decoding=\"async\" width=\"819\" height=\"1024\" src=\"https:\/\/cdn.surflux.eu\/wp-content\/uploads\/Publication-Instagram-janvier-2026-56-819x1024.png\" class=\"gc-cwv__image\" alt=\"\" data-no-lazy=\"\" srcset=\"https:\/\/cdn.surflux.eu\/wp-content\/uploads\/Publication-Instagram-janvier-2026-56-819x1024.png 819w, https:\/\/cdn.surflux.eu\/wp-content\/uploads\/Publication-Instagram-janvier-2026-56-240x300.png 240w, https:\/\/cdn.surflux.eu\/wp-content\/uploads\/Publication-Instagram-janvier-2026-56-768x960.png 768w, https:\/\/cdn.surflux.eu\/wp-content\/uploads\/Publication-Instagram-janvier-2026-56.png 1080w\" sizes=\"(max-width: 819px) 100vw, 819px\" \/>                                                                                <img decoding=\"async\" width=\"819\" height=\"1024\" src=\"https:\/\/cdn.surflux.eu\/wp-content\/uploads\/Surf-Luxembourg-instagram-janvier-34-819x1024.png\" class=\"gc-cwv__image\" alt=\"\" data-no-lazy=\"\" srcset=\"https:\/\/cdn.surflux.eu\/wp-content\/uploads\/Surf-Luxembourg-instagram-janvier-34-819x1024.png 819w, https:\/\/cdn.surflux.eu\/wp-content\/uploads\/Surf-Luxembourg-instagram-janvier-34-240x300.png 240w, https:\/\/cdn.surflux.eu\/wp-content\/uploads\/Surf-Luxembourg-instagram-janvier-34-768x960.png 768w, https:\/\/cdn.surflux.eu\/wp-content\/uploads\/Surf-Luxembourg-instagram-janvier-34.png 1080w\" sizes=\"(max-width: 819px) 100vw, 819px\" \/>                                                <\/div>\n        <\/div>\n            <\/div>\n<\/div>\n<\/section>\n\n\n<!--\n    Title: Content with visual\n-->\n\n\n<section class=\"gc-cwv gc-cwv--is-reversed gc-cwv--image-cover gc-cwv--image-cover-right gc-cwv--blanco\">\n    <!--\n    Title: Container\n    Mode: preview\n    SupportsJSX: true\n    Blueprint: false\n-->\n\n\n<div class=\"gc-container gc-container--has-margin gc-cwv__container\">\n    <div class=\"gc-cwv__first-column gc-cwv__first-column--image\">\n            <figure class=\"gc-cwv__image-wrapper\">\n            <div class=\"gc-cwv__image-inner-wrapper\">\n                <img decoding=\"async\" width=\"940\" height=\"788\" src=\"https:\/\/cdn.surflux.eu\/wp-content\/uploads\/Facebook_Content-Calendar-SurfLux-4.png\" class=\"gc-cwv__image\" alt=\"\" data-no-lazy=\"\" srcset=\"https:\/\/cdn.surflux.eu\/wp-content\/uploads\/Facebook_Content-Calendar-SurfLux-4.png 940w, https:\/\/cdn.surflux.eu\/wp-content\/uploads\/Facebook_Content-Calendar-SurfLux-4-300x251.png 300w, https:\/\/cdn.surflux.eu\/wp-content\/uploads\/Facebook_Content-Calendar-SurfLux-4-768x644.png 768w\" sizes=\"(max-width: 940px) 100vw, 940px\" \/>            <\/div>\n        <\/figure>\n            <\/div>\n        <div class=\"gc-cwv__second-column gc-cwv__second-column--encantado\">\n            <div class=\"gc-heading\">\n    <h2 class=\"gc-heading__title h2\">\n\t\tHotel e instalaciones\n\t<\/h2>            <div class=\"gc-heading__subtitle h4\">\n            T\u00f3mate tu tiempo, pasa alg\u00fan tiempo aqu\u00ed.\n        <\/div>\n    <\/div>\n    <div class=\"gc-cwv__text\">\n        <p>Ampl\u00ede su experiencia de surf aloj\u00e1ndose en el Van der Valk Luxembourg Arlon, situado justo al lado.<\/p>\n<p>Disfrute de comodidad de primera clase, un restaurante moderno y rel\u00e1jese en la zona de bienestar despu\u00e9s de su sesi\u00f3n. T\u00f3mese su tiempo, pase la noche y transforme su d\u00eda de surf en una aut\u00e9ntica escapada. <\/p>\n\n    <\/div>\n            <div class=\"gc-cwv__buttons\">\n                            <a\n        href=\"https:\/\/surflux.eu\/hotel-e-instalaciones\/?lang=es\" class=\"gc-button gc-button--negro\">\n                    Hotel e instalaciones\n        \n            <\/a>\n                            <\/div>\n                <\/div>\n<\/div>\n<\/section>\n\n\n\n<p><\/p>\n","protected":false},"excerpt":{"rendered":"","protected":false},"author":1,"featured_media":0,"parent":0,"menu_order":0,"comment_status":"closed","ping_status":"closed","template":"","meta":{"_acf_changed":false,"inline_featured_image":false,"footnotes":""},"class_list":["post-1084","page","type-page","status-publish","hentry"],"acf":[],"_links":{"self":[{"href":"https:\/\/surflux.eu\/es\/wp-json\/wp\/v2\/pages\/1084","targetHints":{"allow":["GET"]}}],"collection":[{"href":"https:\/\/surflux.eu\/es\/wp-json\/wp\/v2\/pages"}],"about":[{"href":"https:\/\/surflux.eu\/es\/wp-json\/wp\/v2\/types\/page"}],"author":[{"embeddable":true,"href":"https:\/\/surflux.eu\/es\/wp-json\/wp\/v2\/users\/1"}],"replies":[{"embeddable":true,"href":"https:\/\/surflux.eu\/es\/wp-json\/wp\/v2\/comments?post=1084"}],"version-history":[{"count":12,"href":"https:\/\/surflux.eu\/es\/wp-json\/wp\/v2\/pages\/1084\/revisions"}],"predecessor-version":[{"id":1948,"href":"https:\/\/surflux.eu\/es\/wp-json\/wp\/v2\/pages\/1084\/revisions\/1948"}],"wp:attachment":[{"href":"https:\/\/surflux.eu\/es\/wp-json\/wp\/v2\/media?parent=1084"}],"curies":[{"name":"wp","href":"https:\/\/api.w.org\/{rel}","templated":true}]}}