{"id":1073,"date":"2026-01-06T13:28:28","date_gmt":"2026-01-06T12:28:28","guid":{"rendered":"https:\/\/surflux.eu\/tarjetas-de-regalo\/"},"modified":"2026-04-13T16:45:50","modified_gmt":"2026-04-13T14:45:50","slug":"tarjetas-de-regalo","status":"publish","type":"page","link":"https:\/\/surflux.eu\/es\/tarjetas-de-regalo\/","title":{"rendered":"Tarjetas de regalo"},"content":{"rendered":"<!--\n    Title: Hero\n-->\n\n\n<section class=\"gc-hero gc-hero--standard\">\n    <!--\n    Title: Container\n    Mode: preview\n    SupportsJSX: true\n    Blueprint: false\n-->\n\n\n<div class=\"gc-container  gc-hero__container\">\n    <div class=\"gc-hero__wrapper\">\n                            <div class=\"gc-breadcrumbs gc-hero__breadcrumbs\">\n    <nav aria-label=\"breadcrumbs\" class=\"rank-math-breadcrumb\"><p><span class=\"last\">Home<\/span><\/p><\/nav><\/div>\n                        <h1 class=\"gc-hero__title\">\n                Nuestra tarjeta de regalo\n            <\/h1>\n            <h2 class=\"gc-hero__subtitle h4\">\n                Regala el saludo perfecto a tus seres queridos.\n            <\/h2>\n            <div class=\"gc-hero__content\">\n                <p data-start=\"200\" data-end=\"262\">Regala m\u00e1s que un regalo: \u00a1regala una experiencia!<\/p>\n<p data-start=\"264\" data-end=\"433\">\u00bfBuscas una idea original?<\/p>\n<p data-start=\"264\" data-end=\"433\">Con esta tarjeta regalo, regalas emociones, diversi\u00f3n y recuerdos inolvidables, en un entorno \u00fanico en Arlon.<\/p>\n\n            <\/div>\n                            <div class=\"gc-hero__buttons\">\n                                                                                                                        <a href=\"https:\/\/vandervalkluxembourg.dewi-online.nl\/iframe\/club\/830\/tickets?cart=23f23fb0-7932-47ac-8780-1b6205f73301\" class=\"gc-button gc-button--no-radius-right\" target=\"_blank\" rel=\"noopener\">\n        \n                    Comprar una tarjeta de regalo\n            <\/a>\n                                            <\/div>\n                    <\/div>\n                    <div class=\"gc-hero__image-wrapper\">\n                <img fetchpriority=\"high\" width=\"1000\" height=\"1000\" src=\"https:\/\/cdn.surflux.eu\/wp-content\/uploads\/Sans-titre-1000-x-1000-px-3.png\" class=\"gc-hero__image\" alt=\"\" loading=\"eager\" decoding=\"sync\" srcset=\"https:\/\/cdn.surflux.eu\/wp-content\/uploads\/Sans-titre-1000-x-1000-px-3.png 1000w, https:\/\/cdn.surflux.eu\/wp-content\/uploads\/Sans-titre-1000-x-1000-px-3-300x300.png 300w, https:\/\/cdn.surflux.eu\/wp-content\/uploads\/Sans-titre-1000-x-1000-px-3-150x150.png 150w, https:\/\/cdn.surflux.eu\/wp-content\/uploads\/Sans-titre-1000-x-1000-px-3-768x768.png 768w\" sizes=\"(max-width: 1000px) 100vw, 1000px\" \/>            <\/div>\n<\/div>\n<\/section>\n<!--\n    Title: Content with visual\n-->\n\n\n<section class=\"gc-cwv gc-cwv--first-column gc-cwv--blanco\">\n    <!--\n    Title: Container\n    Mode: preview\n    SupportsJSX: true\n    Blueprint: false\n-->\n\n\n<div class=\"gc-container gc-container--has-margin gc-cwv__container\">\n    <div class=\"gc-cwv__first-column gc-cwv__first-column--image\">\n            <figure class=\"gc-cwv__image-wrapper\">\n            <div class=\"gc-cwv__image-inner-wrapper\">\n                <img decoding=\"async\" width=\"940\" height=\"788\" src=\"https:\/\/cdn.surflux.eu\/wp-content\/uploads\/Design-sans-titre.svg\" class=\"gc-cwv__image\" alt=\"\" data-no-lazy=\"\" \/>            <\/div>\n        <\/figure>\n            <\/div>\n        <div class=\"gc-cwv__second-column gc-cwv__second-column--encantado\">\n            <div class=\"gc-heading\">\n    <h2 class=\"gc-heading__title h2\">\n\t\tUn regalo original\n\t<\/h2>    <\/div>\n    <div class=\"gc-cwv__text\">\n        <p>Regalar la tarjeta regalo Surf Luxembourg es regalar una experiencia realmente diferente: surf indoor todo el a\u00f1o, a partir de 1m30, accesible para todos los niveles.<\/p>\n<p> T\u00fa eliges el importe o un paquete regalo ya preparado, y el destinatario podr\u00e1 disfrutarlo cuando quiera, con una validez de 2 a\u00f1os.<\/p>\n<p> Un regalo sencillo y efectivo que deja un verdadero recuerdo.<\/p>\n\n    <\/div>\n                <\/div>\n<\/div>\n<\/section>\n<!--\n    Title: Content With Icons\n-->\n\n<section class=\"gc-cwi gc-cwi--blanco gc-cwi--image-on-left\">\n    <!--\n    Title: Container\n    Mode: preview\n    SupportsJSX: true\n    Blueprint: false\n-->\n\n\n<div class=\"gc-container gc-container--has-margin gc-cwi__container\">\n    <ul class=\"gc-cwi__list\">\n                            <li class=\"gc-cwi__item\">\n                    <img decoding=\"async\" width=\"63\" height=\"68\" src=\"https:\/\/cdn.surflux.eu\/wp-content\/uploads\/shield-heart.svg\" class=\"gc-cwi__icon\" alt=\"\" \/>                    <h3 class=\"gc-cwi__title h4\">\n                        SEGURIDAD\n                    <\/h3>\n                    <p>Nuestras sesiones est\u00e1n dirigidas por entrenadores certificados en un entorno 100% seguro. El equipo, las instrucciones y la supervisi\u00f3n est\u00e1n dise\u00f1ados para que todos puedan disfrutar de la ola con total confianza. <\/p>\n\n                <\/li>\n                            <li class=\"gc-cwi__item\">\n                    <img decoding=\"async\" width=\"74\" height=\"58\" src=\"https:\/\/cdn.surflux.eu\/wp-content\/uploads\/hand-holding-hand.svg\" class=\"gc-cwi__icon\" alt=\"\" \/>                    <h3 class=\"gc-cwi__title h4\">\n                        ACCESIBLE\n                    <\/h3>\n                    <p>Principiantes, aficionados o expertos: en Surf Luxembourg todo el mundo puede practicar surf.  <br data-start=\"785\" data-end=\"788\">Desde 1,30 m de altura y 30 kg de peso, todos pueden encontrar su ritmo gracias a una ola modular y sesiones adaptadas.<\/p>\n\n                <\/li>\n                            <li class=\"gc-cwi__item\">\n                    <img decoding=\"async\" width=\"74\" height=\"59\" src=\"https:\/\/cdn.surflux.eu\/wp-content\/uploads\/sunglasses.svg\" class=\"gc-cwi__icon\" alt=\"\" \/>                    <h3 class=\"gc-cwi__title h4\">\n                        ATM\u00d3SFERA Y DIVERSI\u00d3N\n                    <\/h3>\n                    <p>En Surf Luxembourg, vienes por las olas, \u00a1pero vuelves por el ambiente! Buenas vibras, m\u00fasica y un ambiente amigable para compartir un momento realmente agradable. <\/p>\n\n                <\/li>\n                            <li class=\"gc-cwi__item\">\n                    <img decoding=\"async\" width=\"66\" height=\"62\" src=\"https:\/\/cdn.surflux.eu\/wp-content\/uploads\/leaf.svg\" class=\"gc-cwi__icon\" alt=\"\" \/>                    <h3 class=\"gc-cwi__title h4\">\n                        AMBIENTE\n                    <\/h3>\n                    <p><span class=\"a_GcMg font-feature-liga-off font-feature-clig-off font-feature-calt-off text-decoration-none text-strikethrough-none\">Nuestro centro funciona al 100% con energ\u00eda verde producida localmente por Messancy Biom\u00e9tha.<\/span><\/p>\n\n                <\/li>\n                    <\/ul>\n        <img decoding=\"async\" width=\"768\" height=\"768\" src=\"https:\/\/cdn.surflux.eu\/wp-content\/uploads\/Sans-titre-1000-x-1000-px-1-768x768.png\" class=\"gc-cwi__image\" alt=\"\" srcset=\"https:\/\/cdn.surflux.eu\/wp-content\/uploads\/Sans-titre-1000-x-1000-px-1-768x768.png 768w, https:\/\/cdn.surflux.eu\/wp-content\/uploads\/Sans-titre-1000-x-1000-px-1-300x300.png 300w, https:\/\/cdn.surflux.eu\/wp-content\/uploads\/Sans-titre-1000-x-1000-px-1-150x150.png 150w, https:\/\/cdn.surflux.eu\/wp-content\/uploads\/Sans-titre-1000-x-1000-px-1.png 1000w\" sizes=\"(max-width: 768px) 100vw, 768px\" \/>\n<\/div>\n<\/section>\n<!--\n    Title: Mask Image\n-->\n\n<section class=\"gc-mask-image gc-mask-image--verja\">\n    <!--\n    Title: Container\n    Mode: preview\n    SupportsJSX: true\n    Blueprint: false\n-->\n\n\n<div class=\"gc-container  gc-mask-image__container\">\n    <div class=\"gc-mask-image__left\">\n            <h2 class=\"gc-mask-image__title\"> \u00danete a la aventura\n<\/h2>\n            <div class=\"gc-mask-image__description\"><p data-start=\"0\" data-end=\"63\">\u00bfEst\u00e1 interesado en convertirse en socio o patrocinador de Surf Luxembourg?<\/p>\n<p data-start=\"65\" data-end=\"227\">Asocie su marca a un proyecto \u00fanico en la regi\u00f3n: un lugar innovador, deportivo y lifestyle, animado todo el a\u00f1o por una comunidad local e internacional.<\/p>\n<p data-start=\"229\" data-end=\"431\">\u00bfTienes una idea de colaboraci\u00f3n o una propuesta de patrocinio? \u00a1Cont\u00e1ctanos para conversar y construir juntos una colaboraci\u00f3n relevante! <\/p>\n<\/div>\n            <a href=\"https:\/\/surflux.eu\/es\/contacto\/\" class=\"gc-button  gc-mask-image__button\">\n                    Cont\u00e1ctanos\n        \n            <\/a>\n                <\/div>\n        <img decoding=\"async\" width=\"500\" height=\"500\" src=\"https:\/\/cdn.surflux.eu\/wp-content\/uploads\/Design-sans-titre-12.png\" class=\"gc-mask-image__image\" alt=\"\" srcset=\"https:\/\/cdn.surflux.eu\/wp-content\/uploads\/Design-sans-titre-12.png 500w, https:\/\/cdn.surflux.eu\/wp-content\/uploads\/Design-sans-titre-12-300x300.png 300w, https:\/\/cdn.surflux.eu\/wp-content\/uploads\/Design-sans-titre-12-150x150.png 150w\" sizes=\"(max-width: 500px) 100vw, 500px\" \/>\n<\/div>\n<\/section>\n","protected":false},"excerpt":{"rendered":"","protected":false},"author":1,"featured_media":0,"parent":0,"menu_order":0,"comment_status":"closed","ping_status":"closed","template":"","meta":{"_acf_changed":false,"inline_featured_image":false,"footnotes":""},"class_list":["post-1073","page","type-page","status-publish","hentry"],"acf":[],"_links":{"self":[{"href":"https:\/\/surflux.eu\/es\/wp-json\/wp\/v2\/pages\/1073","targetHints":{"allow":["GET"]}}],"collection":[{"href":"https:\/\/surflux.eu\/es\/wp-json\/wp\/v2\/pages"}],"about":[{"href":"https:\/\/surflux.eu\/es\/wp-json\/wp\/v2\/types\/page"}],"author":[{"embeddable":true,"href":"https:\/\/surflux.eu\/es\/wp-json\/wp\/v2\/users\/1"}],"replies":[{"embeddable":true,"href":"https:\/\/surflux.eu\/es\/wp-json\/wp\/v2\/comments?post=1073"}],"version-history":[{"count":4,"href":"https:\/\/surflux.eu\/es\/wp-json\/wp\/v2\/pages\/1073\/revisions"}],"predecessor-version":[{"id":1766,"href":"https:\/\/surflux.eu\/es\/wp-json\/wp\/v2\/pages\/1073\/revisions\/1766"}],"wp:attachment":[{"href":"https:\/\/surflux.eu\/es\/wp-json\/wp\/v2\/media?parent=1073"}],"curies":[{"name":"wp","href":"https:\/\/api.w.org\/{rel}","templated":true}]}}