{"id":1050,"date":"2026-01-15T11:42:21","date_gmt":"2026-01-15T10:42:21","guid":{"rendered":"https:\/\/surflux.eu\/preguntas-frecuentes\/"},"modified":"2026-01-30T13:09:49","modified_gmt":"2026-01-30T12:09:49","slug":"preguntas-frecuentes","status":"publish","type":"page","link":"https:\/\/surflux.eu\/es\/preguntas-frecuentes\/","title":{"rendered":"Preguntas frecuentes"},"content":{"rendered":"<!--\n Title: Intro\n-->\n\n<section class=\"gc-intro\">\n    <!--\n    Title: Container\n    Mode: preview\n    SupportsJSX: true\n    Blueprint: false\n-->\n\n\n<div class=\"gc-container\">\n    <div class=\"gc-breadcrumbs\">\n    <nav aria-label=\"breadcrumbs\" class=\"rank-math-breadcrumb\"><p><span class=\"last\">Home<\/span><\/p><\/nav><\/div>\n        <h1 class=\"gc-intro__title\">\n            INFORMACI\u00d3N PR\u00c1CTICA\n        <\/h1>\n                    <h2 class=\"gc-intro__subtitle h4\">\n                \u00a1Todo lo que necesitas saber antes de navegar con nosotros!\n            <\/h2>\n<\/div>\n<\/section>\n<!--\n    Title: FAQ\n-->\n\n<section itemscope=\"itemscope\" itemtype=\"https:\/\/schema.org\/FAQPage\">\n    <div class=\"gc-faq gc-faq--with-image\" x-data=\"{ expanded: null }\">\n    <img decoding=\"async\" width=\"940\" height=\"788\" src=\"https:\/\/cdn.surflux.eu\/wp-content\/uploads\/Design-sans-titre-1.svg\" class=\"gc-faq__image\" alt=\"\" srcset=\" \" \/>    <!--\n    Title: Container\n    Mode: preview\n    SupportsJSX: true\n    Blueprint: false\n-->\n\n\n<div class=\"gc-container gc-container--has-padding gc-faq__container\">\n    <ul class=\"gc-faq__list\">\n                            <li class=\"gc-faq__question-item\" itemscope itemprop=\"mainEntity\" itemtype=\"https:\/\/schema.org\/Question\">\n                    <h3 class=\"gc-faq__question h4\" @click=\"expanded = expanded == 0 ? null : 0\">\n                        <span itemprop=\"name\">\u00bfD\u00f3nde se encuentra Surf Luxembourg y cu\u00e1l es su horario de apertura?<\/span>\n                        <span x-show=\"expanded != 0\">\n                            <svg class='gc-faq__icon' xmlns=\"http:\/\/www.w3.org\/2000\/svg\" viewBox=\"0 0 448 512\"><!--! Font Awesome Pro 6.6.0 by @fontawesome - https:\/\/fontawesome.com License - https:\/\/fontawesome.com\/license (Commercial License) Copyright 2024 Fonticons, Inc. --><path d=\"M248 72c0-13.3-10.7-24-24-24s-24 10.7-24 24l0 160L40 232c-13.3 0-24 10.7-24 24s10.7 24 24 24l160 0 0 160c0 13.3 10.7 24 24 24s24-10.7 24-24l0-160 160 0c13.3 0 24-10.7 24-24s-10.7-24-24-24l-160 0 0-160z\"\/><\/svg>                        <\/span>\n                        <span x-show=\"expanded == 0\" x-cloak>\n                            <svg class='gc-faq__icon' xmlns=\"http:\/\/www.w3.org\/2000\/svg\" viewBox=\"0 0 448 512\"><!--! Font Awesome Pro 6.6.0 by @fontawesome - https:\/\/fontawesome.com License - https:\/\/fontawesome.com\/license (Commercial License) Copyright 2024 Fonticons, Inc. --><path d=\"M432 256c0 13.3-10.7 24-24 24L40 280c-13.3 0-24-10.7-24-24s10.7-24 24-24l368 0c13.3 0 24 10.7 24 24z\"\/><\/svg>                        <\/span>\n                    <\/h3>\n\n                    <div class=\"gc-faq__answer\" x-show=\"expanded == 0\" x-cloak x-collapse itemscope\n                        itemprop=\"acceptedAnswer\" itemtype=\"https:\/\/schema.org\/Answer\">\n                        <div class=\"gc-faq__answer-text\" itemprop=\"text\">\n                            <p data-start=\"176\" data-end=\"427\">La direcci\u00f3n es: 596 Route de Longwy, 6700 Arlon, justo al lado de Van der Valk Luxemburgo.<br data-start=\"285\" data-end=\"288\"> Nuestra ubicaci\u00f3n es de f\u00e1cil acceso desde Luxemburgo y B\u00e9lgica, con amplio estacionamiento gratuito disponible.<\/p>\n<p data-start=\"429\" data-end=\"609\">Estamos abiertos todos los d\u00edas de 8h a 23h.<br data-start=\"480\" data-end=\"483\"> Para grupos, empresas o eventos de team building es posible concertar horarios adecuados bajo petici\u00f3n.<\/p>\n                        <\/div>\n                                            <\/div>\n                <\/li>\n                            <li class=\"gc-faq__question-item\" itemscope itemprop=\"mainEntity\" itemtype=\"https:\/\/schema.org\/Question\">\n                    <h3 class=\"gc-faq__question h4\" @click=\"expanded = expanded == 1 ? null : 1\">\n                        <span itemprop=\"name\">\u00bfPuedo hacer surf incluso si nunca lo he hecho antes?<\/span>\n                        <span x-show=\"expanded != 1\">\n                            <svg class='gc-faq__icon' xmlns=\"http:\/\/www.w3.org\/2000\/svg\" viewBox=\"0 0 448 512\"><!--! Font Awesome Pro 6.6.0 by @fontawesome - https:\/\/fontawesome.com License - https:\/\/fontawesome.com\/license (Commercial License) Copyright 2024 Fonticons, Inc. --><path d=\"M248 72c0-13.3-10.7-24-24-24s-24 10.7-24 24l0 160L40 232c-13.3 0-24 10.7-24 24s10.7 24 24 24l160 0 0 160c0 13.3 10.7 24 24 24s24-10.7 24-24l0-160 160 0c13.3 0 24-10.7 24-24s-10.7-24-24-24l-160 0 0-160z\"\/><\/svg>                        <\/span>\n                        <span x-show=\"expanded == 1\" x-cloak>\n                            <svg class='gc-faq__icon' xmlns=\"http:\/\/www.w3.org\/2000\/svg\" viewBox=\"0 0 448 512\"><!--! Font Awesome Pro 6.6.0 by @fontawesome - https:\/\/fontawesome.com License - https:\/\/fontawesome.com\/license (Commercial License) Copyright 2024 Fonticons, Inc. --><path d=\"M432 256c0 13.3-10.7 24-24 24L40 280c-13.3 0-24-10.7-24-24s10.7-24 24-24l368 0c13.3 0 24 10.7 24 24z\"\/><\/svg>                        <\/span>\n                    <\/h3>\n\n                    <div class=\"gc-faq__answer\" x-show=\"expanded == 1\" x-cloak x-collapse itemscope\n                        itemprop=\"acceptedAnswer\" itemtype=\"https:\/\/schema.org\/Answer\">\n                        <div class=\"gc-faq__answer-text\" itemprop=\"text\">\n                            S\u00ed. Nuestras sesiones son accesibles para todos los niveles, desde principiantes hasta surfistas experimentados. Nuestros instructores te guiar\u00e1n paso a paso para que aprendas a ponerte de pie sobre la tabla y disfrutes de la sensaci\u00f3n de deslizarte desde tu primera sesi\u00f3n.<br data-start=\"615\" data-end=\"618\"> \u00a1Lo \u00fanico que necesitas es saber nadar y querer divertirte!  \n                        <\/div>\n                                            <\/div>\n                <\/li>\n                            <li class=\"gc-faq__question-item\" itemscope itemprop=\"mainEntity\" itemtype=\"https:\/\/schema.org\/Question\">\n                    <h3 class=\"gc-faq__question h4\" @click=\"expanded = expanded == 2 ? null : 2\">\n                        <span itemprop=\"name\">\u00bfC\u00f3mo reservo y cu\u00e1les son los precios?<\/span>\n                        <span x-show=\"expanded != 2\">\n                            <svg class='gc-faq__icon' xmlns=\"http:\/\/www.w3.org\/2000\/svg\" viewBox=\"0 0 448 512\"><!--! Font Awesome Pro 6.6.0 by @fontawesome - https:\/\/fontawesome.com License - https:\/\/fontawesome.com\/license (Commercial License) Copyright 2024 Fonticons, Inc. --><path d=\"M248 72c0-13.3-10.7-24-24-24s-24 10.7-24 24l0 160L40 232c-13.3 0-24 10.7-24 24s10.7 24 24 24l160 0 0 160c0 13.3 10.7 24 24 24s24-10.7 24-24l0-160 160 0c13.3 0 24-10.7 24-24s-10.7-24-24-24l-160 0 0-160z\"\/><\/svg>                        <\/span>\n                        <span x-show=\"expanded == 2\" x-cloak>\n                            <svg class='gc-faq__icon' xmlns=\"http:\/\/www.w3.org\/2000\/svg\" viewBox=\"0 0 448 512\"><!--! Font Awesome Pro 6.6.0 by @fontawesome - https:\/\/fontawesome.com License - https:\/\/fontawesome.com\/license (Commercial License) Copyright 2024 Fonticons, Inc. --><path d=\"M432 256c0 13.3-10.7 24-24 24L40 280c-13.3 0-24-10.7-24-24s10.7-24 24-24l368 0c13.3 0 24 10.7 24 24z\"\/><\/svg>                        <\/span>\n                    <\/h3>\n\n                    <div class=\"gc-faq__answer\" x-show=\"expanded == 2\" x-cloak x-collapse itemscope\n                        itemprop=\"acceptedAnswer\" itemtype=\"https:\/\/schema.org\/Answer\">\n                        <div class=\"gc-faq__answer-text\" itemprop=\"text\">\n                            <p data-start=\"139\" data-end=\"359\">Las reservas se pueden realizar online en nuestra p\u00e1gina web o por tel\u00e9fono.<br data-start=\"213\" data-end=\"216\"> Elige tu franja horaria, tu nivel y tu tipo de sesi\u00f3n: principiante, intermedio o experto.<\/p>\n<p data-start=\"361\" data-end=\"520\">Hay paquetes individuales, grupales o privados disponibles: \u00a1perfectos para cumplea\u00f1os, actividades de formaci\u00f3n de equipos u otras ocasiones especiales!<\/p>\n<p data-start=\"522\" data-end=\"536\">Precios:<\/p>\n\n<ul data-start=\"537\" data-end=\"628\">\n \t<li data-start=\"537\" data-end=\"574\">\n<p data-start=\"539\" data-end=\"574\">Sesi\u00f3n para principiantes (desde 1m30): 55 \u20ac \/ sesi\u00f3n (45 min)<\/p>\n<\/li>\n \t<li data-start=\"537\" data-end=\"574\">Sesi\u00f3n intermedia o experta: 50\u20ac \/ sesi\u00f3n (45 min)<\/li>\n<\/ul>\n                        <\/div>\n                                            <\/div>\n                <\/li>\n                    <\/ul>\n<\/div>\n<\/div>\n                    <div class=\"gc-faq gc-faq--with-image gc-faq--reverse\" x-data=\"{ expanded: null }\">\n    <img decoding=\"async\" width=\"940\" height=\"788\" src=\"https:\/\/cdn.surflux.eu\/wp-content\/uploads\/Design-sans-titre.svg\" class=\"gc-faq__image\" alt=\"\" srcset=\" \" \/>    <!--\n    Title: Container\n    Mode: preview\n    SupportsJSX: true\n    Blueprint: false\n-->\n\n\n<div class=\"gc-container gc-container--has-padding gc-faq__container\">\n    <ul class=\"gc-faq__list\">\n                            <li class=\"gc-faq__question-item\" itemscope itemprop=\"mainEntity\" itemtype=\"https:\/\/schema.org\/Question\">\n                    <h3 class=\"gc-faq__question h4\" @click=\"expanded = expanded == 0 ? null : 0\">\n                        <span itemprop=\"name\">\u00bfQu\u00e9 necesito llevar para ir a surfear?<\/span>\n                        <span x-show=\"expanded != 0\">\n                            <svg class='gc-faq__icon' xmlns=\"http:\/\/www.w3.org\/2000\/svg\" viewBox=\"0 0 448 512\"><!--! Font Awesome Pro 6.6.0 by @fontawesome - https:\/\/fontawesome.com License - https:\/\/fontawesome.com\/license (Commercial License) Copyright 2024 Fonticons, Inc. --><path d=\"M248 72c0-13.3-10.7-24-24-24s-24 10.7-24 24l0 160L40 232c-13.3 0-24 10.7-24 24s10.7 24 24 24l160 0 0 160c0 13.3 10.7 24 24 24s24-10.7 24-24l0-160 160 0c13.3 0 24-10.7 24-24s-10.7-24-24-24l-160 0 0-160z\"\/><\/svg>                        <\/span>\n                        <span x-show=\"expanded == 0\" x-cloak>\n                            <svg class='gc-faq__icon' xmlns=\"http:\/\/www.w3.org\/2000\/svg\" viewBox=\"0 0 448 512\"><!--! Font Awesome Pro 6.6.0 by @fontawesome - https:\/\/fontawesome.com License - https:\/\/fontawesome.com\/license (Commercial License) Copyright 2024 Fonticons, Inc. --><path d=\"M432 256c0 13.3-10.7 24-24 24L40 280c-13.3 0-24-10.7-24-24s10.7-24 24-24l368 0c13.3 0 24 10.7 24 24z\"\/><\/svg>                        <\/span>\n                    <\/h3>\n\n                    <div class=\"gc-faq__answer\" x-show=\"expanded == 0\" x-cloak x-collapse itemscope\n                        itemprop=\"acceptedAnswer\" itemtype=\"https:\/\/schema.org\/Answer\">\n                        <div class=\"gc-faq__answer-text\" itemprop=\"text\">\n                            No es necesario ning\u00fan equipamiento: se proporciona todo (tabla y camiseta t\u00e9cnica).<br data-start=\"1312\" data-end=\"1315\">\u00a1S\u00f3lo trae tu ba\u00f1ador, una toalla y tu buen humor!<br data-start=\"1381\" data-end=\"1384\">Hay vestuarios, duchas y taquillas disponibles, y el agua se mantiene a una temperatura agradable durante todo el a\u00f1o (alrededor de 30\u00b0C).\n\nDebes llegar 15 minutos antes del inicio de la sesi\u00f3n.\n                        <\/div>\n                                            <\/div>\n                <\/li>\n                            <li class=\"gc-faq__question-item\" itemscope itemprop=\"mainEntity\" itemtype=\"https:\/\/schema.org\/Question\">\n                    <h3 class=\"gc-faq__question h4\" @click=\"expanded = expanded == 1 ? null : 1\">\n                        <span itemprop=\"name\">\u00bfQu\u00e9 se puede encontrar all\u00ed?<\/span>\n                        <span x-show=\"expanded != 1\">\n                            <svg class='gc-faq__icon' xmlns=\"http:\/\/www.w3.org\/2000\/svg\" viewBox=\"0 0 448 512\"><!--! Font Awesome Pro 6.6.0 by @fontawesome - https:\/\/fontawesome.com License - https:\/\/fontawesome.com\/license (Commercial License) Copyright 2024 Fonticons, Inc. --><path d=\"M248 72c0-13.3-10.7-24-24-24s-24 10.7-24 24l0 160L40 232c-13.3 0-24 10.7-24 24s10.7 24 24 24l160 0 0 160c0 13.3 10.7 24 24 24s24-10.7 24-24l0-160 160 0c13.3 0 24-10.7 24-24s-10.7-24-24-24l-160 0 0-160z\"\/><\/svg>                        <\/span>\n                        <span x-show=\"expanded == 1\" x-cloak>\n                            <svg class='gc-faq__icon' xmlns=\"http:\/\/www.w3.org\/2000\/svg\" viewBox=\"0 0 448 512\"><!--! Font Awesome Pro 6.6.0 by @fontawesome - https:\/\/fontawesome.com License - https:\/\/fontawesome.com\/license (Commercial License) Copyright 2024 Fonticons, Inc. --><path d=\"M432 256c0 13.3-10.7 24-24 24L40 280c-13.3 0-24-10.7-24-24s10.7-24 24-24l368 0c13.3 0 24 10.7 24 24z\"\/><\/svg>                        <\/span>\n                    <\/h3>\n\n                    <div class=\"gc-faq__answer\" x-show=\"expanded == 1\" x-cloak x-collapse itemscope\n                        itemprop=\"acceptedAnswer\" itemtype=\"https:\/\/schema.org\/Answer\">\n                        <div class=\"gc-faq__answer-text\" itemprop=\"text\">\n                            <p data-start=\"108\" data-end=\"533\">\u00a1Surf Luxembourg es mucho m\u00e1s que una simple ola! Disfruta de un bar y un restaurante de autoservicio que ofrecen deliciosos aperitivos, bebidas refrescantes y un ambiente tropical perfecto para prolongar tu experiencia despu\u00e9s de la sesi\u00f3n. Ponte c\u00f3modo: incluso puedes disfrutar de una copa mientras ves a los surfistas surfear la ola: \u00a1una experiencia realmente espectacular!  <\/p>\n<p data-start=\"535\" data-end=\"727\">Sum\u00e9rgete en la atm\u00f3sfera \u00fanica del lugar: un amplio estacionamiento gratuito, espacios pensados \u200b\u200bpara la diversi\u00f3n y el relax y un ambiente c\u00e1lido donde cada visita se convierte en un momento para compartir.<\/p>\n<p data-start=\"729\" data-end=\"1067\" data-is-last-node=\"\" data-is-only-node=\"\">Y para que su d\u00eda sea realmente excepcional, el Hotel Van der Valk, situado justo al lado, completa la experiencia con sus refinados restaurantes, zona de bienestar, cabinas de masaje y un servicio de primera. El lugar ideal para prolongar su escapada, relajarse o transformar su sesi\u00f3n de surf en una escapada de lujo. <\/p>\n                        <\/div>\n                                            <\/div>\n                <\/li>\n                    <\/ul>\n<\/div>\n<\/div>\n<\/section>\n","protected":false},"excerpt":{"rendered":"","protected":false},"author":1,"featured_media":0,"parent":0,"menu_order":0,"comment_status":"closed","ping_status":"closed","template":"","meta":{"_acf_changed":false,"inline_featured_image":false,"footnotes":""},"class_list":["post-1050","page","type-page","status-publish","hentry"],"acf":[],"_links":{"self":[{"href":"https:\/\/surflux.eu\/es\/wp-json\/wp\/v2\/pages\/1050","targetHints":{"allow":["GET"]}}],"collection":[{"href":"https:\/\/surflux.eu\/es\/wp-json\/wp\/v2\/pages"}],"about":[{"href":"https:\/\/surflux.eu\/es\/wp-json\/wp\/v2\/types\/page"}],"author":[{"embeddable":true,"href":"https:\/\/surflux.eu\/es\/wp-json\/wp\/v2\/users\/1"}],"replies":[{"embeddable":true,"href":"https:\/\/surflux.eu\/es\/wp-json\/wp\/v2\/comments?post=1050"}],"version-history":[{"count":1,"href":"https:\/\/surflux.eu\/es\/wp-json\/wp\/v2\/pages\/1050\/revisions"}],"predecessor-version":[{"id":1053,"href":"https:\/\/surflux.eu\/es\/wp-json\/wp\/v2\/pages\/1050\/revisions\/1053"}],"wp:attachment":[{"href":"https:\/\/surflux.eu\/es\/wp-json\/wp\/v2\/media?parent=1050"}],"curies":[{"name":"wp","href":"https:\/\/api.w.org\/{rel}","templated":true}]}}