{"id":1062,"date":"2026-01-15T11:42:21","date_gmt":"2026-01-15T10:42:21","guid":{"rendered":"https:\/\/surflux.eu\/faq\/"},"modified":"2026-01-30T13:09:49","modified_gmt":"2026-01-30T12:09:49","slug":"faq","status":"publish","type":"page","link":"https:\/\/surflux.eu\/en\/faq\/","title":{"rendered":"FAQ"},"content":{"rendered":"<!--\n Title: Intro\n-->\n\n<section class=\"gc-intro\">\n    <!--\n    Title: Container\n    Mode: preview\n    SupportsJSX: true\n    Blueprint: false\n-->\n\n\n<div class=\"gc-container\">\n    <div class=\"gc-breadcrumbs\">\n    <nav aria-label=\"breadcrumbs\" class=\"rank-math-breadcrumb\"><p><span class=\"last\">Home<\/span><\/p><\/nav><\/div>\n        <h1 class=\"gc-intro__title\">\n            PRACTICAL INFORMATION\n        <\/h1>\n                    <h2 class=\"gc-intro__subtitle h4\">\n                Everything you need to know before surfing with us!\n            <\/h2>\n<\/div>\n<\/section>\n<!--\n    Title: FAQ\n-->\n\n<section itemscope=\"itemscope\" itemtype=\"https:\/\/schema.org\/FAQPage\">\n    <div class=\"gc-faq gc-faq--with-image\" x-data=\"{ expanded: null }\">\n    <img decoding=\"async\" width=\"940\" height=\"788\" src=\"https:\/\/cdn.surflux.eu\/wp-content\/uploads\/Design-sans-titre-1.svg\" class=\"gc-faq__image\" alt=\"\" srcset=\" \" \/>    <!--\n    Title: Container\n    Mode: preview\n    SupportsJSX: true\n    Blueprint: false\n-->\n\n\n<div class=\"gc-container gc-container--has-padding gc-faq__container\">\n    <ul class=\"gc-faq__list\">\n                            <li class=\"gc-faq__question-item\" itemscope itemprop=\"mainEntity\" itemtype=\"https:\/\/schema.org\/Question\">\n                    <h3 class=\"gc-faq__question h4\" @click=\"expanded = expanded == 0 ? null : 0\">\n                        <span itemprop=\"name\">Where is Surf Luxembourg and What are the Hours?<\/span>\n                        <span x-show=\"expanded != 0\">\n                            <svg class='gc-faq__icon' xmlns=\"http:\/\/www.w3.org\/2000\/svg\" viewBox=\"0 0 448 512\"><!--! Font Awesome Pro 6.6.0 by @fontawesome - https:\/\/fontawesome.com License - https:\/\/fontawesome.com\/license (Commercial License) Copyright 2024 Fonticons, Inc. --><path d=\"M248 72c0-13.3-10.7-24-24-24s-24 10.7-24 24l0 160L40 232c-13.3 0-24 10.7-24 24s10.7 24 24 24l160 0 0 160c0 13.3 10.7 24 24 24s24-10.7 24-24l0-160 160 0c13.3 0 24-10.7 24-24s-10.7-24-24-24l-160 0 0-160z\"\/><\/svg>                        <\/span>\n                        <span x-show=\"expanded == 0\" x-cloak>\n                            <svg class='gc-faq__icon' xmlns=\"http:\/\/www.w3.org\/2000\/svg\" viewBox=\"0 0 448 512\"><!--! Font Awesome Pro 6.6.0 by @fontawesome - https:\/\/fontawesome.com License - https:\/\/fontawesome.com\/license (Commercial License) Copyright 2024 Fonticons, Inc. --><path d=\"M432 256c0 13.3-10.7 24-24 24L40 280c-13.3 0-24-10.7-24-24s10.7-24 24-24l368 0c13.3 0 24 10.7 24 24z\"\/><\/svg>                        <\/span>\n                    <\/h3>\n\n                    <div class=\"gc-faq__answer\" x-show=\"expanded == 0\" x-cloak x-collapse itemscope\n                        itemprop=\"acceptedAnswer\" itemtype=\"https:\/\/schema.org\/Answer\">\n                        <div class=\"gc-faq__answer-text\" itemprop=\"text\">\n                            <p data-start=\"176\" data-end=\"427\">Our address is: 596 Route de Longwy, 6700 Arlon, right next to Van der Valk Luxembourg.<br data-start=\"285\" data-end=\"288\">Our location is easily accessible from Luxembourg and Belgium, with plenty of free parking available.<\/p>\n<p data-start=\"429\" data-end=\"609\">We are open daily from 8 AM to 11 PM.<br data-start=\"480\" data-end=\"483\">For groups, businesses, or team building events, adapted schedules can be arranged upon request.<\/p>\n                        <\/div>\n                                            <\/div>\n                <\/li>\n                            <li class=\"gc-faq__question-item\" itemscope itemprop=\"mainEntity\" itemtype=\"https:\/\/schema.org\/Question\">\n                    <h3 class=\"gc-faq__question h4\" @click=\"expanded = expanded == 1 ? null : 1\">\n                        <span itemprop=\"name\">Can I Surf Even if I&#8217;ve Never Surfed before?<\/span>\n                        <span x-show=\"expanded != 1\">\n                            <svg class='gc-faq__icon' xmlns=\"http:\/\/www.w3.org\/2000\/svg\" viewBox=\"0 0 448 512\"><!--! Font Awesome Pro 6.6.0 by @fontawesome - https:\/\/fontawesome.com License - https:\/\/fontawesome.com\/license (Commercial License) Copyright 2024 Fonticons, Inc. --><path d=\"M248 72c0-13.3-10.7-24-24-24s-24 10.7-24 24l0 160L40 232c-13.3 0-24 10.7-24 24s10.7 24 24 24l160 0 0 160c0 13.3 10.7 24 24 24s24-10.7 24-24l0-160 160 0c13.3 0 24-10.7 24-24s-10.7-24-24-24l-160 0 0-160z\"\/><\/svg>                        <\/span>\n                        <span x-show=\"expanded == 1\" x-cloak>\n                            <svg class='gc-faq__icon' xmlns=\"http:\/\/www.w3.org\/2000\/svg\" viewBox=\"0 0 448 512\"><!--! Font Awesome Pro 6.6.0 by @fontawesome - https:\/\/fontawesome.com License - https:\/\/fontawesome.com\/license (Commercial License) Copyright 2024 Fonticons, Inc. --><path d=\"M432 256c0 13.3-10.7 24-24 24L40 280c-13.3 0-24-10.7-24-24s10.7-24 24-24l368 0c13.3 0 24 10.7 24 24z\"\/><\/svg>                        <\/span>\n                    <\/h3>\n\n                    <div class=\"gc-faq__answer\" x-show=\"expanded == 1\" x-cloak x-collapse itemscope\n                        itemprop=\"acceptedAnswer\" itemtype=\"https:\/\/schema.org\/Answer\">\n                        <div class=\"gc-faq__answer-text\" itemprop=\"text\">\n                            Yes. Our sessions are open to all levels, from beginners to experienced surfers. Our instructors will guide you step-by-step to help you learn to stand up on the board and experience the thrill of surfing from your very first session.<br data-start=\"615\" data-end=\"618\">All you need is to know how to swim and be ready to have fun!  \n                        <\/div>\n                                            <\/div>\n                <\/li>\n                            <li class=\"gc-faq__question-item\" itemscope itemprop=\"mainEntity\" itemtype=\"https:\/\/schema.org\/Question\">\n                    <h3 class=\"gc-faq__question h4\" @click=\"expanded = expanded == 2 ? null : 2\">\n                        <span itemprop=\"name\">How to Book and What are the Rates?<\/span>\n                        <span x-show=\"expanded != 2\">\n                            <svg class='gc-faq__icon' xmlns=\"http:\/\/www.w3.org\/2000\/svg\" viewBox=\"0 0 448 512\"><!--! Font Awesome Pro 6.6.0 by @fontawesome - https:\/\/fontawesome.com License - https:\/\/fontawesome.com\/license (Commercial License) Copyright 2024 Fonticons, Inc. --><path d=\"M248 72c0-13.3-10.7-24-24-24s-24 10.7-24 24l0 160L40 232c-13.3 0-24 10.7-24 24s10.7 24 24 24l160 0 0 160c0 13.3 10.7 24 24 24s24-10.7 24-24l0-160 160 0c13.3 0 24-10.7 24-24s-10.7-24-24-24l-160 0 0-160z\"\/><\/svg>                        <\/span>\n                        <span x-show=\"expanded == 2\" x-cloak>\n                            <svg class='gc-faq__icon' xmlns=\"http:\/\/www.w3.org\/2000\/svg\" viewBox=\"0 0 448 512\"><!--! Font Awesome Pro 6.6.0 by @fontawesome - https:\/\/fontawesome.com License - https:\/\/fontawesome.com\/license (Commercial License) Copyright 2024 Fonticons, Inc. --><path d=\"M432 256c0 13.3-10.7 24-24 24L40 280c-13.3 0-24-10.7-24-24s10.7-24 24-24l368 0c13.3 0 24 10.7 24 24z\"\/><\/svg>                        <\/span>\n                    <\/h3>\n\n                    <div class=\"gc-faq__answer\" x-show=\"expanded == 2\" x-cloak x-collapse itemscope\n                        itemprop=\"acceptedAnswer\" itemtype=\"https:\/\/schema.org\/Answer\">\n                        <div class=\"gc-faq__answer-text\" itemprop=\"text\">\n                            <p data-start=\"139\" data-end=\"359\">Les r\u00e9servations se font en ligne sur notre site ou par t\u00e9l\u00e9phone.<br data-start=\"213\" data-end=\"216\">Choisis ton cr\u00e9neau, ton niveau et ton type de session : d\u00e9butant, interm\u00e9diaire ou expert.<\/p>\n<p data-start=\"361\" data-end=\"520\">Solo, group, or private packages are available\u2014perfect for birthdays, team building events, or other special occasions!<\/p>\n<p data-start=\"522\" data-end=\"536\">Tarifs :<\/p>\n\n<ul data-start=\"537\" data-end=\"628\">\n \t<li data-start=\"537\" data-end=\"574\">\n<p data-start=\"539\" data-end=\"574\">Beginner session (from 1m30): \u20ac55 \/ session (45 min)<\/p>\n<\/li>\n \t<li data-start=\"537\" data-end=\"574\">Intermediate or expert session: \u20ac50 per session (45 min)<\/li>\n<\/ul>\n                        <\/div>\n                                            <\/div>\n                <\/li>\n                    <\/ul>\n<\/div>\n<\/div>\n                    <div class=\"gc-faq gc-faq--with-image gc-faq--reverse\" x-data=\"{ expanded: null }\">\n    <img decoding=\"async\" width=\"940\" height=\"788\" src=\"https:\/\/cdn.surflux.eu\/wp-content\/uploads\/Design-sans-titre.svg\" class=\"gc-faq__image\" alt=\"\" srcset=\" \" \/>    <!--\n    Title: Container\n    Mode: preview\n    SupportsJSX: true\n    Blueprint: false\n-->\n\n\n<div class=\"gc-container gc-container--has-padding gc-faq__container\">\n    <ul class=\"gc-faq__list\">\n                            <li class=\"gc-faq__question-item\" itemscope itemprop=\"mainEntity\" itemtype=\"https:\/\/schema.org\/Question\">\n                    <h3 class=\"gc-faq__question h4\" @click=\"expanded = expanded == 0 ? null : 0\">\n                        <span itemprop=\"name\">What should You Bring for Surfing?<\/span>\n                        <span x-show=\"expanded != 0\">\n                            <svg class='gc-faq__icon' xmlns=\"http:\/\/www.w3.org\/2000\/svg\" viewBox=\"0 0 448 512\"><!--! Font Awesome Pro 6.6.0 by @fontawesome - https:\/\/fontawesome.com License - https:\/\/fontawesome.com\/license (Commercial License) Copyright 2024 Fonticons, Inc. --><path d=\"M248 72c0-13.3-10.7-24-24-24s-24 10.7-24 24l0 160L40 232c-13.3 0-24 10.7-24 24s10.7 24 24 24l160 0 0 160c0 13.3 10.7 24 24 24s24-10.7 24-24l0-160 160 0c13.3 0 24-10.7 24-24s-10.7-24-24-24l-160 0 0-160z\"\/><\/svg>                        <\/span>\n                        <span x-show=\"expanded == 0\" x-cloak>\n                            <svg class='gc-faq__icon' xmlns=\"http:\/\/www.w3.org\/2000\/svg\" viewBox=\"0 0 448 512\"><!--! Font Awesome Pro 6.6.0 by @fontawesome - https:\/\/fontawesome.com License - https:\/\/fontawesome.com\/license (Commercial License) Copyright 2024 Fonticons, Inc. --><path d=\"M432 256c0 13.3-10.7 24-24 24L40 280c-13.3 0-24-10.7-24-24s10.7-24 24-24l368 0c13.3 0 24 10.7 24 24z\"\/><\/svg>                        <\/span>\n                    <\/h3>\n\n                    <div class=\"gc-faq__answer\" x-show=\"expanded == 0\" x-cloak x-collapse itemscope\n                        itemprop=\"acceptedAnswer\" itemtype=\"https:\/\/schema.org\/Answer\">\n                        <div class=\"gc-faq__answer-text\" itemprop=\"text\">\n                            No equipment needed: everything is provided (board and technical t-shirt).<br data-start=\"1312\" data-end=\"1315\">Just bring your swimsuit, a towel, and your good mood!<br data-start=\"1381\" data-end=\"1384\">Changing rooms, showers, and lockers are available, and the water is kept at a comfortable temperature all year round (around 30\u00b0C).\n\nYou must arrive 15 minutes before the start of the session.\n                        <\/div>\n                                            <\/div>\n                <\/li>\n                            <li class=\"gc-faq__question-item\" itemscope itemprop=\"mainEntity\" itemtype=\"https:\/\/schema.org\/Question\">\n                    <h3 class=\"gc-faq__question h4\" @click=\"expanded = expanded == 1 ? null : 1\">\n                        <span itemprop=\"name\">What&#8217;s Available on Site?<\/span>\n                        <span x-show=\"expanded != 1\">\n                            <svg class='gc-faq__icon' xmlns=\"http:\/\/www.w3.org\/2000\/svg\" viewBox=\"0 0 448 512\"><!--! Font Awesome Pro 6.6.0 by @fontawesome - https:\/\/fontawesome.com License - https:\/\/fontawesome.com\/license (Commercial License) Copyright 2024 Fonticons, Inc. --><path d=\"M248 72c0-13.3-10.7-24-24-24s-24 10.7-24 24l0 160L40 232c-13.3 0-24 10.7-24 24s10.7 24 24 24l160 0 0 160c0 13.3 10.7 24 24 24s24-10.7 24-24l0-160 160 0c13.3 0 24-10.7 24-24s-10.7-24-24-24l-160 0 0-160z\"\/><\/svg>                        <\/span>\n                        <span x-show=\"expanded == 1\" x-cloak>\n                            <svg class='gc-faq__icon' xmlns=\"http:\/\/www.w3.org\/2000\/svg\" viewBox=\"0 0 448 512\"><!--! Font Awesome Pro 6.6.0 by @fontawesome - https:\/\/fontawesome.com License - https:\/\/fontawesome.com\/license (Commercial License) Copyright 2024 Fonticons, Inc. --><path d=\"M432 256c0 13.3-10.7 24-24 24L40 280c-13.3 0-24-10.7-24-24s10.7-24 24-24l368 0c13.3 0 24 10.7 24 24z\"\/><\/svg>                        <\/span>\n                    <\/h3>\n\n                    <div class=\"gc-faq__answer\" x-show=\"expanded == 1\" x-cloak x-collapse itemscope\n                        itemprop=\"acceptedAnswer\" itemtype=\"https:\/\/schema.org\/Answer\">\n                        <div class=\"gc-faq__answer-text\" itemprop=\"text\">\n                            <p data-start=\"108\" data-end=\"533\">Surf Luxembourg is much more than just a wave! On-site, enjoy a bar and self-service restaurant offering gourmet snacks, refreshing drinks, and a perfect tropical atmosphere to extend your experience after your session. Make yourself comfortable: you can even enjoy a drink while watching surfers ride the wave \u2014 a spectacle in itself!  <\/p>\n<p data-start=\"535\" data-end=\"727\">Immerse yourself in the unique atmosphere of the venue: a large free parking lot, spaces designed for fun and relaxation, and a warm environment where every visit becomes a moment to share.<\/p>\n<p data-start=\"729\" data-end=\"1067\" data-is-last-node=\"\" data-is-only-node=\"\">And to enhance your day, the Van der Valk hotel, located right next door, completes the experience with its refined restaurants, wellness area, massage cabins, and high-end hospitality. It&#8217;s the ideal place to extend your getaway, relax, or transform your surf session into a true premium escape. <\/p>\n                        <\/div>\n                                            <\/div>\n                <\/li>\n                    <\/ul>\n<\/div>\n<\/div>\n<\/section>\n","protected":false},"excerpt":{"rendered":"","protected":false},"author":1,"featured_media":0,"parent":0,"menu_order":0,"comment_status":"closed","ping_status":"closed","template":"","meta":{"_acf_changed":false,"inline_featured_image":false,"footnotes":""},"class_list":["post-1062","page","type-page","status-publish","hentry"],"acf":[],"_links":{"self":[{"href":"https:\/\/surflux.eu\/en\/wp-json\/wp\/v2\/pages\/1062","targetHints":{"allow":["GET"]}}],"collection":[{"href":"https:\/\/surflux.eu\/en\/wp-json\/wp\/v2\/pages"}],"about":[{"href":"https:\/\/surflux.eu\/en\/wp-json\/wp\/v2\/types\/page"}],"author":[{"embeddable":true,"href":"https:\/\/surflux.eu\/en\/wp-json\/wp\/v2\/users\/1"}],"replies":[{"embeddable":true,"href":"https:\/\/surflux.eu\/en\/wp-json\/wp\/v2\/comments?post=1062"}],"version-history":[{"count":1,"href":"https:\/\/surflux.eu\/en\/wp-json\/wp\/v2\/pages\/1062\/revisions"}],"predecessor-version":[{"id":1066,"href":"https:\/\/surflux.eu\/en\/wp-json\/wp\/v2\/pages\/1062\/revisions\/1066"}],"wp:attachment":[{"href":"https:\/\/surflux.eu\/en\/wp-json\/wp\/v2\/media?parent=1062"}],"curies":[{"name":"wp","href":"https:\/\/api.w.org\/{rel}","templated":true}]}}