{"id":938,"date":"2025-08-27T10:57:44","date_gmt":"2025-08-27T08:57:44","guid":{"rendered":"https:\/\/surflux.eu\/information\/"},"modified":"2026-04-14T11:47:57","modified_gmt":"2026-04-14T09:47:57","slug":"information","status":"publish","type":"page","link":"https:\/\/surflux.eu\/de\/information\/","title":{"rendered":"Information"},"content":{"rendered":"<!--\n    Title: Hero\n-->\n\n\n<section class=\"gc-hero gc-hero--standard\">\n    <!--\n    Title: Container\n    Mode: preview\n    SupportsJSX: true\n    Blueprint: false\n-->\n\n\n<div class=\"gc-container  gc-hero__container\">\n    <div class=\"gc-hero__wrapper\">\n                            <div class=\"gc-breadcrumbs gc-hero__breadcrumbs\">\n    <nav aria-label=\"breadcrumbs\" class=\"rank-math-breadcrumb\"><p><span class=\"last\">Home<\/span><\/p><\/nav><\/div>\n                        <h1 class=\"gc-hero__title\">\n                Information\n            <\/h1>\n            <h2 class=\"gc-hero__subtitle h4\">\n                Bei Surf Luxembourg kann man das ganze Jahr \u00fcber surfen, 365 Tage im Jahr.\n            <\/h2>\n            <div class=\"gc-hero__content\">\n                <p>Unsere modulare Indoor-Welle passt sich jedem Niveau an: Egal ob Anf\u00e4nger auf der Suche nach Nervenkitzel oder erfahrener Surfer auf der Suche nach einer Herausforderung, hier findet jeder seinen Spielplatz.<\/p>\n<p> Jede Trainingseinheit ist so konzipiert, dass sie Spa\u00df, Fortschritt und Adrenalin vereint \u2013 ein einzigartiges Abenteuer, das f\u00fcr alle ab 1,30 m und 30 kg geeignet ist.<\/p>\n<p> Die Sitzungen sind auf bis zu 10 Personen begrenzt und finden nicht privat statt.<\/p>\n<p> Um eine private Veranstaltung zu organisieren, f\u00fcllen Sie bitte dieses <strong>Kontaktformular aus.<\/strong><\/p>\n\n            <\/div>\n                            <div class=\"gc-hero__buttons\">\n                                                                                                                        <a href=\"https:\/\/vandervalkluxembourg.dewi-online.nl\/iframe\/club\/830\/reservations\" class=\"gc-button gc-button--no-radius-right\" target=\"_blank\" rel=\"noopener\">\n        \n                    Reservierungen\n            <\/a>\n                                                                                                                                <a href=\"https:\/\/surflux.eu\/preise\/?lang=de\" class=\"gc-button gc-button--border gc-button--no-radius-left\">\n        \n                    Preise\n            <\/a>\n                                            <\/div>\n                    <\/div>\n                    <div class=\"gc-hero__image-wrapper\">\n                <img fetchpriority=\"high\" width=\"940\" height=\"788\" src=\"https:\/\/cdn.surflux.eu\/wp-content\/uploads\/Design-sans-titre-2.svg\" class=\"gc-hero__image\" alt=\"\" loading=\"eager\" decoding=\"sync\" \/>            <\/div>\n<\/div>\n<\/section>\n\n\n<!--\n    Title: Content with visual\n-->\n\n\n<section class=\"gc-cwv gc-cwv--is-reversed gc-cwv--first-column gc-cwv--white\">\n    <!--\n    Title: Container\n    Mode: preview\n    SupportsJSX: true\n    Blueprint: false\n-->\n\n\n<div class=\"gc-container gc-container--has-margin gc-cwv__container\">\n    <div class=\"gc-cwv__first-column gc-cwv__first-column--image\">\n            <figure class=\"gc-cwv__image-wrapper\">\n            <div class=\"gc-cwv__image-inner-wrapper\">\n                <img decoding=\"async\" width=\"1024\" height=\"658\" src=\"https:\/\/cdn.surflux.eu\/wp-content\/uploads\/Surf-Luxembourg-Facebook-janvier-2026-1024x658.png\" class=\"gc-cwv__image\" alt=\"\" data-no-lazy=\"\" srcset=\"https:\/\/cdn.surflux.eu\/wp-content\/uploads\/Surf-Luxembourg-Facebook-janvier-2026-1024x658.png 1024w, https:\/\/cdn.surflux.eu\/wp-content\/uploads\/Surf-Luxembourg-Facebook-janvier-2026-300x193.png 300w, https:\/\/cdn.surflux.eu\/wp-content\/uploads\/Surf-Luxembourg-Facebook-janvier-2026-768x494.png 768w, https:\/\/cdn.surflux.eu\/wp-content\/uploads\/Surf-Luxembourg-Facebook-janvier-2026.png 1400w\" sizes=\"(max-width: 1024px) 100vw, 1024px\" \/>            <\/div>\n        <\/figure>\n            <\/div>\n        <div class=\"gc-cwv__second-column gc-cwv__second-column--content\">\n            <div class=\"gc-heading\">\n    <h2 class=\"gc-heading__title h2\">\n\t\tWAS SOLLTEN WIR PLANEN?\n\t<\/h2>    <\/div>\n    <div class=\"gc-cwv__text\">\n        <p>Es wird keine spezielle Ausr\u00fcstung ben\u00f6tigt: Alles wird vor Ort bereitgestellt, vom Board bis zum Funktionstrikot.<br \/>\n Sie brauchen nur Ihre Badekleidung, ein Handtuch und gute Laune mitzubringen! Komfortable Umkleidekabinen, Duschen und sichere Schlie\u00dff\u00e4cher stehen zur Verf\u00fcgung, und das Wasser hat das ganze Jahr \u00fcber eine angenehme Temperatur f\u00fcr optimalen Komfort zu jeder Jahreszeit. <\/p>\n<p>Sie m\u00fcssen 15 Minuten vor Beginn jeder Sitzung eintreffen!  <\/p>\n\n    <\/div>\n                <\/div>\n<\/div>\n<\/section>\n\n\n<!--\n    Title: Container\n    Mode: preview\n    SupportsJSX: true\n    Blueprint: false\n-->\n\n\n<div class=\"gc-container\">\n    <div class=\"acf-innerblocks-container\"><\/div>\n<\/div>\n\n\n<!--\n    Title: Content with visual\n-->\n\n\n<section class=\"gc-cwv gc-cwv--first-column gc-cwv--white\">\n    <!--\n    Title: Container\n    Mode: preview\n    SupportsJSX: true\n    Blueprint: false\n-->\n\n\n<div class=\"gc-container gc-container--has-margin gc-cwv__container\">\n    <div class=\"gc-cwv__first-column gc-cwv__first-column--image\">\n            <figure class=\"gc-cwv__image-wrapper\">\n            <div class=\"gc-cwv__image-inner-wrapper\">\n                <img decoding=\"async\" width=\"1024\" height=\"658\" src=\"https:\/\/cdn.surflux.eu\/wp-content\/uploads\/Surf-Luxembourg-Facebook-janvier-2026-16-1024x658.png\" class=\"gc-cwv__image\" alt=\"\" data-no-lazy=\"\" srcset=\"https:\/\/cdn.surflux.eu\/wp-content\/uploads\/Surf-Luxembourg-Facebook-janvier-2026-16-1024x658.png 1024w, https:\/\/cdn.surflux.eu\/wp-content\/uploads\/Surf-Luxembourg-Facebook-janvier-2026-16-300x193.png 300w, https:\/\/cdn.surflux.eu\/wp-content\/uploads\/Surf-Luxembourg-Facebook-janvier-2026-16-768x494.png 768w, https:\/\/cdn.surflux.eu\/wp-content\/uploads\/Surf-Luxembourg-Facebook-janvier-2026-16.png 1400w\" sizes=\"(max-width: 1024px) 100vw, 1024px\" \/>            <\/div>\n        <\/figure>\n            <\/div>\n        <div class=\"gc-cwv__second-column gc-cwv__second-column--content\">\n            <div class=\"gc-heading\">\n    <h2 class=\"gc-heading__title h2\">\n\t\tProfessionelle Veranstaltungen?\n\t<\/h2>            <div class=\"gc-heading__subtitle h4\">\n            Surf Luxembourg ist genau das Richtige f\u00fcr dich!\n        <\/div>\n    <\/div>\n    <div class=\"gc-cwv__text\">\n        <p>Neugierig, wie Sie ein einzigartiges Event f\u00fcr Ihr Team oder Ihre Freunde organisieren k\u00f6nnen? Besuchen Sie unsere Seite.<br \/>\n um Ihr ma\u00dfgeschneidertes Erlebnis zu gestalten! <\/p>\n\n    <\/div>\n            <div class=\"gc-cwv__buttons\">\n                            <a href=\"https:\/\/www.hotelluxembourg-arlon.be\/\" class=\"gc-button gc-button--black\" target=\"_blank\" rel=\"noopener\">\n                    Gruppenbuchungen\n        \n            <\/a>\n                            <\/div>\n                <\/div>\n<\/div>\n<\/section>\n\n\n\n<div class=\"wp-block-buttons is-layout-flex wp-block-buttons-is-layout-flex\"><\/div>\n\n\n<!--\n    Title: Content with visual\n-->\n\n\n<section class=\"gc-cwv gc-cwv--is-reversed gc-cwv--image-cover gc-cwv--image-cover-right gc-cwv--Wei\u00df\">\n    <!--\n    Title: Container\n    Mode: preview\n    SupportsJSX: true\n    Blueprint: false\n-->\n\n\n<div class=\"gc-container gc-container--has-margin gc-cwv__container\">\n    <div class=\"gc-cwv__first-column gc-cwv__first-column--image\">\n            <figure class=\"gc-cwv__image-wrapper\">\n            <div class=\"gc-cwv__image-inner-wrapper\">\n                <img decoding=\"async\" width=\"940\" height=\"788\" src=\"https:\/\/cdn.surflux.eu\/wp-content\/uploads\/Facebook_Content-Calendar-SurfLux-4.png\" class=\"gc-cwv__image\" alt=\"\" data-no-lazy=\"\" srcset=\"https:\/\/cdn.surflux.eu\/wp-content\/uploads\/Facebook_Content-Calendar-SurfLux-4.png 940w, https:\/\/cdn.surflux.eu\/wp-content\/uploads\/Facebook_Content-Calendar-SurfLux-4-300x251.png 300w, https:\/\/cdn.surflux.eu\/wp-content\/uploads\/Facebook_Content-Calendar-SurfLux-4-768x644.png 768w\" sizes=\"(max-width: 940px) 100vw, 940px\" \/>            <\/div>\n        <\/figure>\n            <\/div>\n        <div class=\"gc-cwv__second-column gc-cwv__second-column--Inhalt\">\n            <div class=\"gc-heading\">\n    <h2 class=\"gc-heading__title h2\">\n\t\tFINDEN SIE UNS\n\t<\/h2>    <\/div>\n    <div class=\"gc-cwv__text\">\n        <p><strong data-start=\"132\" data-end=\"145\">\ud83d\udccdAdresse:<\/strong> 596 Route de Longwy, 6700 Arlon. Direkt neben Van der Valk Luxembourg.<br \/>\n<strong data-start=\"246\" data-end=\"257\">\ud83d\ude97 Anreise:<\/strong> Kostenlose Parkpl\u00e4tze vor Ort, gut erreichbar von Luxemburg und Belgien.<\/p>\n\n    <\/div>\n                <\/div>\n<\/div>\n<\/section>\n\n\n<!--\n    Title: Content With Icons\n-->\n\n<section class=\"gc-cwi gc-cwi--Wei\u00df gc-cwi--image-on-left\">\n    <!--\n    Title: Container\n    Mode: preview\n    SupportsJSX: true\n    Blueprint: false\n-->\n\n\n<div class=\"gc-container gc-container--has-margin gc-cwi__container\">\n    <ul class=\"gc-cwi__list\">\n                            <li class=\"gc-cwi__item\">\n                    <img decoding=\"async\" width=\"63\" height=\"68\" src=\"https:\/\/cdn.surflux.eu\/wp-content\/uploads\/shield-heart.svg\" class=\"gc-cwi__icon\" alt=\"\" \/>                    <h3 class=\"gc-cwi__title h4\">\n                        SICHERHEIT\n                    <\/h3>\n                    <p>Unsere Kurse werden von zertifizierten Trainern in einer absolut sicheren Umgebung geleitet. Ausr\u00fcstung, Anweisungen und Betreuung sind so gestaltet, dass jeder die Welle unbesorgt genie\u00dfen kann. <\/p>\n\n                <\/li>\n                            <li class=\"gc-cwi__item\">\n                    <img decoding=\"async\" width=\"74\" height=\"58\" src=\"https:\/\/cdn.surflux.eu\/wp-content\/uploads\/hand-holding-hand.svg\" class=\"gc-cwi__icon\" alt=\"\" \/>                    <h3 class=\"gc-cwi__title h4\">\n                        ZUG\u00c4NGLICH\n                    <\/h3>\n                    <p>Ob Anf\u00e4nger, Amateur oder Profi \u2013 bei Surf Luxembourg kann jeder surfen.  <br data-start=\"785\" data-end=\"788\">Ab einer Gr\u00f6\u00dfe von 1,30 m und einem Gewicht von 30 kg kann dank eines modularen Wellenkonzepts und individuell angepasster Trainingseinheiten jeder seinen Rhythmus finden.<\/p>\n\n                <\/li>\n                            <li class=\"gc-cwi__item\">\n                    <img decoding=\"async\" width=\"74\" height=\"59\" src=\"https:\/\/cdn.surflux.eu\/wp-content\/uploads\/sunglasses.svg\" class=\"gc-cwi__icon\" alt=\"\" \/>                    <h3 class=\"gc-cwi__title h4\">\n                        ATMOSPH\u00c4RE &amp; SPASS\n                    <\/h3>\n                    <p>Bei Surf Luxembourg kommt man zum Surfen, aber man kommt wegen der Atmosph\u00e4re wieder! Gute Stimmung, Musik und eine freundliche Atmosph\u00e4re laden zu einem unvergesslichen Erlebnis ein. <\/p>\n\n                <\/li>\n                            <li class=\"gc-cwi__item\">\n                    <img decoding=\"async\" width=\"66\" height=\"62\" src=\"https:\/\/cdn.surflux.eu\/wp-content\/uploads\/leaf.svg\" class=\"gc-cwi__icon\" alt=\"\" \/>                    <h3 class=\"gc-cwi__title h4\">\n                        UMFELD\n                    <\/h3>\n                    <p><span class=\"a_GcMg font-feature-liga-off font-feature-clig-off font-feature-calt-off text-decoration-none text-strikethrough-none\">Unser Zentrum wird zu 100 % mit \u00d6kostrom betrieben, der lokal von Messancy Biom\u00e9tha erzeugt wird.<\/span><\/p>\n\n                <\/li>\n                    <\/ul>\n        <img decoding=\"async\" width=\"768\" height=\"645\" src=\"https:\/\/cdn.surflux.eu\/wp-content\/uploads\/Design-sans-titre.svg\" class=\"gc-cwi__image\" alt=\"\" \/>\n<\/div>\n<\/section>\n","protected":false},"excerpt":{"rendered":"","protected":false},"author":1,"featured_media":0,"parent":0,"menu_order":0,"comment_status":"closed","ping_status":"closed","template":"","meta":{"_acf_changed":false,"inline_featured_image":false,"footnotes":""},"class_list":["post-938","page","type-page","status-publish","hentry"],"acf":[],"_links":{"self":[{"href":"https:\/\/surflux.eu\/de\/wp-json\/wp\/v2\/pages\/938","targetHints":{"allow":["GET"]}}],"collection":[{"href":"https:\/\/surflux.eu\/de\/wp-json\/wp\/v2\/pages"}],"about":[{"href":"https:\/\/surflux.eu\/de\/wp-json\/wp\/v2\/types\/page"}],"author":[{"embeddable":true,"href":"https:\/\/surflux.eu\/de\/wp-json\/wp\/v2\/users\/1"}],"replies":[{"embeddable":true,"href":"https:\/\/surflux.eu\/de\/wp-json\/wp\/v2\/comments?post=938"}],"version-history":[{"count":5,"href":"https:\/\/surflux.eu\/de\/wp-json\/wp\/v2\/pages\/938\/revisions"}],"predecessor-version":[{"id":1853,"href":"https:\/\/surflux.eu\/de\/wp-json\/wp\/v2\/pages\/938\/revisions\/1853"}],"wp:attachment":[{"href":"https:\/\/surflux.eu\/de\/wp-json\/wp\/v2\/media?parent=938"}],"curies":[{"name":"wp","href":"https:\/\/api.w.org\/{rel}","templated":true}]}}