{"id":1608,"date":"2026-02-17T10:22:39","date_gmt":"2026-02-17T09:22:39","guid":{"rendered":"https:\/\/surflux.eu\/tourismus\/"},"modified":"2026-04-14T11:10:49","modified_gmt":"2026-04-14T09:10:49","slug":"tourismus","status":"publish","type":"page","link":"https:\/\/surflux.eu\/de\/tourismus\/","title":{"rendered":"Tourismus"},"content":{"rendered":"<!--\n Title: Intro\n-->\n\n<section class=\"gc-intro\">\n    <!--\n    Title: Container\n    Mode: preview\n    SupportsJSX: true\n    Blueprint: false\n-->\n\n\n<div class=\"gc-container\">\n    <div class=\"gc-breadcrumbs\">\n    <nav aria-label=\"breadcrumbs\" class=\"rank-math-breadcrumb\"><p><span class=\"last\">Home<\/span><\/p><\/nav><\/div>\n        <h1 class=\"gc-intro__title\">\n            Tourismus  \n        <\/h1>\n                    <h2 class=\"gc-intro__subtitle h4\">\n                Finde alle Aktivit\u00e4ten, die in der Region unternommen werden k\u00f6nnen.  \n            <\/h2>\n<\/div>\n<\/section>\n\n\n\n<p class=\"has-text-align-center\">Wir sind stolz darauf, Partner des Arlon Country Tourist Office zu sein.<\/p>\n\n\n\n<p class=\"has-text-align-center\">Diese Partnerschaft erm\u00f6glicht es uns, die touristischen, kulturellen und veranstaltungsbezogenen Attraktionen der Region Arlon und ihrer Umgebung gemeinsam zu bewerben. Durch diese Zusammenarbeit leisten wir einen aktiven Beitrag zur F\u00f6rderung der Region und zur lokalen Wirtschaftsentwicklung. <\/p>\n\n\n\n<p class=\"has-text-align-center\">\ud83d\udc49 Um alle Aktivit\u00e4ten, Veranstaltungen und Sehensw\u00fcrdigkeiten in der Region zu entdecken, laden wir Sie ein, die offizielle Website zu besuchen:<\/p>\n\n\n\n<div class=\"wp-block-buttons is-content-justification-center is-layout-flex wp-container-core-buttons-is-layout-a89b3969 wp-block-buttons-is-layout-flex\">\n<div class=\"wp-block-button is-style-fill\"><a class=\"wp-block-button__link has-text-align-center wp-element-button\" href=\"https:\/\/www.paysdarlon.be\/\" target=\"_blank\" rel=\"noopener\">Fremdenverkehrsamt Arlon County<\/a><\/div>\n<\/div>\n\n\n<!--\n    Title: Content with visual\n-->\n\n\n<section class=\"gc-cwv gc-cwv--is-reversed gc-cwv--first-column gc-cwv--white\">\n    <!--\n    Title: Container\n    Mode: preview\n    SupportsJSX: true\n    Blueprint: false\n-->\n\n\n<div class=\"gc-container gc-container--has-margin gc-cwv__container\">\n    <div class=\"gc-cwv__first-column gc-cwv__first-column--image\">\n            <figure class=\"gc-cwv__image-wrapper\">\n            <div class=\"gc-cwv__image-inner-wrapper\">\n                <img decoding=\"async\" width=\"1024\" height=\"658\" src=\"https:\/\/cdn.surflux.eu\/wp-content\/uploads\/Publications-Facebook-janvier-2026-66-1024x658.png\" class=\"gc-cwv__image\" alt=\"\" data-no-lazy=\"\" srcset=\"https:\/\/cdn.surflux.eu\/wp-content\/uploads\/Publications-Facebook-janvier-2026-66-1024x658.png 1024w, https:\/\/cdn.surflux.eu\/wp-content\/uploads\/Publications-Facebook-janvier-2026-66-300x193.png 300w, https:\/\/cdn.surflux.eu\/wp-content\/uploads\/Publications-Facebook-janvier-2026-66-768x494.png 768w, https:\/\/cdn.surflux.eu\/wp-content\/uploads\/Publications-Facebook-janvier-2026-66.png 1400w\" sizes=\"(max-width: 1024px) 100vw, 1024px\" \/>            <\/div>\n        <\/figure>\n            <\/div>\n        <div class=\"gc-cwv__second-column gc-cwv__second-column--content\">\n            <div class=\"gc-heading\">\n    <h2 class=\"gc-heading__title h2\">\n\t\tDesigner Outlet Messancy\n\t<\/h2>    <\/div>\n    <div class=\"gc-cwv__text\">\n        <div class=\"flex flex-col text-sm pb-25\">\n<section class=\"text-token-text-primary w-full focus:outline-none [--shadow-height:45px] has-data-writing-block:pointer-events-none has-data-writing-block:-mt-(--shadow-height) has-data-writing-block:pt-(--shadow-height) [&amp;:has([data-writing-block])&gt;*]:pointer-events-auto scroll-mt-[calc(var(--header-height)+min(200px,max(70px,20svh)))]\" dir=\"auto\" data-turn-id=\"request-WEB:47ba279c-ee2b-4fe5-857d-c96d59f8e0e0-1\" data-testid=\"conversation-turn-2\" data-scroll-anchor=\"true\" data-turn=\"assistant\">\n<div class=\"text-base my-auto mx-auto pb-10 [--thread-content-margin:var(--thread-content-margin-xs,calc(var(--spacing)*4))] @w-sm\/main:[--thread-content-margin:var(--thread-content-margin-sm,calc(var(--spacing)*6))] @w-lg\/main:[--thread-content-margin:var(--thread-content-margin-lg,calc(var(--spacing)*16))] px-(--thread-content-margin)\">\n<div class=\"[--thread-content-max-width:40rem] @w-lg\/main:[--thread-content-max-width:48rem] mx-auto max-w-(--thread-content-max-width) flex-1 group\/turn-messages focus-visible:outline-hidden relative flex w-full min-w-0 flex-col agent-turn\">\n<div class=\"flex max-w-full flex-col gap-4 grow\">\n<div class=\"min-h-8 text-message relative flex w-full flex-col items-end gap-2 text-start break-words whitespace-normal outline-none keyboard-focused:focus-ring [.text-message+&amp;]:mt-1\" dir=\"auto\" tabindex=\"0\" data-message-author-role=\"assistant\" data-message-id=\"8d18afa5-bb77-4ab8-91af-2fe32f6f007d\" data-message-model-slug=\"gpt-5-3-mini\" data-turn-start-message=\"true\">\n<div class=\"flex w-full flex-col gap-1 empty:hidden\">\n<div class=\"markdown prose dark:prose-invert w-full wrap-break-word light markdown-new-styling\">\n<p data-start=\"45\" data-end=\"644\" data-is-last-node=\"\" data-is-only-node=\"\">Das Designer Outlet Luxembourg in Messancy, nur einen Katzensprung von der luxemburgischen Grenze entfernt, ist ein absolutes Muss f\u00fcr Schn\u00e4ppchenj\u00e4ger. Dieses Outlet-Center vereint zahlreiche internationale Top-Marken mit ganzj\u00e4hrig reduzierten Artikeln. Dank der guten Erreichbarkeit von Luxemburg aus ist es sowohl bei Einheimischen als auch bei Touristen beliebt. Mit Mode, Accessoires und Sonderangeboten ist es der perfekte Zwischenstopp f\u00fcr einen Shoppingtrip oder einen Ausflug in die Region Messancy.   <\/p>\n<\/div>\n<\/div>\n<\/div>\n<\/div>\n<div class=\"z-0 flex min-h-[46px] justify-start\"><\/div>\n<div class=\"mt-3 w-full empty:hidden\">\n<div class=\"text-center\"><\/div>\n<\/div>\n<\/div>\n<\/div>\n<\/section>\n<\/div>\n<div class=\"pointer-events-none h-px w-px absolute bottom-0\" aria-hidden=\"true\" data-edge=\"true\"><\/div>\n\n    <\/div>\n            <div class=\"gc-cwv__buttons\">\n                            <a href=\"https:\/\/funnymountain.be\/\" class=\"gc-button gc-button--black\" target=\"_blank\" rel=\"noopener\">\n                    Lustiger Berg\n        \n            <\/a>\n                            <\/div>\n                <\/div>\n<\/div>\n<\/section>\n\n\n<!--\n    Title: Content with visual\n-->\n\n\n<section class=\"gc-cwv gc-cwv--first-column gc-cwv--white\">\n    <!--\n    Title: Container\n    Mode: preview\n    SupportsJSX: true\n    Blueprint: false\n-->\n\n\n<div class=\"gc-container gc-container--has-margin gc-cwv__container\">\n    <div class=\"gc-cwv__first-column gc-cwv__first-column--image\">\n            <figure class=\"gc-cwv__image-wrapper\">\n            <div class=\"gc-cwv__image-inner-wrapper\">\n                <img decoding=\"async\" width=\"1024\" height=\"1024\" src=\"https:\/\/cdn.surflux.eu\/wp-content\/uploads\/funny-mountain-1024x1024.jpg\" class=\"gc-cwv__image\" alt=\"\" data-no-lazy=\"\" srcset=\"https:\/\/cdn.surflux.eu\/wp-content\/uploads\/funny-mountain-1024x1024.jpg 1024w, https:\/\/cdn.surflux.eu\/wp-content\/uploads\/funny-mountain-300x300.jpg 300w, https:\/\/cdn.surflux.eu\/wp-content\/uploads\/funny-mountain-150x150.jpg 150w, https:\/\/cdn.surflux.eu\/wp-content\/uploads\/funny-mountain-768x768.jpg 768w, https:\/\/cdn.surflux.eu\/wp-content\/uploads\/funny-mountain.jpg 1200w\" sizes=\"(max-width: 1024px) 100vw, 1024px\" \/>            <\/div>\n        <\/figure>\n            <\/div>\n        <div class=\"gc-cwv__second-column gc-cwv__second-column--content\">\n            <div class=\"gc-heading\">\n    <h2 class=\"gc-heading__title h2\">\n\t\tLustiger Berg\n\t<\/h2>    <\/div>\n    <div class=\"gc-cwv__text\">\n        <p>Entdecken Sie Funny Mountain, den Freizeitpark in Arlon, der f\u00fcr Gro\u00df und Klein ein absolutes Muss ist! Mitten im Herzen der Stadt gelegen, bietet dieser Park aufblasbare Spielger\u00e4te, Rutschen, Trampoline und viele weitere Attraktionen f\u00fcr stundenlangen Spielspa\u00df mit Familie und Freunden. Ob Geburtstag, Schulausflug oder einfach ein Tag voller Spa\u00df \u2013 Funny Mountain verspricht Lachen, Energie und Nervenkitzel in einer sicheren und freundlichen Umgebung. Erleben Sie ein unvergessliches Abenteuer, bei dem Spa\u00df und Vergn\u00fcgen garantiert sind!   <\/p>\n\n    <\/div>\n            <div class=\"gc-cwv__buttons\">\n                            <a href=\"https:\/\/funnymountain.be\/\" class=\"gc-button gc-button--black\" target=\"_blank\" rel=\"noopener\">\n                    Lustiger Berg\n        \n            <\/a>\n                            <\/div>\n                <\/div>\n<\/div>\n<\/section>\n\n\n<!--\n    Title: Content with visual\n-->\n\n\n<section class=\"gc-cwv gc-cwv--first-column gc-cwv--second-column gc-cwv--Wei\u00df\">\n    <!--\n    Title: Container\n    Mode: preview\n    SupportsJSX: true\n    Blueprint: false\n-->\n\n\n<div class=\"gc-container gc-container--has-margin gc-cwv__container\">\n    <div class=\"gc-cwv__first-column gc-cwv__first-column--begeistert\">\n                    <\/div>\n        <div class=\"gc-cwv__second-column gc-cwv__second-column--image\">\n            <figure class=\"gc-cwv__image-wrapper\">\n            <div class=\"gc-cwv__image-inner-wrapper\">\n                <img decoding=\"async\" width=\"1024\" height=\"535\" src=\"https:\/\/cdn.surflux.eu\/wp-content\/uploads\/Yb3lExOUOL9CBZk2IwrRQUUvVuxUtn4dmEKYZdPf-1024x535.jpg\" class=\"gc-cwv__image\" alt=\"\" data-no-lazy=\"\" srcset=\"https:\/\/cdn.surflux.eu\/wp-content\/uploads\/Yb3lExOUOL9CBZk2IwrRQUUvVuxUtn4dmEKYZdPf-1024x535.jpg 1024w, https:\/\/cdn.surflux.eu\/wp-content\/uploads\/Yb3lExOUOL9CBZk2IwrRQUUvVuxUtn4dmEKYZdPf-300x157.jpg 300w, https:\/\/cdn.surflux.eu\/wp-content\/uploads\/Yb3lExOUOL9CBZk2IwrRQUUvVuxUtn4dmEKYZdPf-768x401.jpg 768w, https:\/\/cdn.surflux.eu\/wp-content\/uploads\/Yb3lExOUOL9CBZk2IwrRQUUvVuxUtn4dmEKYZdPf.jpg 1200w\" sizes=\"(max-width: 1024px) 100vw, 1024px\" \/>            <\/div>\n        <\/figure>\n            <\/div>\n<\/div>\n<\/section>\n\n\n<!--\n    Title: Content with visual\n-->\n\n\n<section class=\"gc-cwv gc-cwv--first-column gc-cwv--white\">\n    <!--\n    Title: Container\n    Mode: preview\n    SupportsJSX: true\n    Blueprint: false\n-->\n\n\n<div class=\"gc-container gc-container--has-margin gc-cwv__container\">\n    <div class=\"gc-cwv__first-column gc-cwv__first-column--image\">\n            <figure class=\"gc-cwv__image-wrapper\">\n            <div class=\"gc-cwv__image-inner-wrapper\">\n                <img decoding=\"async\" width=\"1024\" height=\"683\" src=\"https:\/\/cdn.surflux.eu\/wp-content\/uploads\/4048-1024x683.webp\" class=\"gc-cwv__image\" alt=\"\" data-no-lazy=\"\" srcset=\"https:\/\/cdn.surflux.eu\/wp-content\/uploads\/4048-1024x683.webp 1024w, https:\/\/cdn.surflux.eu\/wp-content\/uploads\/4048-300x200.webp 300w, https:\/\/cdn.surflux.eu\/wp-content\/uploads\/4048-768x512.webp 768w, https:\/\/cdn.surflux.eu\/wp-content\/uploads\/4048-1536x1024.webp 1536w, https:\/\/cdn.surflux.eu\/wp-content\/uploads\/4048-2048x1365.webp 2048w\" sizes=\"(max-width: 1024px) 100vw, 1024px\" \/>            <\/div>\n        <\/figure>\n            <\/div>\n        <div class=\"gc-cwv__second-column gc-cwv__second-column--content\">\n            <div class=\"gc-heading\">\n    <h2 class=\"gc-heading__title h2\">\n\t\tRaum\n\t<\/h2>    <\/div>\n    <div class=\"gc-cwv__text\">\n        <p>Das Space Arlon in Arlon ist ein modernes Freizeitzentrum, das Spa\u00df und gemeinsame Erlebnisse in den Mittelpunkt stellt. Ob mit Freunden, der Familie oder in der Gruppe \u2013 das Zentrum bietet abwechslungsreiche Aktivit\u00e4ten in einer dynamischen und einladenden Atmosph\u00e4re. Ideal f\u00fcr einen besonderen Abend, eine Geburtstagsfeier oder eine entspannende Auszeit nach einem erlebnisreichen Tag: Das Space Arlon hat sich zu einem beliebten Ausflugsziel in der Region entwickelt.  <\/p>\n\n    <\/div>\n            <div class=\"gc-cwv__buttons\">\n                            <a href=\"https:\/\/space-arlon.be\/\" class=\"gc-button gc-button--black\" target=\"_blank\" rel=\"noopener\">\n                    Raum\n        \n            <\/a>\n                            <\/div>\n                <\/div>\n<\/div>\n<\/section>\n\n\n<!--\n    Title: Content with visual\n-->\n\n\n<section class=\"gc-cwv gc-cwv--second-column gc-cwv--white\">\n    <!--\n    Title: Container\n    Mode: preview\n    SupportsJSX: true\n    Blueprint: false\n-->\n\n\n<div class=\"gc-container gc-container--has-margin gc-cwv__container\">\n    <div class=\"gc-cwv__first-column gc-cwv__first-column--content\">\n            <div class=\"gc-heading\">\n    <h2 class=\"gc-heading__title h2\">\n\t\t\n\t<\/h2>    <\/div>\n    <div class=\"gc-cwv__text\">\n        <p>Der Arlon Golf Club liegt in der N\u00e4he des Zentrums von Arlon und bietet eine gr\u00fcne und ruhige Umgebung \u2013 ideal f\u00fcr Golfbegeisterte und alle, die Entspannung in der Natur suchen. Sein sorgf\u00e4ltig gepflegter Platz spricht sowohl erfahrene Spieler als auch Anf\u00e4nger an, die diesen eleganten und pr\u00e4zisen Sport entdecken m\u00f6chten. Mit seinen modernen Einrichtungen und der freundlichen Atmosph\u00e4re ist der Arlon Golf Club ein absolutes Muss f\u00fcr alle, die Sport, Entspannung und die Erkundung der Region verbinden m\u00f6chten.  <\/p>\n\n    <\/div>\n            <div class=\"gc-cwv__buttons\">\n                            <a href=\"https:\/\/boisdarlon.be\/en\/?msclkid=0376639dd25510e9a6c70a09fe4704d7&amp;utm_source=bing&amp;utm_medium=cpc&amp;utm_campaign=Branding%20Bois%20d%27Arlon%20EN%20-%20Bing&amp;utm_term=hotel%20golf%20bois%20d%20arlon&amp;utm_content=Branding%20Bois%20d%27Arlon\" class=\"gc-button gc-button--black\" target=\"_blank\" rel=\"noopener\">\n                    Arlon Golfplatz  \n        \n            <\/a>\n                            <\/div>\n                <\/div>\n        <div class=\"gc-cwv__second-column gc-cwv__second-column--image\">\n            <figure class=\"gc-cwv__image-wrapper\">\n            <div class=\"gc-cwv__image-inner-wrapper\">\n                <img decoding=\"async\" width=\"392\" height=\"220\" src=\"https:\/\/cdn.surflux.eu\/wp-content\/uploads\/OIP-4.jpg\" class=\"gc-cwv__image\" alt=\"\" data-no-lazy=\"\" srcset=\"https:\/\/cdn.surflux.eu\/wp-content\/uploads\/OIP-4.jpg 392w, https:\/\/cdn.surflux.eu\/wp-content\/uploads\/OIP-4-300x168.jpg 300w\" sizes=\"(max-width: 392px) 100vw, 392px\" \/>            <\/div>\n        <\/figure>\n            <\/div>\n<\/div>\n<\/section>\n\n\n<!--\n    Title: Content with visual\n-->\n\n\n<section class=\"gc-cwv gc-cwv--first-column gc-cwv--white\">\n    <!--\n    Title: Container\n    Mode: preview\n    SupportsJSX: true\n    Blueprint: false\n-->\n\n\n<div class=\"gc-container gc-container--has-margin gc-cwv__container\">\n    <div class=\"gc-cwv__first-column gc-cwv__first-column--image\">\n            <figure class=\"gc-cwv__image-wrapper\">\n            <div class=\"gc-cwv__image-inner-wrapper\">\n                <img decoding=\"async\" width=\"1000\" height=\"800\" src=\"https:\/\/cdn.surflux.eu\/wp-content\/uploads\/yoyo-arlon-indoor-playground.jpg\" class=\"gc-cwv__image\" alt=\"\" data-no-lazy=\"\" srcset=\"https:\/\/cdn.surflux.eu\/wp-content\/uploads\/yoyo-arlon-indoor-playground.jpg 1000w, https:\/\/cdn.surflux.eu\/wp-content\/uploads\/yoyo-arlon-indoor-playground-300x240.jpg 300w, https:\/\/cdn.surflux.eu\/wp-content\/uploads\/yoyo-arlon-indoor-playground-768x614.jpg 768w\" sizes=\"(max-width: 1000px) 100vw, 1000px\" \/>            <\/div>\n        <\/figure>\n            <\/div>\n        <div class=\"gc-cwv__second-column gc-cwv__second-column--content\">\n            <div class=\"gc-heading\">\n    <h2 class=\"gc-heading__title h2\">\n\t\tYoyo Arlon\n\t<\/h2>    <\/div>\n    <div class=\"gc-cwv__text\">\n        <p>Das in Arlon gelegene Yoyo ist ein absolutes Muss f\u00fcr alle, die einen sch\u00f6nen Abend mit Freunden oder der Familie verbringen m\u00f6chten. In lebhafter und einladender Atmosph\u00e4re bietet das Lokal den idealen Rahmen, um Spa\u00df zu haben, Zeit mit Freunden und Familie zu verbringen und einen einzigartigen Ausflug in der Region zu genie\u00dfen. Ob f\u00fcr einen unterhaltsamen Abend, eine besondere Veranstaltung oder einfach nur eine entspannende Auszeit \u2013 das Yoyo bereichert das vielf\u00e4ltige und attraktive Freizeitangebot von Arlon.  <\/p>\n\n    <\/div>\n            <div class=\"gc-cwv__buttons\">\n                            <a href=\"https:\/\/yoyo-arlon.be\/\" class=\"gc-button gc-button--black\" target=\"_blank\" rel=\"noopener\">\n                    Jojo  \n        \n            <\/a>\n                            <\/div>\n                <\/div>\n<\/div>\n<\/section>\n\n\n<!--\n    Title: Content with visual\n-->\n\n\n<section class=\"gc-cwv gc-cwv--second-column gc-cwv--white\">\n    <!--\n    Title: Container\n    Mode: preview\n    SupportsJSX: true\n    Blueprint: false\n-->\n\n\n<div class=\"gc-container gc-container--has-margin gc-cwv__container\">\n    <div class=\"gc-cwv__first-column gc-cwv__first-column--content\">\n            <div class=\"gc-heading\">\n    <h2 class=\"gc-heading__title h2\">\n\t\tLexy Karting\n\t<\/h2>    <\/div>\n    <div class=\"gc-cwv__text\">\n        <p>Nur wenige Minuten von Arlon entfernt bietet die Longwy Kartingbahn den perfekten Ort f\u00fcr Nervenkitzel in absoluter Sicherheit. Auf der anspruchsvollen und dynamischen Strecke k\u00f6nnen Anf\u00e4nger und erfahrene Fahrer gleicherma\u00dfen ihr K\u00f6nnen und ihre Geschwindigkeit in einer freundlichen und gleichzeitig wettbewerbsorientierten Atmosph\u00e4re testen. Ob f\u00fcr einen Ausflug mit Freunden, eine Geburtstagsfeier oder ein Teambuilding-Event \u2013 \u200b\u200bdie Longwy Kartingbahn verspricht Adrenalin, Spa\u00df und eine spannende Herausforderung direkt vor der Haust\u00fcr der Region.  <\/p>\n\n    <\/div>\n            <div class=\"gc-cwv__buttons\">\n                            <a href=\"https:\/\/ntkart.com\/\" class=\"gc-button gc-button--black\" target=\"_blank\" rel=\"noopener\">\n                    Lexy Karting  \n        \n            <\/a>\n                            <\/div>\n                <\/div>\n        <div class=\"gc-cwv__second-column gc-cwv__second-column--image\">\n            <figure class=\"gc-cwv__image-wrapper\">\n            <div class=\"gc-cwv__image-inner-wrapper\">\n                <img decoding=\"async\" width=\"960\" height=\"717\" src=\"https:\/\/cdn.surflux.eu\/wp-content\/uploads\/Kart-track-NT-Kart-Lexy-Lexy-France-1.avif\" class=\"gc-cwv__image\" alt=\"\" data-no-lazy=\"\" \/>            <\/div>\n        <\/figure>\n            <\/div>\n<\/div>\n<\/section>\n\n\n<!--\n    Title: Content with visual\n-->\n\n\n<section class=\"gc-cwv gc-cwv--first-column gc-cwv--white\">\n    <!--\n    Title: Container\n    Mode: preview\n    SupportsJSX: true\n    Blueprint: false\n-->\n\n\n<div class=\"gc-container gc-container--has-margin gc-cwv__container\">\n    <div class=\"gc-cwv__first-column gc-cwv__first-column--image\">\n            <figure class=\"gc-cwv__image-wrapper\">\n            <div class=\"gc-cwv__image-inner-wrapper\">\n                <img decoding=\"async\" width=\"600\" height=\"600\" src=\"https:\/\/cdn.surflux.eu\/wp-content\/uploads\/escape-room-logo-1.jpg\" class=\"gc-cwv__image\" alt=\"\" data-no-lazy=\"\" srcset=\"https:\/\/cdn.surflux.eu\/wp-content\/uploads\/escape-room-logo-1.jpg 600w, https:\/\/cdn.surflux.eu\/wp-content\/uploads\/escape-room-logo-1-300x300.jpg 300w, https:\/\/cdn.surflux.eu\/wp-content\/uploads\/escape-room-logo-1-150x150.jpg 150w\" sizes=\"(max-width: 600px) 100vw, 600px\" \/>            <\/div>\n        <\/figure>\n            <\/div>\n        <div class=\"gc-cwv__second-column gc-cwv__second-column--content\">\n            <div class=\"gc-heading\">\n    <h2 class=\"gc-heading__title h2\">\n\t\tEingesperrt\n\t<\/h2>    <\/div>\n    <div class=\"gc-cwv__text\">\n        <p>Locked Up in Arlon entf\u00fchrt Sie in ein Abenteuer, in dem Logik, Teamwork und Nervenst\u00e4rke gefragt sind. L\u00f6sen Sie mit Familie, Freunden oder Kollegen R\u00e4tsel und l\u00fcften Sie die Geheimnisse einer fesselnden Geschichte, bevor die Zeit abl\u00e4uft. Jede Mission bietet ein einzigartiges Erlebnis, das Spannung, Knobelspa\u00df und Nervenkitzel vereint. Ein absolutes Muss f\u00fcr alle, die in der Region ein intensives und originelles Abenteuer erleben m\u00f6chten.   <\/p>\n\n    <\/div>\n            <div class=\"gc-cwv__buttons\">\n                            <a href=\"https:\/\/www.locked-up.be\/\" class=\"gc-button gc-button--black\" target=\"_blank\" rel=\"noopener\">\n                    Eingesperrt  \n        \n            <\/a>\n                            <\/div>\n                <\/div>\n<\/div>\n<\/section>\n\n\n<!--\n    Title: Content with visual\n-->\n\n\n<section class=\"gc-cwv gc-cwv--second-column gc-cwv--white\">\n    <!--\n    Title: Container\n    Mode: preview\n    SupportsJSX: true\n    Blueprint: false\n-->\n\n\n<div class=\"gc-container gc-container--has-margin gc-cwv__container\">\n    <div class=\"gc-cwv__first-column gc-cwv__first-column--content\">\n            <div class=\"gc-heading\">\n    <h2 class=\"gc-heading__title h2\">\n\t\tKojump\n\t<\/h2>    <\/div>\n    <div class=\"gc-cwv__text\">\n        <p>In Messancy bei Arlon gelegen, ist KOJUMP Arlon-Messancy der perfekte Ort, um neue Energie zu tanken und die Stimmung zu heben. Dieser moderne Trampolinpark bietet verschiedene Sprungbereiche und abwechslungsreiche Aktivit\u00e4ten f\u00fcr Kinder, Jugendliche und Erwachsene. Ob Familienausflug, Geburtstagsparty oder sportliches Treffen mit Freunden \u2013 KOJUMP garantiert Spa\u00df, Herausforderungen und Nervenkitzel in einer sicheren und dynamischen Umgebung.  <\/p>\n\n    <\/div>\n            <div class=\"gc-cwv__buttons\">\n                            <a href=\"https:\/\/kojump.com\/messancy\/\" class=\"gc-button gc-button--black\" target=\"_blank\" rel=\"noopener\">\n                    Kojump\n        \n            <\/a>\n                            <\/div>\n                <\/div>\n        <div class=\"gc-cwv__second-column gc-cwv__second-column--image\">\n            <figure class=\"gc-cwv__image-wrapper\">\n            <div class=\"gc-cwv__image-inner-wrapper\">\n                <img decoding=\"async\" width=\"1024\" height=\"767\" src=\"https:\/\/cdn.surflux.eu\/wp-content\/uploads\/291663494_1027025211317085_7896296040057646316_n-1024x767.jpg\" class=\"gc-cwv__image\" alt=\"\" data-no-lazy=\"\" srcset=\"https:\/\/cdn.surflux.eu\/wp-content\/uploads\/291663494_1027025211317085_7896296040057646316_n-1024x767.jpg 1024w, https:\/\/cdn.surflux.eu\/wp-content\/uploads\/291663494_1027025211317085_7896296040057646316_n-300x225.jpg 300w, https:\/\/cdn.surflux.eu\/wp-content\/uploads\/291663494_1027025211317085_7896296040057646316_n-768x575.jpg 768w, https:\/\/cdn.surflux.eu\/wp-content\/uploads\/291663494_1027025211317085_7896296040057646316_n.jpg 1170w\" sizes=\"(max-width: 1024px) 100vw, 1024px\" \/>            <\/div>\n        <\/figure>\n            <\/div>\n<\/div>\n<\/section>\n\n\n<!--\n    Title: Mask Image\n-->\n\n<section class=\"gc-mask-image gc-mask-image--Kreis\">\n    <!--\n    Title: Container\n    Mode: preview\n    SupportsJSX: true\n    Blueprint: false\n-->\n\n\n<div class=\"gc-container  gc-mask-image__container\">\n    <div class=\"gc-mask-image__left\">\n            <h2 class=\"gc-mask-image__title\"> Besuchen Sie Wallonien  \n<\/h2>\n            <div class=\"gc-mask-image__description\"><p>Wir laden Sie ein, die Visit Wallonia-Seite zu besuchen, um alle Aktivit\u00e4ten in der Umgebung zu entdecken.<\/p>\n<\/div>\n            <a href=\"https:\/\/visitwallonia.com\/\" class=\"gc-button  gc-mask-image__button\" target=\"_blank\" rel=\"noopener\">\n                    Besuchen Sie Wallonien  \n        \n            <\/a>\n                <\/div>\n        <img decoding=\"async\" width=\"440\" height=\"220\" src=\"https:\/\/cdn.surflux.eu\/wp-content\/uploads\/visit.jpg\" class=\"gc-mask-image__image\" alt=\"\" srcset=\"https:\/\/cdn.surflux.eu\/wp-content\/uploads\/visit.jpg 440w, https:\/\/cdn.surflux.eu\/wp-content\/uploads\/visit-300x150.jpg 300w\" sizes=\"(max-width: 440px) 100vw, 440px\" \/>\n<\/div>\n<\/section>\n\n\n\n<p><\/p>\n","protected":false},"excerpt":{"rendered":"<p>Wir sind stolz darauf, Partner des Arlon Country Tourist Office zu sein. Diese Partnerschaft erm\u00f6glicht es uns, die touristischen, kulturellen und veranstaltungsbezogenen Attraktionen der Region Arlon und ihrer Umgebung gemeinsam zu bewerben. Durch diese Zusammenarbeit leisten wir einen aktiven Beitrag zur F\u00f6rderung der Region und zur lokalen Wirtschaftsentwicklung. \ud83d\udc49 Um alle Aktivit\u00e4ten, Veranstaltungen und Sehensw\u00fcrdigkeiten [&hellip;]<\/p>\n","protected":false},"author":2,"featured_media":0,"parent":0,"menu_order":0,"comment_status":"closed","ping_status":"closed","template":"","meta":{"_acf_changed":false,"inline_featured_image":false,"footnotes":""},"class_list":["post-1608","page","type-page","status-publish","hentry"],"acf":[],"_links":{"self":[{"href":"https:\/\/surflux.eu\/de\/wp-json\/wp\/v2\/pages\/1608","targetHints":{"allow":["GET"]}}],"collection":[{"href":"https:\/\/surflux.eu\/de\/wp-json\/wp\/v2\/pages"}],"about":[{"href":"https:\/\/surflux.eu\/de\/wp-json\/wp\/v2\/types\/page"}],"author":[{"embeddable":true,"href":"https:\/\/surflux.eu\/de\/wp-json\/wp\/v2\/users\/2"}],"replies":[{"embeddable":true,"href":"https:\/\/surflux.eu\/de\/wp-json\/wp\/v2\/comments?post=1608"}],"version-history":[{"count":3,"href":"https:\/\/surflux.eu\/de\/wp-json\/wp\/v2\/pages\/1608\/revisions"}],"predecessor-version":[{"id":1841,"href":"https:\/\/surflux.eu\/de\/wp-json\/wp\/v2\/pages\/1608\/revisions\/1841"}],"wp:attachment":[{"href":"https:\/\/surflux.eu\/de\/wp-json\/wp\/v2\/media?parent=1608"}],"curies":[{"name":"wp","href":"https:\/\/api.w.org\/{rel}","templated":true}]}}