{"id":1086,"date":"2026-01-15T14:07:07","date_gmt":"2026-01-15T13:07:07","guid":{"rendered":"https:\/\/surflux.eu\/gruppenpreise\/"},"modified":"2026-04-14T12:39:43","modified_gmt":"2026-04-14T10:39:43","slug":"gruppenpreise","status":"publish","type":"page","link":"https:\/\/surflux.eu\/de\/gruppenpreise\/","title":{"rendered":"Gruppenpreise"},"content":{"rendered":"<!--\n    Title: Hero\n-->\n\n\n<section class=\"gc-hero gc-hero--standard\">\n    <!--\n    Title: Container\n    Mode: preview\n    SupportsJSX: true\n    Blueprint: false\n-->\n\n\n<div class=\"gc-container  gc-hero__container\">\n    <div class=\"gc-hero__wrapper\">\n                            <div class=\"gc-breadcrumbs gc-hero__breadcrumbs\">\n    <nav aria-label=\"breadcrumbs\" class=\"rank-math-breadcrumb\"><p><span class=\"last\">Home<\/span><\/p><\/nav><\/div>\n                        <h1 class=\"gc-hero__title\">\n                Gruppenpreise  \n            <\/h1>\n            <h2 class=\"gc-hero__subtitle h4\">\n                Sie m\u00f6chten eine Firmenveranstaltung organisieren?\n            <\/h2>\n            <div class=\"gc-hero__content\">\n                <p data-start=\"201\" data-end=\"363\">Verbinden Sie Leistung und Vergn\u00fcgen, indem Sie Ihren Teams einen Moment der Entspannung und Dynamik in einem einzigartigen Umfeld bieten, das Kreativit\u00e4t und Zusammenhalt f\u00f6rdert.<\/p>\n<p data-start=\"370\" data-end=\"516\">Ob Seminar, Teambuilding oder Produkteinf\u00fchrung: Surf Luxembourg macht jedes Event zu einem unvergesslichen und mitrei\u00dfenden Erlebnis.<\/p>\n<p data-start=\"523\" data-end=\"623\">Unsere Teams unterst\u00fctzen Sie bei der Gestaltung eines ma\u00dfgeschneiderten, unvergesslichen und verbindenden Events.<\/p>\n\n            <\/div>\n                    <\/div>\n                    <div class=\"gc-hero__image-wrapper\">\n                <img fetchpriority=\"high\" width=\"1024\" height=\"658\" src=\"https:\/\/cdn.surflux.eu\/wp-content\/uploads\/Surf-Luxembourg-Facebook-janvier-2026-28-1024x658.png\" class=\"gc-hero__image\" alt=\"\" loading=\"eager\" decoding=\"sync\" srcset=\"https:\/\/cdn.surflux.eu\/wp-content\/uploads\/Surf-Luxembourg-Facebook-janvier-2026-28-1024x658.png 1024w, https:\/\/cdn.surflux.eu\/wp-content\/uploads\/Surf-Luxembourg-Facebook-janvier-2026-28-300x193.png 300w, https:\/\/cdn.surflux.eu\/wp-content\/uploads\/Surf-Luxembourg-Facebook-janvier-2026-28-768x494.png 768w, https:\/\/cdn.surflux.eu\/wp-content\/uploads\/Surf-Luxembourg-Facebook-janvier-2026-28.png 1400w\" sizes=\"(max-width: 1024px) 100vw, 1024px\" \/>            <\/div>\n<\/div>\n<\/section>\n\n\n<!--\n    Title: Content with visual\n-->\n\n\n<section class=\"gc-cwv gc-cwv--first-column gc-cwv--white\">\n    <!--\n    Title: Container\n    Mode: preview\n    SupportsJSX: true\n    Blueprint: false\n-->\n\n\n<div class=\"gc-container gc-container--has-margin gc-cwv__container\">\n    <div class=\"gc-cwv__first-column gc-cwv__first-column--image\">\n            <figure class=\"gc-cwv__image-wrapper\">\n            <div class=\"gc-cwv__image-inner-wrapper\">\n                <img decoding=\"async\" width=\"940\" height=\"788\" src=\"https:\/\/cdn.surflux.eu\/wp-content\/uploads\/Design-sans-titre-2.svg\" class=\"gc-cwv__image\" alt=\"\" data-no-lazy=\"\" \/>            <\/div>\n        <\/figure>\n            <\/div>\n        <div class=\"gc-cwv__second-column gc-cwv__second-column--content\">\n            <div class=\"gc-heading\">\n    <h2 class=\"gc-heading__title h2\">\n\t\tINDIVIDUELLE PAKETE\n\t<\/h2>            <div class=\"gc-heading__subtitle h4\">\n            Ma\u00dfgeschneiderte Angebote, individuell auf jede Veranstaltung abgestimmt.\n        <\/div>\n    <\/div>\n    <div class=\"gc-cwv__text\">\n        <p>Wir bieten Ihnen individuell zugeschnittene Pakete f\u00fcr jede Art von Veranstaltung, Ihre W\u00fcnsche und Ziele. Dank unserer ger\u00e4umigen und einladenden Lounge und unseres Selbstbedienungsrestaurants k\u00f6nnen Sie Ihr Erlebnis in einem komfortablen und angenehmen Ambiente ausdehnen. Ob Sie sich auf einen Drink treffen, gemeinsam essen oder einfach nur in entspannter Atmosph\u00e4re plaudern m\u00f6chten \u2013 alles ist darauf ausgerichtet, Ihren Besuch zu einem rundum gelungenen, genussvollen und unvergesslichen Erlebnis zu machen, sowohl vor als auch nach Ihrer Surf-Session.  <\/p>\n\n    <\/div>\n            <div class=\"gc-cwv__buttons\">\n                            <a\n        href=\"https:\/\/surflux.eu\/kontakt\/?lang=de\" class=\"gc-button gc-button--black\">\n                    Kontaktieren Sie uns\n        \n            <\/a>\n                            <\/div>\n                <\/div>\n<\/div>\n<\/section>\n\n\n<!--\n    Title: Content with visual\n-->\n\n\n<section class=\"gc-cwv gc-cwv--first-column gc-cwv--second-column gc-cwv--\">\n    <!--\n    Title: Container\n    Mode: preview\n    SupportsJSX: true\n    Blueprint: false\n-->\n\n\n<div class=\"gc-container gc-container--has-margin gc-cwv__container\">\n    <div class=\"gc-cwv__first-column gc-cwv__first-column--begeistert\">\n                    <\/div>\n        <div class=\"gc-cwv__second-column gc-cwv__second-column--Galerie\">\n                    <\/div>\n<\/div>\n<\/section>\n\n\n<!--\n    Title: Content with visual\n-->\n\n\n<section class=\"gc-cwv gc-cwv--is-reversed gc-cwv--image-cover gc-cwv--image-cover-right gc-cwv--white\">\n    <!--\n    Title: Container\n    Mode: preview\n    SupportsJSX: true\n    Blueprint: false\n-->\n\n\n<div class=\"gc-container gc-container--has-margin gc-cwv__container\">\n    <div class=\"gc-cwv__first-column gc-cwv__first-column--image\">\n            <figure class=\"gc-cwv__image-wrapper\">\n            <div class=\"gc-cwv__image-inner-wrapper\">\n                <img decoding=\"async\" width=\"940\" height=\"788\" src=\"https:\/\/cdn.surflux.eu\/wp-content\/uploads\/Facebook_Content-Calendar-SurfLux-4.png\" class=\"gc-cwv__image\" alt=\"\" data-no-lazy=\"\" srcset=\"https:\/\/cdn.surflux.eu\/wp-content\/uploads\/Facebook_Content-Calendar-SurfLux-4.png 940w, https:\/\/cdn.surflux.eu\/wp-content\/uploads\/Facebook_Content-Calendar-SurfLux-4-300x251.png 300w, https:\/\/cdn.surflux.eu\/wp-content\/uploads\/Facebook_Content-Calendar-SurfLux-4-768x644.png 768w\" sizes=\"(max-width: 940px) 100vw, 940px\" \/>            <\/div>\n        <\/figure>\n            <\/div>\n        <div class=\"gc-cwv__second-column gc-cwv__second-column--content\">\n            <div class=\"gc-heading\">\n    <h2 class=\"gc-heading__title h2\">\n\t\tHotel &amp; Einrichtungen\n\t<\/h2>            <div class=\"gc-heading__subtitle h4\">\n            Lass dir Zeit, verbringe etwas Zeit hier.\n        <\/div>\n    <\/div>\n    <div class=\"gc-cwv__text\">\n        <p>Verl\u00e4ngern Sie Ihr Surferlebnis mit einem Aufenthalt im Van der Valk Luxembourg Arlon, das sich direkt nebenan befindet.<\/p>\n<p>Genie\u00dfen Sie erstklassigen Komfort, ein modernes Restaurant und entspannen Sie nach Ihrer Session im Wellnessbereich. Nehmen Sie sich Zeit, \u00fcbernachten Sie hier und machen Sie Ihren Surftag zu einem unvergesslichen Erlebnis! <\/p>\n\n    <\/div>\n            <div class=\"gc-cwv__buttons\">\n                            <a\n        href=\"https:\/\/surflux.eu\/hotel-einrichtungen\/?lang=de\" class=\"gc-button gc-button--black\">\n                    Hotel &amp; Einrichtungen\n        \n            <\/a>\n                            <\/div>\n                <\/div>\n<\/div>\n<\/section>\n\n\n\n<p><\/p>\n","protected":false},"excerpt":{"rendered":"","protected":false},"author":1,"featured_media":0,"parent":0,"menu_order":0,"comment_status":"closed","ping_status":"closed","template":"","meta":{"_acf_changed":false,"inline_featured_image":false,"footnotes":""},"class_list":["post-1086","page","type-page","status-publish","hentry"],"acf":[],"_links":{"self":[{"href":"https:\/\/surflux.eu\/de\/wp-json\/wp\/v2\/pages\/1086","targetHints":{"allow":["GET"]}}],"collection":[{"href":"https:\/\/surflux.eu\/de\/wp-json\/wp\/v2\/pages"}],"about":[{"href":"https:\/\/surflux.eu\/de\/wp-json\/wp\/v2\/types\/page"}],"author":[{"embeddable":true,"href":"https:\/\/surflux.eu\/de\/wp-json\/wp\/v2\/users\/1"}],"replies":[{"embeddable":true,"href":"https:\/\/surflux.eu\/de\/wp-json\/wp\/v2\/comments?post=1086"}],"version-history":[{"count":9,"href":"https:\/\/surflux.eu\/de\/wp-json\/wp\/v2\/pages\/1086\/revisions"}],"predecessor-version":[{"id":1946,"href":"https:\/\/surflux.eu\/de\/wp-json\/wp\/v2\/pages\/1086\/revisions\/1946"}],"wp:attachment":[{"href":"https:\/\/surflux.eu\/de\/wp-json\/wp\/v2\/media?parent=1086"}],"curies":[{"name":"wp","href":"https:\/\/api.w.org\/{rel}","templated":true}]}}