{"id":1056,"date":"2026-01-15T11:42:21","date_gmt":"2026-01-15T10:42:21","guid":{"rendered":"https:\/\/surflux.eu\/haeufig-gestellte-fragen\/"},"modified":"2026-01-30T13:09:49","modified_gmt":"2026-01-30T12:09:49","slug":"haeufig-gestellte-fragen","status":"publish","type":"page","link":"https:\/\/surflux.eu\/de\/haeufig-gestellte-fragen\/","title":{"rendered":"H\u00e4ufig gestellte Fragen"},"content":{"rendered":"<!--\n Title: Intro\n-->\n\n<section class=\"gc-intro\">\n    <!--\n    Title: Container\n    Mode: preview\n    SupportsJSX: true\n    Blueprint: false\n-->\n\n\n<div class=\"gc-container\">\n    <div class=\"gc-breadcrumbs\">\n    <nav aria-label=\"breadcrumbs\" class=\"rank-math-breadcrumb\"><p><span class=\"last\">Home<\/span><\/p><\/nav><\/div>\n        <h1 class=\"gc-intro__title\">\n            PRAKTISCHE INFORMATIONEN\n        <\/h1>\n                    <h2 class=\"gc-intro__subtitle h4\">\n                Alles, was du wissen musst, bevor du mit uns surfst!\n            <\/h2>\n<\/div>\n<\/section>\n<!--\n    Title: FAQ\n-->\n\n<section itemscope=\"itemscope\" itemtype=\"https:\/\/schema.org\/FAQPage\">\n    <div class=\"gc-faq gc-faq--with-image\" x-data=\"{ expanded: null }\">\n    <img decoding=\"async\" width=\"940\" height=\"788\" src=\"https:\/\/cdn.surflux.eu\/wp-content\/uploads\/Design-sans-titre-1.svg\" class=\"gc-faq__image\" alt=\"\" srcset=\" \" \/>    <!--\n    Title: Container\n    Mode: preview\n    SupportsJSX: true\n    Blueprint: false\n-->\n\n\n<div class=\"gc-container gc-container--has-padding gc-faq__container\">\n    <ul class=\"gc-faq__list\">\n                            <li class=\"gc-faq__question-item\" itemscope itemprop=\"mainEntity\" itemtype=\"https:\/\/schema.org\/Question\">\n                    <h3 class=\"gc-faq__question h4\" @click=\"expanded = expanded == 0 ? null : 0\">\n                        <span itemprop=\"name\">Wo befindet sich Surf Luxembourg und wie sind die \u00d6ffnungszeiten?<\/span>\n                        <span x-show=\"expanded != 0\">\n                            <svg class='gc-faq__icon' xmlns=\"http:\/\/www.w3.org\/2000\/svg\" viewBox=\"0 0 448 512\"><!--! Font Awesome Pro 6.6.0 by @fontawesome - https:\/\/fontawesome.com License - https:\/\/fontawesome.com\/license (Commercial License) Copyright 2024 Fonticons, Inc. --><path d=\"M248 72c0-13.3-10.7-24-24-24s-24 10.7-24 24l0 160L40 232c-13.3 0-24 10.7-24 24s10.7 24 24 24l160 0 0 160c0 13.3 10.7 24 24 24s24-10.7 24-24l0-160 160 0c13.3 0 24-10.7 24-24s-10.7-24-24-24l-160 0 0-160z\"\/><\/svg>                        <\/span>\n                        <span x-show=\"expanded == 0\" x-cloak>\n                            <svg class='gc-faq__icon' xmlns=\"http:\/\/www.w3.org\/2000\/svg\" viewBox=\"0 0 448 512\"><!--! Font Awesome Pro 6.6.0 by @fontawesome - https:\/\/fontawesome.com License - https:\/\/fontawesome.com\/license (Commercial License) Copyright 2024 Fonticons, Inc. --><path d=\"M432 256c0 13.3-10.7 24-24 24L40 280c-13.3 0-24-10.7-24-24s10.7-24 24-24l368 0c13.3 0 24 10.7 24 24z\"\/><\/svg>                        <\/span>\n                    <\/h3>\n\n                    <div class=\"gc-faq__answer\" x-show=\"expanded == 0\" x-cloak x-collapse itemscope\n                        itemprop=\"acceptedAnswer\" itemtype=\"https:\/\/schema.org\/Answer\">\n                        <div class=\"gc-faq__answer-text\" itemprop=\"text\">\n                            <p data-start=\"176\" data-end=\"427\">Die Adresse lautet: 596 Route de Longwy, 6700 Arlon, direkt neben Van der Valk Luxembourg.<br data-start=\"285\" data-end=\"288\"> Unser Standort ist von Luxemburg und Belgien aus gut erreichbar, und es stehen ausreichend kostenlose Parkpl\u00e4tze zur Verf\u00fcgung.<\/p>\n<p data-start=\"429\" data-end=\"609\">Wir haben t\u00e4glich von 8 bis 23 Uhr ge\u00f6ffnet.<br data-start=\"480\" data-end=\"483\"> F\u00fcr Gruppen, Unternehmen oder Teambuilding-Veranstaltungen k\u00f6nnen auf Anfrage passende Zeitpl\u00e4ne zusammengestellt werden.<\/p>\n                        <\/div>\n                                            <\/div>\n                <\/li>\n                            <li class=\"gc-faq__question-item\" itemscope itemprop=\"mainEntity\" itemtype=\"https:\/\/schema.org\/Question\">\n                    <h3 class=\"gc-faq__question h4\" @click=\"expanded = expanded == 1 ? null : 1\">\n                        <span itemprop=\"name\">Kann ich surfen, auch wenn ich noch nie zuvor gesurft bin?<\/span>\n                        <span x-show=\"expanded != 1\">\n                            <svg class='gc-faq__icon' xmlns=\"http:\/\/www.w3.org\/2000\/svg\" viewBox=\"0 0 448 512\"><!--! Font Awesome Pro 6.6.0 by @fontawesome - https:\/\/fontawesome.com License - https:\/\/fontawesome.com\/license (Commercial License) Copyright 2024 Fonticons, Inc. --><path d=\"M248 72c0-13.3-10.7-24-24-24s-24 10.7-24 24l0 160L40 232c-13.3 0-24 10.7-24 24s10.7 24 24 24l160 0 0 160c0 13.3 10.7 24 24 24s24-10.7 24-24l0-160 160 0c13.3 0 24-10.7 24-24s-10.7-24-24-24l-160 0 0-160z\"\/><\/svg>                        <\/span>\n                        <span x-show=\"expanded == 1\" x-cloak>\n                            <svg class='gc-faq__icon' xmlns=\"http:\/\/www.w3.org\/2000\/svg\" viewBox=\"0 0 448 512\"><!--! Font Awesome Pro 6.6.0 by @fontawesome - https:\/\/fontawesome.com License - https:\/\/fontawesome.com\/license (Commercial License) Copyright 2024 Fonticons, Inc. --><path d=\"M432 256c0 13.3-10.7 24-24 24L40 280c-13.3 0-24-10.7-24-24s10.7-24 24-24l368 0c13.3 0 24 10.7 24 24z\"\/><\/svg>                        <\/span>\n                    <\/h3>\n\n                    <div class=\"gc-faq__answer\" x-show=\"expanded == 1\" x-cloak x-collapse itemscope\n                        itemprop=\"acceptedAnswer\" itemtype=\"https:\/\/schema.org\/Answer\">\n                        <div class=\"gc-faq__answer-text\" itemprop=\"text\">\n                            Ja. Unsere Kurse sind f\u00fcr alle K\u00f6nnensstufen geeignet, vom Anf\u00e4nger bis zum erfahrenen Surfer. Unsere Surflehrer zeigen Ihnen Schritt f\u00fcr Schritt, wie Sie auf dem Brett stehen und vom ersten Moment an das Gleiten auf dem Brett genie\u00dfen.<br data-start=\"615\" data-end=\"618\"> Alles, was du brauchst, ist Schwimmkenntnisse und Lust auf Spa\u00df!  \n                        <\/div>\n                                            <\/div>\n                <\/li>\n                            <li class=\"gc-faq__question-item\" itemscope itemprop=\"mainEntity\" itemtype=\"https:\/\/schema.org\/Question\">\n                    <h3 class=\"gc-faq__question h4\" @click=\"expanded = expanded == 2 ? null : 2\">\n                        <span itemprop=\"name\">Wie kann ich buchen und wie hoch sind die Preise?<\/span>\n                        <span x-show=\"expanded != 2\">\n                            <svg class='gc-faq__icon' xmlns=\"http:\/\/www.w3.org\/2000\/svg\" viewBox=\"0 0 448 512\"><!--! Font Awesome Pro 6.6.0 by @fontawesome - https:\/\/fontawesome.com License - https:\/\/fontawesome.com\/license (Commercial License) Copyright 2024 Fonticons, Inc. --><path d=\"M248 72c0-13.3-10.7-24-24-24s-24 10.7-24 24l0 160L40 232c-13.3 0-24 10.7-24 24s10.7 24 24 24l160 0 0 160c0 13.3 10.7 24 24 24s24-10.7 24-24l0-160 160 0c13.3 0 24-10.7 24-24s-10.7-24-24-24l-160 0 0-160z\"\/><\/svg>                        <\/span>\n                        <span x-show=\"expanded == 2\" x-cloak>\n                            <svg class='gc-faq__icon' xmlns=\"http:\/\/www.w3.org\/2000\/svg\" viewBox=\"0 0 448 512\"><!--! Font Awesome Pro 6.6.0 by @fontawesome - https:\/\/fontawesome.com License - https:\/\/fontawesome.com\/license (Commercial License) Copyright 2024 Fonticons, Inc. --><path d=\"M432 256c0 13.3-10.7 24-24 24L40 280c-13.3 0-24-10.7-24-24s10.7-24 24-24l368 0c13.3 0 24 10.7 24 24z\"\/><\/svg>                        <\/span>\n                    <\/h3>\n\n                    <div class=\"gc-faq__answer\" x-show=\"expanded == 2\" x-cloak x-collapse itemscope\n                        itemprop=\"acceptedAnswer\" itemtype=\"https:\/\/schema.org\/Answer\">\n                        <div class=\"gc-faq__answer-text\" itemprop=\"text\">\n                            <p data-start=\"139\" data-end=\"359\">Reservierungen k\u00f6nnen online \u00fcber unsere Website oder telefonisch vorgenommen werden.<br data-start=\"213\" data-end=\"216\"> W\u00e4hlen Sie Ihren Zeitrahmen, Ihr Niveau und die Art der Sitzung: Anf\u00e4nger, Fortgeschrittener oder Experte.<\/p>\n<p data-start=\"361\" data-end=\"520\">Es sind Einzel-, Gruppen- oder private Pakete erh\u00e4ltlich \u2013 perfekt f\u00fcr Geburtstage, Teambuilding-Events oder andere besondere Anl\u00e4sse!<\/p>\n<p data-start=\"522\" data-end=\"536\">Preise:<\/p>\n\n<ul data-start=\"537\" data-end=\"628\">\n \t<li data-start=\"537\" data-end=\"574\">\n<p data-start=\"539\" data-end=\"574\">Anf\u00e4ngerkurs (ab 1,50 m): 55 \u20ac \/ Kurs (45 Min.)<\/p>\n<\/li>\n \t<li data-start=\"537\" data-end=\"574\">Sitzung f\u00fcr Fortgeschrittene oder Experten: 50 \u20ac \/ Sitzung (45 Min.)<\/li>\n<\/ul>\n                        <\/div>\n                                            <\/div>\n                <\/li>\n                    <\/ul>\n<\/div>\n<\/div>\n                    <div class=\"gc-faq gc-faq--with-image gc-faq--reverse\" x-data=\"{ expanded: null }\">\n    <img decoding=\"async\" width=\"940\" height=\"788\" src=\"https:\/\/cdn.surflux.eu\/wp-content\/uploads\/Design-sans-titre.svg\" class=\"gc-faq__image\" alt=\"\" srcset=\" \" \/>    <!--\n    Title: Container\n    Mode: preview\n    SupportsJSX: true\n    Blueprint: false\n-->\n\n\n<div class=\"gc-container gc-container--has-padding gc-faq__container\">\n    <ul class=\"gc-faq__list\">\n                            <li class=\"gc-faq__question-item\" itemscope itemprop=\"mainEntity\" itemtype=\"https:\/\/schema.org\/Question\">\n                    <h3 class=\"gc-faq__question h4\" @click=\"expanded = expanded == 0 ? null : 0\">\n                        <span itemprop=\"name\">Was muss ich zum Surfen mitnehmen?<\/span>\n                        <span x-show=\"expanded != 0\">\n                            <svg class='gc-faq__icon' xmlns=\"http:\/\/www.w3.org\/2000\/svg\" viewBox=\"0 0 448 512\"><!--! Font Awesome Pro 6.6.0 by @fontawesome - https:\/\/fontawesome.com License - https:\/\/fontawesome.com\/license (Commercial License) Copyright 2024 Fonticons, Inc. --><path d=\"M248 72c0-13.3-10.7-24-24-24s-24 10.7-24 24l0 160L40 232c-13.3 0-24 10.7-24 24s10.7 24 24 24l160 0 0 160c0 13.3 10.7 24 24 24s24-10.7 24-24l0-160 160 0c13.3 0 24-10.7 24-24s-10.7-24-24-24l-160 0 0-160z\"\/><\/svg>                        <\/span>\n                        <span x-show=\"expanded == 0\" x-cloak>\n                            <svg class='gc-faq__icon' xmlns=\"http:\/\/www.w3.org\/2000\/svg\" viewBox=\"0 0 448 512\"><!--! Font Awesome Pro 6.6.0 by @fontawesome - https:\/\/fontawesome.com License - https:\/\/fontawesome.com\/license (Commercial License) Copyright 2024 Fonticons, Inc. --><path d=\"M432 256c0 13.3-10.7 24-24 24L40 280c-13.3 0-24-10.7-24-24s10.7-24 24-24l368 0c13.3 0 24 10.7 24 24z\"\/><\/svg>                        <\/span>\n                    <\/h3>\n\n                    <div class=\"gc-faq__answer\" x-show=\"expanded == 0\" x-cloak x-collapse itemscope\n                        itemprop=\"acceptedAnswer\" itemtype=\"https:\/\/schema.org\/Answer\">\n                        <div class=\"gc-faq__answer-text\" itemprop=\"text\">\n                            Es wird keine Ausr\u00fcstung ben\u00f6tigt: Alles wird gestellt (Board und Funktionsshirt).<br data-start=\"1312\" data-end=\"1315\">Bringen Sie einfach Ihre Badekleidung, ein Handtuch und gute Laune mit!<br data-start=\"1381\" data-end=\"1384\">Umkleidekabinen, Duschen und Schlie\u00dff\u00e4cher sind vorhanden, und das Wasser hat das ganze Jahr \u00fcber eine angenehme Temperatur (etwa 30 \u00b0C).\n\nSie m\u00fcssen 15 Minuten vor Beginn der Veranstaltung eintreffen.\n                        <\/div>\n                                            <\/div>\n                <\/li>\n                            <li class=\"gc-faq__question-item\" itemscope itemprop=\"mainEntity\" itemtype=\"https:\/\/schema.org\/Question\">\n                    <h3 class=\"gc-faq__question h4\" @click=\"expanded = expanded == 1 ? null : 1\">\n                        <span itemprop=\"name\">Was kann man dort finden?<\/span>\n                        <span x-show=\"expanded != 1\">\n                            <svg class='gc-faq__icon' xmlns=\"http:\/\/www.w3.org\/2000\/svg\" viewBox=\"0 0 448 512\"><!--! Font Awesome Pro 6.6.0 by @fontawesome - https:\/\/fontawesome.com License - https:\/\/fontawesome.com\/license (Commercial License) Copyright 2024 Fonticons, Inc. --><path d=\"M248 72c0-13.3-10.7-24-24-24s-24 10.7-24 24l0 160L40 232c-13.3 0-24 10.7-24 24s10.7 24 24 24l160 0 0 160c0 13.3 10.7 24 24 24s24-10.7 24-24l0-160 160 0c13.3 0 24-10.7 24-24s-10.7-24-24-24l-160 0 0-160z\"\/><\/svg>                        <\/span>\n                        <span x-show=\"expanded == 1\" x-cloak>\n                            <svg class='gc-faq__icon' xmlns=\"http:\/\/www.w3.org\/2000\/svg\" viewBox=\"0 0 448 512\"><!--! Font Awesome Pro 6.6.0 by @fontawesome - https:\/\/fontawesome.com License - https:\/\/fontawesome.com\/license (Commercial License) Copyright 2024 Fonticons, Inc. --><path d=\"M432 256c0 13.3-10.7 24-24 24L40 280c-13.3 0-24-10.7-24-24s10.7-24 24-24l368 0c13.3 0 24 10.7 24 24z\"\/><\/svg>                        <\/span>\n                    <\/h3>\n\n                    <div class=\"gc-faq__answer\" x-show=\"expanded == 1\" x-cloak x-collapse itemscope\n                        itemprop=\"acceptedAnswer\" itemtype=\"https:\/\/schema.org\/Answer\">\n                        <div class=\"gc-faq__answer-text\" itemprop=\"text\">\n                            <p data-start=\"108\" data-end=\"533\">Surf Luxembourg ist so viel mehr als nur eine Welle! Vor Ort erwarten dich eine Bar und ein Selbstbedienungsrestaurant mit leckeren Snacks, erfrischenden Getr\u00e4nken und tropischem Ambiente \u2013 perfekt, um dein Surferlebnis nach der Session ausklingen zu lassen. Mach es dir gem\u00fctlich: Genie\u00dfe einen Drink, w\u00e4hrend du den Surfern beim Wellenreiten zusiehst \u2013 ein wirklich spektakul\u00e4res Erlebnis!  <\/p>\n<p data-start=\"535\" data-end=\"727\">Tauchen Sie ein in die einzigartige Atmosph\u00e4re dieses Ortes: ein gro\u00dfer kostenloser Parkplatz, Bereiche, die zum Vergn\u00fcgen und zur Entspannung einladen, und eine herzliche Umgebung, in der jeder Besuch zu einem gemeinsamen Erlebnis wird.<\/p>\n<p data-start=\"729\" data-end=\"1067\" data-is-last-node=\"\" data-is-only-node=\"\">Und um Ihren Tag zu einem unvergesslichen Erlebnis zu machen, rundet das direkt nebenan gelegene Van der Valk Hotel das Angebot mit seinen eleganten Restaurants, dem Wellnessbereich, den Massagekabinen und dem erstklassigen Service ab. Der ideale Ort, um Ihren Urlaub zu verl\u00e4ngern, zu entspannen oder Ihre Surfsession in ein luxuri\u00f6ses Erlebnis zu verwandeln. <\/p>\n                        <\/div>\n                                            <\/div>\n                <\/li>\n                    <\/ul>\n<\/div>\n<\/div>\n<\/section>\n","protected":false},"excerpt":{"rendered":"","protected":false},"author":1,"featured_media":0,"parent":0,"menu_order":0,"comment_status":"closed","ping_status":"closed","template":"","meta":{"_acf_changed":false,"inline_featured_image":false,"footnotes":""},"class_list":["post-1056","page","type-page","status-publish","hentry"],"acf":[],"_links":{"self":[{"href":"https:\/\/surflux.eu\/de\/wp-json\/wp\/v2\/pages\/1056","targetHints":{"allow":["GET"]}}],"collection":[{"href":"https:\/\/surflux.eu\/de\/wp-json\/wp\/v2\/pages"}],"about":[{"href":"https:\/\/surflux.eu\/de\/wp-json\/wp\/v2\/types\/page"}],"author":[{"embeddable":true,"href":"https:\/\/surflux.eu\/de\/wp-json\/wp\/v2\/users\/1"}],"replies":[{"embeddable":true,"href":"https:\/\/surflux.eu\/de\/wp-json\/wp\/v2\/comments?post=1056"}],"version-history":[{"count":1,"href":"https:\/\/surflux.eu\/de\/wp-json\/wp\/v2\/pages\/1056\/revisions"}],"predecessor-version":[{"id":1060,"href":"https:\/\/surflux.eu\/de\/wp-json\/wp\/v2\/pages\/1056\/revisions\/1060"}],"wp:attachment":[{"href":"https:\/\/surflux.eu\/de\/wp-json\/wp\/v2\/media?parent=1056"}],"curies":[{"name":"wp","href":"https:\/\/api.w.org\/{rel}","templated":true}]}}