{"id":1052,"date":"2026-01-06T13:28:28","date_gmt":"2026-01-06T12:28:28","guid":{"rendered":"https:\/\/surflux.eu\/geschenkgutscheine\/"},"modified":"2026-04-16T12:17:40","modified_gmt":"2026-04-16T10:17:40","slug":"geschenkgutscheine","status":"publish","type":"page","link":"https:\/\/surflux.eu\/de\/geschenkgutscheine\/","title":{"rendered":"Geschenkgutscheine"},"content":{"rendered":"<!--\n    Title: Hero\n-->\n\n\n<section class=\"gc-hero gc-hero--standard\">\n    <!--\n    Title: Container\n    Mode: preview\n    SupportsJSX: true\n    Blueprint: false\n-->\n\n\n<div class=\"gc-container  gc-hero__container\">\n    <div class=\"gc-hero__wrapper\">\n                            <div class=\"gc-breadcrumbs gc-hero__breadcrumbs\">\n    <nav aria-label=\"breadcrumbs\" class=\"rank-math-breadcrumb\"><p><span class=\"last\">Home<\/span><\/p><\/nav><\/div>\n                        <h1 class=\"gc-hero__title\">\n                Unsere Geschenkkarte\n            <\/h1>\n            <h2 class=\"gc-hero__subtitle h4\">\n                Winken Sie Ihren Liebsten mit dem perfekten Winken zu.\n            <\/h2>\n            <div class=\"gc-hero__content\">\n                <p data-start=\"200\" data-end=\"262\">Schenken Sie mehr als nur ein Geschenk: Verschenken Sie ein Erlebnis!<\/p>\n<p data-start=\"264\" data-end=\"433\">Sie suchen eine originelle Idee?<\/p>\n<p data-start=\"264\" data-end=\"433\">Mit diesem Geschenkgutschein verschenken Sie Nervenkitzel, Spa\u00df und unvergessliche Erinnerungen in einem einzigartigen Ambiente in Arlon.<\/p>\n\n            <\/div>\n                            <div class=\"gc-hero__buttons\">\n                                                                                                                        <a href=\"https:\/\/vandervalkluxembourg.dewi-online.nl\/iframe\/club\/830\/tickets?cart=23f23fb0-7932-47ac-8780-1b6205f73301\" class=\"gc-button gc-button--no-radius-right\" target=\"_blank\" rel=\"noopener\">\n        \n                    Kaufen Sie eine Geschenkkarte\n            <\/a>\n                                            <\/div>\n                    <\/div>\n                    <div class=\"gc-hero__image-wrapper\">\n                <img fetchpriority=\"high\" width=\"1000\" height=\"1000\" src=\"https:\/\/cdn.surflux.eu\/wp-content\/uploads\/Sans-titre-1000-x-1000-px-3.png\" class=\"gc-hero__image\" alt=\"\" loading=\"eager\" decoding=\"sync\" srcset=\"https:\/\/cdn.surflux.eu\/wp-content\/uploads\/Sans-titre-1000-x-1000-px-3.png 1000w, https:\/\/cdn.surflux.eu\/wp-content\/uploads\/Sans-titre-1000-x-1000-px-3-300x300.png 300w, https:\/\/cdn.surflux.eu\/wp-content\/uploads\/Sans-titre-1000-x-1000-px-3-150x150.png 150w, https:\/\/cdn.surflux.eu\/wp-content\/uploads\/Sans-titre-1000-x-1000-px-3-768x768.png 768w\" sizes=\"(max-width: 1000px) 100vw, 1000px\" \/>            <\/div>\n<\/div>\n<\/section>\n\n\n<!--\n    Title: Content with visual\n-->\n\n\n<section class=\"gc-cwv gc-cwv--first-column gc-cwv--white\">\n    <!--\n    Title: Container\n    Mode: preview\n    SupportsJSX: true\n    Blueprint: false\n-->\n\n\n<div class=\"gc-container gc-container--has-margin gc-cwv__container\">\n    <div class=\"gc-cwv__first-column gc-cwv__first-column--image\">\n            <figure class=\"gc-cwv__image-wrapper\">\n            <div class=\"gc-cwv__image-inner-wrapper\">\n                <img decoding=\"async\" width=\"940\" height=\"788\" src=\"https:\/\/cdn.surflux.eu\/wp-content\/uploads\/Design-sans-titre.svg\" class=\"gc-cwv__image\" alt=\"\" data-no-lazy=\"\" \/>            <\/div>\n        <\/figure>\n            <\/div>\n        <div class=\"gc-cwv__second-column gc-cwv__second-column--content\">\n            <div class=\"gc-heading\">\n    <h2 class=\"gc-heading__title h2\">\n\t\tEin originelles Geschenk\n\t<\/h2>    <\/div>\n    <div class=\"gc-cwv__text\">\n        <p>Mit einem Geschenkgutschein von Surf Luxembourg verschenken Sie ein Erlebnis, das wirklich heraussticht: Indoor-Surfen das ganze Jahr \u00fcber, ab 1,30 m, f\u00fcr alle K\u00f6nnensstufen geeignet.<\/p>\n<p> Sie w\u00e4hlen den Betrag oder ein fertiges Geschenkpaket, und der Beschenkte kann es jederzeit nutzen, mit einer G\u00fcltigkeit von 2 Jahren.<\/p>\n<p> Ein einfaches, wirkungsvolles Geschenk, das eine bleibende Erinnerung hinterl\u00e4sst.<\/p>\n\n    <\/div>\n                <\/div>\n<\/div>\n<\/section>\n\n\n<!--\n    Title: Content With Icons\n-->\n\n<section class=\"gc-cwi gc-cwi--Wei\u00df gc-cwi--image-on-left\">\n    <!--\n    Title: Container\n    Mode: preview\n    SupportsJSX: true\n    Blueprint: false\n-->\n\n\n<div class=\"gc-container gc-container--has-margin gc-cwi__container\">\n    <ul class=\"gc-cwi__list\">\n                            <li class=\"gc-cwi__item\">\n                    <img decoding=\"async\" width=\"63\" height=\"68\" src=\"https:\/\/cdn.surflux.eu\/wp-content\/uploads\/shield-heart.svg\" class=\"gc-cwi__icon\" alt=\"\" \/>                    <h3 class=\"gc-cwi__title h4\">\n                        SICHERHEIT\n                    <\/h3>\n                    <p>Unsere Kurse werden von zertifizierten Trainern in einer absolut sicheren Umgebung geleitet. Ausr\u00fcstung, Anweisungen und Betreuung sind so gestaltet, dass jeder die Welle unbesorgt genie\u00dfen kann. <\/p>\n\n                <\/li>\n                            <li class=\"gc-cwi__item\">\n                    <img decoding=\"async\" width=\"74\" height=\"58\" src=\"https:\/\/cdn.surflux.eu\/wp-content\/uploads\/hand-holding-hand.svg\" class=\"gc-cwi__icon\" alt=\"\" \/>                    <h3 class=\"gc-cwi__title h4\">\n                        ZUG\u00c4NGLICH\n                    <\/h3>\n                    <p>Ob Anf\u00e4nger, Amateur oder Profi \u2013 bei Surf Luxembourg kann jeder surfen.  <br data-start=\"785\" data-end=\"788\">Ab einer Gr\u00f6\u00dfe von 1,30 m und einem Gewicht von 30 kg kann dank eines modularen Wellenkonzepts und individuell angepasster Trainingseinheiten jeder seinen Rhythmus finden.<\/p>\n\n                <\/li>\n                            <li class=\"gc-cwi__item\">\n                    <img decoding=\"async\" width=\"74\" height=\"59\" src=\"https:\/\/cdn.surflux.eu\/wp-content\/uploads\/sunglasses.svg\" class=\"gc-cwi__icon\" alt=\"\" \/>                    <h3 class=\"gc-cwi__title h4\">\n                        ATMOSPH\u00c4RE &amp; SPASS\n                    <\/h3>\n                    <p>Bei Surf Luxembourg kommt man zum Surfen, aber man kommt wegen der Atmosph\u00e4re wieder! Gute Stimmung, Musik und eine freundliche Atmosph\u00e4re laden zu einem unvergesslichen Erlebnis ein. <\/p>\n\n                <\/li>\n                            <li class=\"gc-cwi__item\">\n                    <img decoding=\"async\" width=\"66\" height=\"62\" src=\"https:\/\/cdn.surflux.eu\/wp-content\/uploads\/leaf.svg\" class=\"gc-cwi__icon\" alt=\"\" \/>                    <h3 class=\"gc-cwi__title h4\">\n                        UMFELD\n                    <\/h3>\n                    <p><span class=\"a_GcMg font-feature-liga-off font-feature-clig-off font-feature-calt-off text-decoration-none text-strikethrough-none\">Unser Zentrum wird zu 100 % mit \u00d6kostrom betrieben, der lokal von Messancy Biom\u00e9tha erzeugt wird.<\/span><\/p>\n\n                <\/li>\n                    <\/ul>\n        <img decoding=\"async\" width=\"768\" height=\"768\" src=\"https:\/\/cdn.surflux.eu\/wp-content\/uploads\/Sans-titre-1000-x-1000-px-1-768x768.png\" class=\"gc-cwi__image\" alt=\"\" srcset=\"https:\/\/cdn.surflux.eu\/wp-content\/uploads\/Sans-titre-1000-x-1000-px-1-768x768.png 768w, https:\/\/cdn.surflux.eu\/wp-content\/uploads\/Sans-titre-1000-x-1000-px-1-300x300.png 300w, https:\/\/cdn.surflux.eu\/wp-content\/uploads\/Sans-titre-1000-x-1000-px-1-150x150.png 150w, https:\/\/cdn.surflux.eu\/wp-content\/uploads\/Sans-titre-1000-x-1000-px-1.png 1000w\" sizes=\"(max-width: 768px) 100vw, 768px\" \/>\n<\/div>\n<\/section>\n\n\n<!--\n    Title: Mask Image\n-->\n\n<section class=\"gc-mask-image gc-mask-image--Barren\">\n    <!--\n    Title: Container\n    Mode: preview\n    SupportsJSX: true\n    Blueprint: false\n-->\n\n\n<div class=\"gc-container  gc-mask-image__container\">\n    <div class=\"gc-mask-image__left\">\n            <h2 class=\"gc-mask-image__title\"> Mach mit beim Abenteuer!\n<\/h2>\n            <div class=\"gc-mask-image__description\"><p data-start=\"0\" data-end=\"63\">Haben Sie Interesse, Partner oder Sponsor von Surf Luxembourg zu werden?<\/p>\n<p data-start=\"65\" data-end=\"227\">Verbinden Sie Ihre Marke mit einem einzigartigen Projekt in der Region: einem innovativen, sportlichen Lifestyle-Treffpunkt, der das ganze Jahr \u00fcber von einer lokalen und internationalen Gemeinschaft belebt wird.<\/p>\n<p data-start=\"229\" data-end=\"431\">Haben Sie eine Kooperationsidee oder einen Sponsoringvorschlag? Kontaktieren Sie uns, um eine passende Partnerschaft zu besprechen und gemeinsam aufzubauen! <\/p>\n<\/div>\n            <a href=\"https:\/\/surflux.eu\/de\/kontakt\/\" class=\"gc-button  gc-mask-image__button\">\n                    Kontaktieren Sie uns\n        \n            <\/a>\n                <\/div>\n        <img decoding=\"async\" width=\"500\" height=\"500\" src=\"https:\/\/cdn.surflux.eu\/wp-content\/uploads\/Design-sans-titre-12.png\" class=\"gc-mask-image__image\" alt=\"\" srcset=\"https:\/\/cdn.surflux.eu\/wp-content\/uploads\/Design-sans-titre-12.png 500w, https:\/\/cdn.surflux.eu\/wp-content\/uploads\/Design-sans-titre-12-300x300.png 300w, https:\/\/cdn.surflux.eu\/wp-content\/uploads\/Design-sans-titre-12-150x150.png 150w\" sizes=\"(max-width: 500px) 100vw, 500px\" \/>\n<\/div>\n<\/section>\n","protected":false},"excerpt":{"rendered":"","protected":false},"author":1,"featured_media":0,"parent":0,"menu_order":0,"comment_status":"closed","ping_status":"closed","template":"","meta":{"_acf_changed":false,"inline_featured_image":false,"footnotes":""},"class_list":["post-1052","page","type-page","status-publish","hentry"],"acf":[],"_links":{"self":[{"href":"https:\/\/surflux.eu\/de\/wp-json\/wp\/v2\/pages\/1052","targetHints":{"allow":["GET"]}}],"collection":[{"href":"https:\/\/surflux.eu\/de\/wp-json\/wp\/v2\/pages"}],"about":[{"href":"https:\/\/surflux.eu\/de\/wp-json\/wp\/v2\/types\/page"}],"author":[{"embeddable":true,"href":"https:\/\/surflux.eu\/de\/wp-json\/wp\/v2\/users\/1"}],"replies":[{"embeddable":true,"href":"https:\/\/surflux.eu\/de\/wp-json\/wp\/v2\/comments?post=1052"}],"version-history":[{"count":5,"href":"https:\/\/surflux.eu\/de\/wp-json\/wp\/v2\/pages\/1052\/revisions"}],"predecessor-version":[{"id":1953,"href":"https:\/\/surflux.eu\/de\/wp-json\/wp\/v2\/pages\/1052\/revisions\/1953"}],"wp:attachment":[{"href":"https:\/\/surflux.eu\/de\/wp-json\/wp\/v2\/media?parent=1052"}],"curies":[{"name":"wp","href":"https:\/\/api.w.org\/{rel}","templated":true}]}}